{"id":56499,"date":"2025-10-10T13:18:12","date_gmt":"2025-10-10T13:18:12","guid":{"rendered":"https:\/\/senabel.com\/?post_type=product&#038;p=56499"},"modified":"2026-01-01T19:36:56","modified_gmt":"2026-01-01T19:36:56","slug":"ben-al-shami-extra-kaffe-med-gron-kardemumma","status":"publish","type":"product","link":"https:\/\/senabel.com\/sv\/product\/ben-al-shami-extra-coffee-with-green-cardamom\/","title":{"rendered":"Al Shami Extra Kaffe med Gr\u00f6n Kardemumma - 450g"},"content":{"rendered":"<p data-start=\"39\" data-end=\"219\">Njut av det arabiska kaffets \u00e4kthet med <strong data-start=\"71\" data-end=\"91\">Fancy Shami Kaffe<\/strong>Den \u00e4r gjord av det finaste Arabica-kaffet blandat med f\u00e4rsk gr\u00f6n kardemumma och ger en rik smak som uttrycker det autentiska Shami-arvet sedan 1924.<\/p>\n<p data-start=\"221\" data-end=\"235\"><strong data-start=\"221\" data-end=\"233\">Funktioner<\/strong><\/p>\n<ul data-start=\"236\" data-end=\"386\">\n<li data-start=\"236\" data-end=\"266\">\n<p data-start=\"238\" data-end=\"266\">Shamiya-mix med unik smak<\/p>\n<\/li>\n<li data-start=\"267\" data-end=\"307\">\n<p data-start=\"269\" data-end=\"307\">Inneh\u00e5ller en h\u00f6g andel naturlig gr\u00f6n kardemumma<\/p>\n<\/li>\n<li data-start=\"308\" data-end=\"342\">\n<p data-start=\"310\" data-end=\"342\">Nymalet kaffe med en lyxig arom<\/p>\n<\/li>\n<li data-start=\"343\" data-end=\"386\">\n<p data-start=\"345\" data-end=\"386\">Perfekt f\u00f6r arabiskt eller turkiskt kaffe<\/p>\n<\/li>\n<\/ul>\n<p data-start=\"388\" data-end=\"407\"><strong data-start=\"388\" data-end=\"405\">Produktinformation<\/strong><\/p>\n<ul data-start=\"408\" data-end=\"547\">\n<li data-start=\"408\" data-end=\"429\">\n<p data-start=\"410\" data-end=\"429\">Vikt: Beroende p\u00e5 f\u00f6rpackningen<\/p>\n<\/li>\n<li data-start=\"430\" data-end=\"473\">\n<p data-start=\"432\" data-end=\"473\">Ingredienser: Malt arabiskt kaffe, naturlig gr\u00f6n kardemumma<\/p>\n<\/li>\n<li data-start=\"474\" data-end=\"517\">\n<p data-start=\"476\" data-end=\"517\">Ursprung: Bin Al Shami Company - grundat 1924<\/p>\n<\/li>\n<li data-start=\"518\" data-end=\"547\">\n<p data-start=\"520\" data-end=\"547\">Typ: Extra kardemummakaffe<\/p>\n<\/li>\n<\/ul>\n<p data-start=\"549\" data-end=\"571\"><strong data-start=\"549\" data-end=\"569\">F\u00f6rvaring och sk\u00f6tsel<\/strong><\/p>\n<ul data-start=\"572\" data-end=\"663\" data-is-last-node=\"\" data-is-only-node=\"\">\n<li data-start=\"572\" data-end=\"617\">\n<p data-start=\"574\" data-end=\"617\">F\u00f6rvaras svalt, torrt och skyddat fr\u00e5n fukt<\/p>\n<\/li>\n<li data-start=\"618\" data-end=\"663\" data-is-last-node=\"\">\n<p data-start=\"620\" data-end=\"663\" data-is-last-node=\"\">F\u00f6rslut v\u00e4l efter anv\u00e4ndning f\u00f6r att bevara smaken<\/p>\n<\/li>\n<\/ul>","protected":false},"excerpt":{"rendered":"<p>Njut av det arabiska kaffets \u00e4kthet med v\u00e5rt premium Shami-kaffe, gjort p\u00e5 det finaste Arabica-kaffet blandat med f\u00e4rsk gr\u00f6n kardemumma f\u00f6r en smakrik upplevelse.<\/p>","protected":false},"featured_media":56500,"template":"","meta":[],"product_brand":[],"product_cat":[347,282],"product_tag":[],"class_list":{"0":"post-56499","1":"product","2":"type-product","3":"status-publish","4":"has-post-thumbnail","6":"product_cat-347","7":"product_cat-282","9":"first","10":"outofstock","11":"taxable","12":"shipping-taxable","13":"purchasable","14":"product-type-simple"},"_links":{"self":[{"href":"https:\/\/senabel.com\/sv\/wp-json\/wp\/v2\/product\/56499","targetHints":{"allow":["GET"]}}],"collection":[{"href":"https:\/\/senabel.com\/sv\/wp-json\/wp\/v2\/product"}],"about":[{"href":"https:\/\/senabel.com\/sv\/wp-json\/wp\/v2\/types\/product"}],"version-history":[{"count":2,"href":"https:\/\/senabel.com\/sv\/wp-json\/wp\/v2\/product\/56499\/revisions"}],"predecessor-version":[{"id":56502,"href":"https:\/\/senabel.com\/sv\/wp-json\/wp\/v2\/product\/56499\/revisions\/56502"}],"wp:featuredmedia":[{"embeddable":true,"href":"https:\/\/senabel.com\/sv\/wp-json\/wp\/v2\/media\/56500"}],"wp:attachment":[{"href":"https:\/\/senabel.com\/sv\/wp-json\/wp\/v2\/media?parent=56499"}],"wp:term":[{"taxonomy":"product_brand","embeddable":true,"href":"https:\/\/senabel.com\/sv\/wp-json\/wp\/v2\/product_brand?post=56499"},{"taxonomy":"product_cat","embeddable":true,"href":"https:\/\/senabel.com\/sv\/wp-json\/wp\/v2\/product_cat?post=56499"},{"taxonomy":"product_tag","embeddable":true,"href":"https:\/\/senabel.com\/sv\/wp-json\/wp\/v2\/product_tag?post=56499"}],"curies":[{"name":"wp","href":"https:\/\/api.w.org\/{rel}","templated":true}]}}