{"id":56496,"date":"2025-10-10T13:24:29","date_gmt":"2025-10-10T13:24:29","guid":{"rendered":"https:\/\/senabel.com\/?post_type=product&#038;p=56496"},"modified":"2025-11-09T21:40:58","modified_gmt":"2025-11-09T21:40:58","slug":"bin-al-hamwi-extra-kaffe-med-kardemumma","status":"publish","type":"product","link":"https:\/\/senabel.com\/sv\/product\/bin-al-hamwi-extra-coffee-with-cardamom\/","title":{"rendered":"Extra kaffe med kardemumma - 450g"},"content":{"rendered":"<p data-start=\"32\" data-end=\"180\">Njut av smaken av \u00e4kta arabiskt kaffe med <strong data-start=\"71\" data-end=\"98\">Bin Al Hamawi Extra Balhall<\/strong>Noggrant rostade f\u00f6r att ge dig en rik smak och en lyxig arom som uttrycker ett autentiskt orientaliskt arv.<\/p>\n<p data-start=\"182\" data-end=\"196\"><strong data-start=\"182\" data-end=\"194\">Funktioner<\/strong><\/p>\n<ul data-start=\"197\" data-end=\"340\">\n<li data-start=\"197\" data-end=\"225\">\n<p data-start=\"199\" data-end=\"225\">Malet kaffe av h\u00f6g kvalitet<\/p>\n<\/li>\n<li data-start=\"226\" data-end=\"268\">\n<p data-start=\"228\" data-end=\"268\">Kardemumma av h\u00f6gsta kvalitet tills\u00e4tts f\u00f6r att ge en fr\u00e4sch smak<\/p>\n<\/li>\n<li data-start=\"269\" data-end=\"303\">\n<p data-start=\"271\" data-end=\"303\">En medium rostning som passar alla smaker<\/p>\n<\/li>\n<li data-start=\"304\" data-end=\"340\">\n<p data-start=\"306\" data-end=\"340\">Perfekt f\u00f6r arabiskt eller turkiskt kaffe<\/p>\n<\/li>\n<\/ul>\n<p data-start=\"342\" data-end=\"361\"><strong data-start=\"342\" data-end=\"359\">Produktinformation<\/strong><\/p>\n<ul data-start=\"362\" data-end=\"489\">\n<li data-start=\"362\" data-end=\"383\">\n<p data-start=\"364\" data-end=\"383\">Vikt: Beroende p\u00e5 f\u00f6rpackningen<\/p>\n<\/li>\n<li data-start=\"384\" data-end=\"417\">\n<p data-start=\"386\" data-end=\"417\">Ingredienser: Malt kaffe, naturlig kardemumma<\/p>\n<\/li>\n<li data-start=\"418\" data-end=\"459\">\n<p data-start=\"420\" data-end=\"459\">Ursprung: Bin Al Hamawi Company - Sedan 1951<\/p>\n<\/li>\n<li data-start=\"460\" data-end=\"489\">\n<p data-start=\"462\" data-end=\"489\">Typ: Extra kardemummakaffe<\/p>\n<\/li>\n<\/ul>\n<p data-start=\"491\" data-end=\"513\"><strong data-start=\"491\" data-end=\"511\">F\u00f6rvaring och sk\u00f6tsel<\/strong><\/p>\n<ul data-start=\"514\" data-end=\"591\" data-is-last-node=\"\" data-is-only-node=\"\">\n<li data-start=\"514\" data-end=\"541\">\n<p data-start=\"516\" data-end=\"541\">F\u00f6rvaras p\u00e5 en sval och torr plats<\/p>\n<\/li>\n<li data-start=\"542\" data-end=\"591\" data-is-last-node=\"\">\n<p data-start=\"544\" data-end=\"591\" data-is-last-node=\"\">F\u00f6rslut v\u00e4l efter \u00f6ppnandet f\u00f6r att bevara den fr\u00e4scha smaken<\/p>\n<\/li>\n<\/ul>","protected":false},"excerpt":{"rendered":"<p>Njut av smaken av \u00e4kta arabiskt kaffe med <strong data-start=\"71\" data-end=\"98\">Bin Al Hamawi Extra Balhall<\/strong>Noggrant rostade f\u00f6r att ge dig en rik smak och en lyxig arom som uttrycker ett autentiskt orientaliskt arv.<\/p>","protected":false},"featured_media":56497,"template":"","meta":[],"product_brand":[],"product_cat":[347,282],"product_tag":[],"class_list":{"0":"post-56496","1":"product","2":"type-product","3":"status-publish","4":"has-post-thumbnail","6":"product_cat-347","7":"product_cat-282","9":"first","10":"outofstock","11":"taxable","12":"shipping-taxable","13":"purchasable","14":"product-type-simple"},"_links":{"self":[{"href":"https:\/\/senabel.com\/sv\/wp-json\/wp\/v2\/product\/56496","targetHints":{"allow":["GET"]}}],"collection":[{"href":"https:\/\/senabel.com\/sv\/wp-json\/wp\/v2\/product"}],"about":[{"href":"https:\/\/senabel.com\/sv\/wp-json\/wp\/v2\/types\/product"}],"version-history":[{"count":1,"href":"https:\/\/senabel.com\/sv\/wp-json\/wp\/v2\/product\/56496\/revisions"}],"predecessor-version":[{"id":56498,"href":"https:\/\/senabel.com\/sv\/wp-json\/wp\/v2\/product\/56496\/revisions\/56498"}],"wp:featuredmedia":[{"embeddable":true,"href":"https:\/\/senabel.com\/sv\/wp-json\/wp\/v2\/media\/56497"}],"wp:attachment":[{"href":"https:\/\/senabel.com\/sv\/wp-json\/wp\/v2\/media?parent=56496"}],"wp:term":[{"taxonomy":"product_brand","embeddable":true,"href":"https:\/\/senabel.com\/sv\/wp-json\/wp\/v2\/product_brand?post=56496"},{"taxonomy":"product_cat","embeddable":true,"href":"https:\/\/senabel.com\/sv\/wp-json\/wp\/v2\/product_cat?post=56496"},{"taxonomy":"product_tag","embeddable":true,"href":"https:\/\/senabel.com\/sv\/wp-json\/wp\/v2\/product_tag?post=56496"}],"curies":[{"name":"wp","href":"https:\/\/api.w.org\/{rel}","templated":true}]}}