{"id":56492,"date":"2025-10-10T13:24:54","date_gmt":"2025-10-10T13:24:54","guid":{"rendered":"https:\/\/senabel.com\/?post_type=product&#038;p=56492"},"modified":"2025-10-29T10:17:33","modified_gmt":"2025-10-29T10:17:33","slug":"naturlig-dadelvinager","status":"publish","type":"product","link":"https:\/\/senabel.com\/sv\/product\/natural-date-vinegar\/","title":{"rendered":"Naturlig dadelvin\u00e4ger - Chef Alloush"},"content":{"rendered":"<p data-start=\"32\" data-end=\"201\">Njut av en h\u00e4lsosam och autentisk smak med <strong data-start=\"58\" data-end=\"91\">Chef Allash Naturlig dadelvin\u00e4ger<\/strong>Tillverkad av dadlar av h\u00f6gsta kvalitet p\u00e5 ett traditionellt s\u00e4tt som s\u00e4kerst\u00e4ller att den beh\u00e5ller sitt h\u00f6ga n\u00e4ringsv\u00e4rde och sina m\u00e5nga h\u00e4lsof\u00f6rdelar.<\/p>\n<p data-start=\"203\" data-end=\"217\"><strong data-start=\"203\" data-end=\"215\">Funktioner<\/strong><\/p>\n<ul data-start=\"218\" data-end=\"379\">\n<li data-start=\"218\" data-end=\"256\">\n<p data-start=\"220\" data-end=\"256\">100% naturlig och fri fr\u00e5n konserveringsmedel<\/p>\n<\/li>\n<li data-start=\"257\" data-end=\"302\">\n<p data-start=\"259\" data-end=\"302\">Anv\u00e4nd i salladsdressingar och orientaliska r\u00e4tter<\/p>\n<\/li>\n<li data-start=\"303\" data-end=\"341\">\n<p data-start=\"305\" data-end=\"341\">Hj\u00e4lper till att f\u00f6rb\u00e4ttra matsm\u00e4ltningen och ger energi till kroppen<\/p>\n<\/li>\n<li data-start=\"342\" data-end=\"379\">\n<p data-start=\"344\" data-end=\"379\">Rik p\u00e5 nyttiga mineraler och vitaminer<\/p>\n<\/li>\n<\/ul>\n<p data-start=\"381\" data-end=\"400\"><strong data-start=\"381\" data-end=\"398\">Produktinformation<\/strong><\/p>\n<ul data-start=\"401\" data-end=\"532\">\n<li data-start=\"401\" data-end=\"425\">\n<p data-start=\"403\" data-end=\"425\">Kapacitet: Cirka 1 liter<\/p>\n<\/li>\n<li data-start=\"426\" data-end=\"457\">\n<p data-start=\"428\" data-end=\"457\">Ingredienser: Naturlig dadelvin\u00e4ger<\/p>\n<\/li>\n<li data-start=\"500\" data-end=\"532\">\n<p data-start=\"502\" data-end=\"532\">Varum\u00e4rke: Chef Alesh<\/p>\n<\/li>\n<\/ul>\n<p data-start=\"534\" data-end=\"556\"><strong data-start=\"534\" data-end=\"554\">F\u00f6rvaring och sk\u00f6tsel<\/strong><\/p>\n<ul data-start=\"557\" data-end=\"634\" data-is-last-node=\"\" data-is-only-node=\"\">\n<li data-start=\"557\" data-end=\"605\">\n<p data-start=\"559\" data-end=\"605\">F\u00f6rvaras svalt, torrt och skyddat fr\u00e5n solljus<\/p>\n<\/li>\n<li data-start=\"606\" data-end=\"634\" data-is-last-node=\"\">\n<p data-start=\"608\" data-end=\"634\" data-is-last-node=\"\">St\u00e4ngs s\u00e4kert efter anv\u00e4ndning<\/p>\n<\/li>\n<\/ul>","protected":false},"excerpt":{"rendered":"<p>Njut av en h\u00e4lsosam och autentisk smak med <strong data-start=\"58\" data-end=\"91\">Chef Allash Naturlig dadelvin\u00e4ger<\/strong>Tillverkad av dadlar av h\u00f6gsta kvalitet p\u00e5 ett traditionellt s\u00e4tt som s\u00e4kerst\u00e4ller att den beh\u00e5ller sitt h\u00f6ga n\u00e4ringsv\u00e4rde och sina m\u00e5nga h\u00e4lsof\u00f6rdelar.<\/p>","protected":false},"featured_media":56493,"template":"","meta":[],"product_brand":[],"product_cat":[349,347],"product_tag":[],"class_list":{"0":"post-56492","1":"product","2":"type-product","3":"status-publish","4":"has-post-thumbnail","6":"product_cat-349","7":"product_cat-347","9":"first","10":"outofstock","11":"taxable","12":"shipping-taxable","13":"purchasable","14":"product-type-simple"},"_links":{"self":[{"href":"https:\/\/senabel.com\/sv\/wp-json\/wp\/v2\/product\/56492","targetHints":{"allow":["GET"]}}],"collection":[{"href":"https:\/\/senabel.com\/sv\/wp-json\/wp\/v2\/product"}],"about":[{"href":"https:\/\/senabel.com\/sv\/wp-json\/wp\/v2\/types\/product"}],"version-history":[{"count":4,"href":"https:\/\/senabel.com\/sv\/wp-json\/wp\/v2\/product\/56492\/revisions"}],"predecessor-version":[{"id":57009,"href":"https:\/\/senabel.com\/sv\/wp-json\/wp\/v2\/product\/56492\/revisions\/57009"}],"wp:featuredmedia":[{"embeddable":true,"href":"https:\/\/senabel.com\/sv\/wp-json\/wp\/v2\/media\/56493"}],"wp:attachment":[{"href":"https:\/\/senabel.com\/sv\/wp-json\/wp\/v2\/media?parent=56492"}],"wp:term":[{"taxonomy":"product_brand","embeddable":true,"href":"https:\/\/senabel.com\/sv\/wp-json\/wp\/v2\/product_brand?post=56492"},{"taxonomy":"product_cat","embeddable":true,"href":"https:\/\/senabel.com\/sv\/wp-json\/wp\/v2\/product_cat?post=56492"},{"taxonomy":"product_tag","embeddable":true,"href":"https:\/\/senabel.com\/sv\/wp-json\/wp\/v2\/product_tag?post=56492"}],"curies":[{"name":"wp","href":"https:\/\/api.w.org\/{rel}","templated":true}]}}