{"id":56484,"date":"2025-10-10T13:26:32","date_gmt":"2025-10-10T13:26:32","guid":{"rendered":"https:\/\/senabel.com\/?post_type=product&#038;p=56484"},"modified":"2025-10-27T10:32:23","modified_gmt":"2025-10-27T10:32:23","slug":"twistkex-med-mjolk-och-kakao","status":"publish","type":"product","link":"https:\/\/senabel.com\/sv\/product\/twist-biscuits-with-milk-and-cocoa\/","title":{"rendered":"Twist kex med kakaomj\u00f6lk - 12 bitar"},"content":{"rendered":"<p data-start=\"43\" data-end=\"202\">Njut av den rika smaken av kakao och mj\u00f6lkkr\u00e4m i <strong data-start=\"94\" data-end=\"120\">Chicks Twist kex<\/strong>. Tv\u00e5 lager knapriga kex med en mjuk, kr\u00e4mig fyllning som g\u00f6r varje tugga till en uts\u00f6kt njutningsupplevelse.<\/p>\n<p data-start=\"204\" data-end=\"218\"><strong data-start=\"204\" data-end=\"216\">Funktioner<\/strong><\/p>\n<ul data-start=\"219\" data-end=\"362\">\n<li data-start=\"219\" data-end=\"249\">\n<p data-start=\"221\" data-end=\"249\">Krispiga kex med kakaosmak<\/p>\n<\/li>\n<li data-start=\"250\" data-end=\"279\">\n<p data-start=\"252\" data-end=\"279\">Fyllning av rik mj\u00f6lkkr\u00e4m<\/p>\n<\/li>\n<li data-start=\"280\" data-end=\"307\">\n<p data-start=\"282\" data-end=\"307\">L\u00e4mplig f\u00f6r barn och vuxna<\/p>\n<\/li>\n<li data-start=\"308\" data-end=\"362\">\n<p data-start=\"310\" data-end=\"362\">Perfekt med mj\u00f6lk, kaffe eller som mellanm\u00e5l n\u00e4r som helst<\/p>\n<\/li>\n<\/ul>\n<p data-start=\"364\" data-end=\"383\"><strong data-start=\"364\" data-end=\"381\">Produktinformation<\/strong><\/p>\n<ul data-start=\"384\" data-end=\"455\">\n<li data-start=\"384\" data-end=\"404\">\n<p data-start=\"386\" data-end=\"404\">Inneh\u00e5ll: 12 stycken<\/p>\n<\/li>\n<li data-start=\"405\" data-end=\"430\">\n<p data-start=\"407\" data-end=\"430\">Smak: Kakao med mj\u00f6lk<\/p>\n<\/li>\n<li data-start=\"431\" data-end=\"455\">\n<p data-start=\"433\" data-end=\"455\">Ursprung: Katakit<\/p>\n<\/li>\n<\/ul>\n<p data-start=\"457\" data-end=\"479\"><strong data-start=\"457\" data-end=\"477\">F\u00f6rvaring och sk\u00f6tsel<\/strong><\/p>\n<ul data-start=\"480\" data-end=\"550\" data-is-last-node=\"\" data-is-only-node=\"\">\n<li data-start=\"480\" data-end=\"507\">\n<p data-start=\"482\" data-end=\"507\">F\u00f6rvaras p\u00e5 en sval och torr plats<\/p>\n<\/li>\n<li data-start=\"508\" data-end=\"550\" data-is-last-node=\"\">\n<p data-start=\"510\" data-end=\"550\" data-is-last-node=\"\">F\u00f6rslut v\u00e4l efter \u00f6ppnandet f\u00f6r att bevara krispigheten<\/p>\n<\/li>\n<\/ul>","protected":false},"excerpt":{"rendered":"<p>Njut av den rika smaken av kakao och mj\u00f6lkkr\u00e4m i <strong data-start=\"94\" data-end=\"120\">Chicks Twist kex<\/strong>. Tv\u00e5 lager knapriga kex med en mjuk, kr\u00e4mig fyllning som g\u00f6r varje tugga till en uts\u00f6kt njutningsupplevelse.<\/p>","protected":false},"featured_media":56485,"template":"","meta":[],"product_brand":[],"product_cat":[377,347],"product_tag":[],"class_list":{"0":"post-56484","1":"product","2":"type-product","3":"status-publish","4":"has-post-thumbnail","6":"product_cat-377","7":"product_cat-347","9":"first","10":"outofstock","11":"taxable","12":"shipping-taxable","13":"purchasable","14":"product-type-simple"},"_links":{"self":[{"href":"https:\/\/senabel.com\/sv\/wp-json\/wp\/v2\/product\/56484","targetHints":{"allow":["GET"]}}],"collection":[{"href":"https:\/\/senabel.com\/sv\/wp-json\/wp\/v2\/product"}],"about":[{"href":"https:\/\/senabel.com\/sv\/wp-json\/wp\/v2\/types\/product"}],"version-history":[{"count":2,"href":"https:\/\/senabel.com\/sv\/wp-json\/wp\/v2\/product\/56484\/revisions"}],"predecessor-version":[{"id":56487,"href":"https:\/\/senabel.com\/sv\/wp-json\/wp\/v2\/product\/56484\/revisions\/56487"}],"wp:featuredmedia":[{"embeddable":true,"href":"https:\/\/senabel.com\/sv\/wp-json\/wp\/v2\/media\/56485"}],"wp:attachment":[{"href":"https:\/\/senabel.com\/sv\/wp-json\/wp\/v2\/media?parent=56484"}],"wp:term":[{"taxonomy":"product_brand","embeddable":true,"href":"https:\/\/senabel.com\/sv\/wp-json\/wp\/v2\/product_brand?post=56484"},{"taxonomy":"product_cat","embeddable":true,"href":"https:\/\/senabel.com\/sv\/wp-json\/wp\/v2\/product_cat?post=56484"},{"taxonomy":"product_tag","embeddable":true,"href":"https:\/\/senabel.com\/sv\/wp-json\/wp\/v2\/product_tag?post=56484"}],"curies":[{"name":"wp","href":"https:\/\/api.w.org\/{rel}","templated":true}]}}