{"id":56480,"date":"2025-10-10T13:27:06","date_gmt":"2025-10-10T13:27:06","guid":{"rendered":"https:\/\/senabel.com\/?post_type=product&#038;p=56480"},"modified":"2026-01-27T10:37:29","modified_gmt":"2026-01-27T10:37:29","slug":"ruby-extra-vaffla-med-mjolk","status":"publish","type":"product","link":"https:\/\/senabel.com\/sv\/product\/ruby-extra-wafer-with-milk\/","title":{"rendered":"Ruby Extra Milk Wafer - 24 stycken"},"content":{"rendered":"<p data-start=\"38\" data-end=\"214\">Njut av den oemotst\u00e5ndliga smaken av Wafer <strong data-start=\"68\" data-end=\"91\">Ruby Extra Mj\u00f6lk<\/strong>Med sina krispiga lager fyllda med rik mj\u00f6lkkr\u00e4m och \u00f6verdragna med en lyxig chokladglasyr. Perfekt som mellanm\u00e5l n\u00e4r som helst p\u00e5 dagen.<\/p>\n<p data-start=\"216\" data-end=\"230\"><strong data-start=\"216\" data-end=\"228\">Funktioner<\/strong><\/p>\n<ul data-start=\"231\" data-end=\"392\">\n<li data-start=\"231\" data-end=\"273\">\n<p data-start=\"233\" data-end=\"273\">Krispiga wafers med ett l\u00e4ckert lager av mj\u00f6lkkr\u00e4m<\/p>\n<\/li>\n<li data-start=\"274\" data-end=\"313\">\n<p data-start=\"276\" data-end=\"313\">Toppad med ett mjukt lager av rik choklad<\/p>\n<\/li>\n<li data-start=\"314\" data-end=\"351\">\n<p data-start=\"316\" data-end=\"351\">L\u00e4mplig f\u00f6r b\u00e5de barn och vuxna<\/p>\n<\/li>\n<li data-start=\"352\" data-end=\"392\">\n<p data-start=\"354\" data-end=\"392\">Perfekt till kaffet eller som ett dagligt mellanm\u00e5l<\/p>\n<\/li>\n<\/ul>\n<p data-start=\"394\" data-end=\"413\"><strong data-start=\"394\" data-end=\"411\">Produktinformation<\/strong><\/p>\n<ul data-start=\"414\" data-end=\"502\">\n<li data-start=\"414\" data-end=\"434\">\n<p data-start=\"416\" data-end=\"434\">Inneh\u00e5ll: 24 stycken<\/p>\n<\/li>\n<li data-start=\"435\" data-end=\"477\">\n<p data-start=\"437\" data-end=\"477\">Smak: Choklad\u00f6verdragen mj\u00f6lkkr\u00e4m<\/p>\n<\/li>\n<li data-start=\"478\" data-end=\"502\">\n<p data-start=\"480\" data-end=\"502\">Ursprung: Katakit<\/p>\n<\/li>\n<\/ul>\n<p data-start=\"504\" data-end=\"526\"><strong data-start=\"504\" data-end=\"524\">F\u00f6rvaring och sk\u00f6tsel<\/strong><\/p>\n<ul data-start=\"527\" data-end=\"623\" data-is-last-node=\"\" data-is-only-node=\"\">\n<li data-start=\"527\" data-end=\"575\">\n<p data-start=\"529\" data-end=\"575\">F\u00f6rvaras svalt, torrt och skyddat fr\u00e5n solljus<\/p>\n<\/li>\n<li data-start=\"576\" data-end=\"623\" data-is-last-node=\"\">\n<p data-start=\"578\" data-end=\"623\" data-is-last-node=\"\">Konsumera inom den h\u00e5llbarhetstid som anges p\u00e5 f\u00f6rpackningen<\/p>\n<\/li>\n<\/ul>","protected":false},"excerpt":{"rendered":"<p>Njut av den oemotst\u00e5ndliga smaken av Wafer <strong data-start=\"68\" data-end=\"91\">Ruby Extra Mj\u00f6lk<\/strong>Med sina krispiga lager fyllda med rik mj\u00f6lkkr\u00e4m och \u00f6verdragna med en lyxig chokladglasyr. Perfekt som mellanm\u00e5l n\u00e4r som helst p\u00e5 dagen.<\/p>","protected":false},"featured_media":56482,"template":"","meta":[],"product_brand":[],"product_cat":[377,347],"product_tag":[],"class_list":{"0":"post-56480","1":"product","2":"type-product","3":"status-publish","4":"has-post-thumbnail","6":"product_cat-377","7":"product_cat-347","9":"first","10":"outofstock","11":"taxable","12":"shipping-taxable","13":"purchasable","14":"product-type-simple"},"_links":{"self":[{"href":"https:\/\/senabel.com\/sv\/wp-json\/wp\/v2\/product\/56480","targetHints":{"allow":["GET"]}}],"collection":[{"href":"https:\/\/senabel.com\/sv\/wp-json\/wp\/v2\/product"}],"about":[{"href":"https:\/\/senabel.com\/sv\/wp-json\/wp\/v2\/types\/product"}],"version-history":[{"count":1,"href":"https:\/\/senabel.com\/sv\/wp-json\/wp\/v2\/product\/56480\/revisions"}],"predecessor-version":[{"id":56483,"href":"https:\/\/senabel.com\/sv\/wp-json\/wp\/v2\/product\/56480\/revisions\/56483"}],"wp:featuredmedia":[{"embeddable":true,"href":"https:\/\/senabel.com\/sv\/wp-json\/wp\/v2\/media\/56482"}],"wp:attachment":[{"href":"https:\/\/senabel.com\/sv\/wp-json\/wp\/v2\/media?parent=56480"}],"wp:term":[{"taxonomy":"product_brand","embeddable":true,"href":"https:\/\/senabel.com\/sv\/wp-json\/wp\/v2\/product_brand?post=56480"},{"taxonomy":"product_cat","embeddable":true,"href":"https:\/\/senabel.com\/sv\/wp-json\/wp\/v2\/product_cat?post=56480"},{"taxonomy":"product_tag","embeddable":true,"href":"https:\/\/senabel.com\/sv\/wp-json\/wp\/v2\/product_tag?post=56480"}],"curies":[{"name":"wp","href":"https:\/\/api.w.org\/{rel}","templated":true}]}}