{"id":56409,"date":"2025-10-05T15:59:54","date_gmt":"2025-10-05T15:59:54","guid":{"rendered":"https:\/\/senabel.com\/?post_type=product&#038;p=56409"},"modified":"2025-10-06T10:36:32","modified_gmt":"2025-10-06T10:36:32","slug":"bitter-kaffekoppar-6-stycken-2","status":"publish","type":"product","link":"https:\/\/senabel.com\/sv\/product\/bitter-coffee-cups-6-pieces-2\/","title":{"rendered":"Bitter kaffekoppar - 6 stycken"},"content":{"rendered":"<h4 data-start=\"140\" data-end=\"178\">Den f\u00f6rsta modellen: Arabisk dekoration i guld<\/h4>\n<ul data-start=\"179\" data-end=\"314\">\n<li data-start=\"179\" data-end=\"215\">\n<p data-start=\"181\" data-end=\"215\">Klassisk design med sofistikerade arabiska motiv<\/p>\n<\/li>\n<li data-start=\"216\" data-end=\"256\">\n<p data-start=\"218\" data-end=\"256\">En konstn\u00e4rlig touch som g\u00f6r dina kaffesessioner \u00e4nnu vackrare<\/p>\n<\/li>\n<li data-start=\"257\" data-end=\"280\">\n<p data-start=\"259\" data-end=\"280\">Antal bitar: 6 koppar<\/p>\n<\/li>\n<li data-start=\"281\" data-end=\"314\">\n<p data-start=\"283\" data-end=\"314\">Perfekt f\u00f6r arabiskt och turkiskt kaffe<\/p>\n<\/li>\n<\/ul>\n<h4 data-start=\"321\" data-end=\"360\">Den andra modellen: Marmorr\u00e4nder i guld<\/h4>\n<ul data-start=\"361\" data-end=\"486\">\n<li data-start=\"361\" data-end=\"394\">\n<p data-start=\"363\" data-end=\"394\">Modern design med eleganta linjer i marmor<\/p>\n<\/li>\n<li data-start=\"395\" data-end=\"433\">\n<p data-start=\"397\" data-end=\"433\">Ett lyxigt tema f\u00f6r evenemang och g\u00e4stfrihet<\/p>\n<\/li>\n<li data-start=\"434\" data-end=\"457\">\n<p data-start=\"436\" data-end=\"457\">Antal bitar: 6 koppar<\/p>\n<\/li>\n<li data-start=\"458\" data-end=\"486\">\n<p data-start=\"460\" data-end=\"486\">Den perfekta presenten till fashionistan i ditt liv<\/p>\n<\/li>\n<\/ul>\n<h4 data-start=\"493\" data-end=\"530\">Den tredje modellen: Mosaikdekoration<\/h4>\n<ul data-start=\"531\" data-end=\"645\">\n<li data-start=\"531\" data-end=\"572\">\n<p data-start=\"533\" data-end=\"572\">Mosaikmotiv med guld- och bronsaccenter<\/p>\n<\/li>\n<li data-start=\"573\" data-end=\"599\">\n<p data-start=\"575\" data-end=\"599\">Ett distinkt utseende som f\u00e5ngar blicken<\/p>\n<\/li>\n<li data-start=\"600\" data-end=\"623\">\n<p data-start=\"602\" data-end=\"623\">Antal bitar: 6 koppar<\/p>\n<\/li>\n<li data-start=\"624\" data-end=\"645\">\n<p data-start=\"626\" data-end=\"645\">Praktisk och l\u00e4tt att reng\u00f6ra<\/p>\n<\/li>\n<\/ul>\n<h4 data-start=\"652\" data-end=\"691\">Den fj\u00e4rde modellen: Svart med guldf\u00e4rgad dekor<\/h4>\n<ul data-start=\"692\" data-end=\"837\">\n<li data-start=\"692\" data-end=\"736\">\n<p data-start=\"694\" data-end=\"736\">En lyxig design som kombinerar svart med guldm\u00f6nster<\/p>\n<\/li>\n<li data-start=\"737\" data-end=\"768\">\n<p data-start=\"739\" data-end=\"768\">Ger en exklusiv upplevelse av g\u00e4stfrihet<\/p>\n<\/li>\n<li data-start=\"769\" data-end=\"792\">\n<p data-start=\"771\" data-end=\"792\">Antal bitar: 6 koppar<\/p>\n<\/li>\n<li data-start=\"793\" data-end=\"837\">\n<p data-start=\"795\" data-end=\"837\">L\u00e4mplig f\u00f6r vardagsbruk och speciella tillf\u00e4llen<\/p>\n<\/li>\n<\/ul>","protected":false},"excerpt":{"rendered":"<p>En upps\u00e4ttning eleganta kaffekoppar i keramik i olika utf\u00f6randen (6 st per modell). Perfekt f\u00f6r arabiskt och turkiskt kaffe och ger en lyxig touch till dina g\u00e4stfrihetssessioner.<\/p>","protected":false},"featured_media":56279,"template":"","meta":[],"product_brand":[],"product_cat":[326],"product_tag":[],"class_list":{"0":"post-56409","1":"product","2":"type-product","3":"status-publish","4":"has-post-thumbnail","6":"product_cat-326","8":"first","9":"instock","10":"taxable","11":"shipping-taxable","12":"purchasable","13":"product-type-simple"},"_links":{"self":[{"href":"https:\/\/senabel.com\/sv\/wp-json\/wp\/v2\/product\/56409","targetHints":{"allow":["GET"]}}],"collection":[{"href":"https:\/\/senabel.com\/sv\/wp-json\/wp\/v2\/product"}],"about":[{"href":"https:\/\/senabel.com\/sv\/wp-json\/wp\/v2\/types\/product"}],"version-history":[{"count":1,"href":"https:\/\/senabel.com\/sv\/wp-json\/wp\/v2\/product\/56409\/revisions"}],"predecessor-version":[{"id":56414,"href":"https:\/\/senabel.com\/sv\/wp-json\/wp\/v2\/product\/56409\/revisions\/56414"}],"wp:featuredmedia":[{"embeddable":true,"href":"https:\/\/senabel.com\/sv\/wp-json\/wp\/v2\/media\/56279"}],"wp:attachment":[{"href":"https:\/\/senabel.com\/sv\/wp-json\/wp\/v2\/media?parent=56409"}],"wp:term":[{"taxonomy":"product_brand","embeddable":true,"href":"https:\/\/senabel.com\/sv\/wp-json\/wp\/v2\/product_brand?post=56409"},{"taxonomy":"product_cat","embeddable":true,"href":"https:\/\/senabel.com\/sv\/wp-json\/wp\/v2\/product_cat?post=56409"},{"taxonomy":"product_tag","embeddable":true,"href":"https:\/\/senabel.com\/sv\/wp-json\/wp\/v2\/product_tag?post=56409"}],"curies":[{"name":"wp","href":"https:\/\/api.w.org\/{rel}","templated":true}]}}