{"id":56378,"date":"2025-10-03T18:24:26","date_gmt":"2025-10-03T18:24:26","guid":{"rendered":"https:\/\/senabel.com\/?post_type=product&#038;p=56378"},"modified":"2026-01-04T18:24:28","modified_gmt":"2026-01-04T18:24:28","slug":"en-kopp-mate-med-sugror","status":"publish","type":"product","link":"https:\/\/senabel.com\/sv\/product\/a-cup-of-mate-with-a-straw\/","title":{"rendered":"Snygg Mate-kopp med hj\u00e4rta i st\u00e5l och slickepinne - 4 f\u00e4rger"},"content":{"rendered":"<p data-start=\"51\" data-end=\"251\">Njut av ritualen att dricka mate med stil med detta eleganta och h\u00e5llbara mate-drickglas. Tillverkat med en insida i rostfritt st\u00e5l som h\u00e5ller kvar v\u00e4rmen f\u00f6r en optimal dricksupplevelse, med ett praktiskt sugr\u00f6r f\u00f6r att full\u00e4nda den traditionella mate-upplevelsen.<\/p>\n<p data-start=\"253\" data-end=\"267\"><strong data-start=\"253\" data-end=\"265\">Funktioner<\/strong><\/p>\n<ul data-start=\"268\" data-end=\"445\">\n<li data-start=\"268\" data-end=\"308\">\n<p data-start=\"270\" data-end=\"308\">Praktisk design som kombinerar originalitet och modernitet<\/p>\n<\/li>\n<li data-start=\"309\" data-end=\"360\">\n<p data-start=\"311\" data-end=\"360\">H\u00f6gkvalitativt inv\u00e4ndigt st\u00e5l som h\u00e5ller kvar smak och v\u00e4rme<\/p>\n<\/li>\n<li data-start=\"361\" data-end=\"415\">\n<p data-start=\"363\" data-end=\"415\">Finns i 4 snygga f\u00e4rger: Svart - Marin - Vit - Gr\u00f6n<\/p>\n<\/li>\n<li data-start=\"416\" data-end=\"445\">\n<p data-start=\"418\" data-end=\"445\">L\u00e4tt att reng\u00f6ra och l\u00e5ng livsl\u00e4ngd<\/p>\n<\/li>\n<\/ul>\n<p data-start=\"447\" data-end=\"466\"><strong data-start=\"447\" data-end=\"464\">Produktinformation<\/strong><\/p>\n<ul data-start=\"467\" data-end=\"569\">\n<li data-start=\"467\" data-end=\"507\">\n<p data-start=\"469\" data-end=\"507\">Material: Innerst\u00e5l + f\u00e4rgat ytterskal<\/p>\n<\/li>\n<li data-start=\"508\" data-end=\"530\">\n<p data-start=\"510\" data-end=\"530\">Lollipop-f\u00e4ste av metall<\/p>\n<\/li>\n<li data-start=\"531\" data-end=\"569\">\n<p data-start=\"533\" data-end=\"569\">F\u00e4rgerna: Svart - Marin - Vit - Gr\u00f6n<\/p>\n<\/li>\n<\/ul>\n<p data-start=\"571\" data-end=\"593\"><strong data-start=\"571\" data-end=\"591\">F\u00f6rvaring och sk\u00f6tsel<\/strong><\/p>\n<ul data-start=\"594\" data-end=\"659\">\n<li data-start=\"594\" data-end=\"627\">\n<p data-start=\"596\" data-end=\"627\">Kan hanteras f\u00f6r hand eller diskas i diskmaskin<\/p>\n<\/li>\n<li data-start=\"628\" data-end=\"659\">\n<p data-start=\"630\" data-end=\"659\">F\u00f6rvara p\u00e5 en torr plats efter tv\u00e4tt<\/p>\n<\/li>\n<\/ul>","protected":false},"excerpt":{"rendered":"<p>Njut av ritualen att dricka mate med stil med detta eleganta och h\u00e5llbara mate-drickglas. Tillverkat med en insida i rostfritt st\u00e5l som h\u00e5ller kvar v\u00e4rmen f\u00f6r en optimal dricksupplevelse, med ett praktiskt sugr\u00f6r f\u00f6r att full\u00e4nda den traditionella mate-upplevelsen.<\/p>","protected":false},"featured_media":56379,"template":"","meta":[],"product_brand":[],"product_cat":[347,326],"product_tag":[],"class_list":{"0":"post-56378","1":"product","2":"type-product","3":"status-publish","4":"has-post-thumbnail","6":"product_cat-347","7":"product_cat-326","9":"first","10":"outofstock","11":"taxable","12":"shipping-taxable","13":"product-type-variable"},"_links":{"self":[{"href":"https:\/\/senabel.com\/sv\/wp-json\/wp\/v2\/product\/56378","targetHints":{"allow":["GET"]}}],"collection":[{"href":"https:\/\/senabel.com\/sv\/wp-json\/wp\/v2\/product"}],"about":[{"href":"https:\/\/senabel.com\/sv\/wp-json\/wp\/v2\/types\/product"}],"version-history":[{"count":1,"href":"https:\/\/senabel.com\/sv\/wp-json\/wp\/v2\/product\/56378\/revisions"}],"predecessor-version":[{"id":56388,"href":"https:\/\/senabel.com\/sv\/wp-json\/wp\/v2\/product\/56378\/revisions\/56388"}],"wp:featuredmedia":[{"embeddable":true,"href":"https:\/\/senabel.com\/sv\/wp-json\/wp\/v2\/media\/56379"}],"wp:attachment":[{"href":"https:\/\/senabel.com\/sv\/wp-json\/wp\/v2\/media?parent=56378"}],"wp:term":[{"taxonomy":"product_brand","embeddable":true,"href":"https:\/\/senabel.com\/sv\/wp-json\/wp\/v2\/product_brand?post=56378"},{"taxonomy":"product_cat","embeddable":true,"href":"https:\/\/senabel.com\/sv\/wp-json\/wp\/v2\/product_cat?post=56378"},{"taxonomy":"product_tag","embeddable":true,"href":"https:\/\/senabel.com\/sv\/wp-json\/wp\/v2\/product_tag?post=56378"}],"curies":[{"name":"wp","href":"https:\/\/api.w.org\/{rel}","templated":true}]}}