{"id":56375,"date":"2025-10-03T18:17:49","date_gmt":"2025-10-03T18:17:49","guid":{"rendered":"https:\/\/senabel.com\/?post_type=product&#038;p=56375"},"modified":"2026-04-24T12:52:24","modified_gmt":"2026-04-24T12:52:24","slug":"vit-drage-med-mandel-och-choklad","status":"publish","type":"product","link":"https:\/\/senabel.com\/sv\/product\/white-dragee-with-almonds-and-chocolate\/","title":{"rendered":"Vit Dragia med mandel och choklad - 500g"},"content":{"rendered":"<p data-start=\"40\" data-end=\"188\">Njut av den lyxiga smaken av vita persikor fyllda med mandel och t\u00e4ckta av en l\u00e4cker chokladglasyr. En elegant dessert som passar perfekt f\u00f6r speciella tillf\u00e4llen och h\u00f6gtider.<\/p>\n<p data-start=\"190\" data-end=\"204\"><strong data-start=\"190\" data-end=\"202\">Funktioner<\/strong><\/p>\n<ul data-start=\"205\" data-end=\"373\">\n<li data-start=\"205\" data-end=\"240\">\n<p data-start=\"207\" data-end=\"240\">Rostade mandlar \u00f6verdragna med fin choklad<\/p>\n<\/li>\n<li data-start=\"241\" data-end=\"286\">\n<p data-start=\"243\" data-end=\"286\">Elegant vit glasyr ger en touch av glamour till g\u00e4stfriheten<\/p>\n<\/li>\n<li data-start=\"287\" data-end=\"327\">\n<p data-start=\"289\" data-end=\"327\">En krispig smak som kombinerar s\u00f6tma och friskhet<\/p>\n<\/li>\n<li data-start=\"328\" data-end=\"373\">\n<p data-start=\"330\" data-end=\"373\">Perfekt f\u00f6r br\u00f6llop, h\u00f6gtider och speciella tillf\u00e4llen<\/p>\n<\/li>\n<\/ul>\n<p data-start=\"375\" data-end=\"394\"><strong data-start=\"375\" data-end=\"392\">Produktinformation<\/strong><\/p>\n<ul data-start=\"395\" data-end=\"443\">\n<li data-start=\"395\" data-end=\"410\">\n<p data-start=\"397\" data-end=\"410\">Vikt: 500g<\/p>\n<\/li>\n<\/ul>\n<p data-start=\"445\" data-end=\"467\"><strong data-start=\"445\" data-end=\"465\">F\u00f6rvaring och sk\u00f6tsel<\/strong><\/p>\n<ul data-start=\"468\" data-end=\"571\">\n<li data-start=\"468\" data-end=\"516\">\n<p data-start=\"470\" data-end=\"516\">F\u00f6rvaras svalt, torrt och skyddat fr\u00e5n solljus<\/p>\n<\/li>\n<li data-start=\"517\" data-end=\"571\">\n<p data-start=\"519\" data-end=\"571\">Konsumera inom h\u00e5llbarhetstiden f\u00f6r att bibeh\u00e5lla f\u00e4rskheten<\/p>\n<\/li>\n<\/ul>","protected":false},"excerpt":{"rendered":"<p>Njut av den lyxiga smaken av vita persikor fyllda med mandel och t\u00e4ckta av en l\u00e4cker chokladglasyr. En elegant dessert som passar perfekt f\u00f6r speciella tillf\u00e4llen och h\u00f6gtider.<\/p>","protected":false},"featured_media":56376,"template":"","meta":[],"product_brand":[],"product_cat":[297],"product_tag":[],"class_list":{"0":"post-56375","1":"product","2":"type-product","3":"status-publish","4":"has-post-thumbnail","6":"product_cat-297","8":"first","9":"instock","10":"taxable","11":"shipping-taxable","12":"purchasable","13":"product-type-simple"},"_links":{"self":[{"href":"https:\/\/senabel.com\/sv\/wp-json\/wp\/v2\/product\/56375","targetHints":{"allow":["GET"]}}],"collection":[{"href":"https:\/\/senabel.com\/sv\/wp-json\/wp\/v2\/product"}],"about":[{"href":"https:\/\/senabel.com\/sv\/wp-json\/wp\/v2\/types\/product"}],"version-history":[{"count":1,"href":"https:\/\/senabel.com\/sv\/wp-json\/wp\/v2\/product\/56375\/revisions"}],"predecessor-version":[{"id":56377,"href":"https:\/\/senabel.com\/sv\/wp-json\/wp\/v2\/product\/56375\/revisions\/56377"}],"wp:featuredmedia":[{"embeddable":true,"href":"https:\/\/senabel.com\/sv\/wp-json\/wp\/v2\/media\/56376"}],"wp:attachment":[{"href":"https:\/\/senabel.com\/sv\/wp-json\/wp\/v2\/media?parent=56375"}],"wp:term":[{"taxonomy":"product_brand","embeddable":true,"href":"https:\/\/senabel.com\/sv\/wp-json\/wp\/v2\/product_brand?post=56375"},{"taxonomy":"product_cat","embeddable":true,"href":"https:\/\/senabel.com\/sv\/wp-json\/wp\/v2\/product_cat?post=56375"},{"taxonomy":"product_tag","embeddable":true,"href":"https:\/\/senabel.com\/sv\/wp-json\/wp\/v2\/product_tag?post=56375"}],"curies":[{"name":"wp","href":"https:\/\/api.w.org\/{rel}","templated":true}]}}