{"id":56338,"date":"2025-10-02T09:43:28","date_gmt":"2025-10-02T09:43:28","guid":{"rendered":"https:\/\/senabel.com\/?post_type=product&#038;p=56338"},"modified":"2025-12-24T17:59:01","modified_gmt":"2025-12-24T17:59:01","slug":"turkiskt-kaffekannset-i-koppar","status":"publish","type":"product","link":"https:\/\/senabel.com\/sv\/product\/turkish-copper-coffee-pot-set\/","title":{"rendered":"Set med kaffefat i turkisk koppar - 3 storlekar"},"content":{"rendered":"<p data-start=\"62\" data-end=\"204\">L\u00e4gg till en touch av autentiskt arv i ditt k\u00f6k med denna upps\u00e4ttning av tre turkiska kaffeurnor tillverkade av h\u00f6gkvalitativ koppar med ett elegant tr\u00e4handtag f\u00f6r enkel anv\u00e4ndning.<\/p>\n<p data-start=\"206\" data-end=\"220\"><strong data-start=\"206\" data-end=\"218\">Funktioner<\/strong><\/p>\n<ul data-start=\"221\" data-end=\"417\">\n<li data-start=\"221\" data-end=\"281\">\n<p data-start=\"223\" data-end=\"281\">3 olika storlekar (small, medium, large) f\u00f6r att passa alla behov<\/p>\n<\/li>\n<li data-start=\"282\" data-end=\"329\">\n<p data-start=\"284\" data-end=\"329\">Tillverkad av h\u00e5llbar m\u00e4ssing med handbroderad finish<\/p>\n<\/li>\n<li data-start=\"330\" data-end=\"375\">\n<p data-start=\"332\" data-end=\"375\">Tr\u00e4handtag ger dig s\u00e4kerhet och enkelhet under tillagningen<\/p>\n<\/li>\n<li data-start=\"376\" data-end=\"417\">\n<p data-start=\"378\" data-end=\"417\">Perfekt f\u00f6r att g\u00f6ra traditionellt turkiskt kaffe<\/p>\n<\/li>\n<\/ul>\n<p data-start=\"419\" data-end=\"438\"><strong data-start=\"419\" data-end=\"436\">Produktinformation<\/strong><\/p>\n<ul data-start=\"439\" data-end=\"525\">\n<li data-start=\"439\" data-end=\"461\">\n<p data-start=\"441\" data-end=\"461\">Antalet: 3 kaffekanna<\/p>\n<\/li>\n<li data-start=\"462\" data-end=\"491\">\n<p data-start=\"464\" data-end=\"491\">Storlekar: Liten, Medium, Stor<\/p>\n<\/li>\n<li data-start=\"492\" data-end=\"525\">\n<p data-start=\"494\" data-end=\"525\">Material: M\u00e4ssing: M\u00e4ssing med tr\u00e4handtag<\/p>\n<\/li>\n<\/ul>\n<p data-start=\"527\" data-end=\"549\"><strong data-start=\"527\" data-end=\"547\">F\u00f6rvaring och sk\u00f6tsel<\/strong><\/p>\n<ul data-start=\"550\" data-end=\"647\">\n<li data-start=\"550\" data-end=\"595\">\n<p data-start=\"552\" data-end=\"595\">Skonsam handtv\u00e4tt utan starka kemikalier<\/p>\n<\/li>\n<li data-start=\"596\" data-end=\"647\">\n<p data-start=\"598\" data-end=\"647\">Torka noga efter tv\u00e4tt f\u00f6r att bibeh\u00e5lla kvalitet och glans<\/p>\n<\/li>\n<\/ul>","protected":false},"excerpt":{"rendered":"<p>L\u00e4gg till en touch av autentiskt arv i ditt k\u00f6k med denna upps\u00e4ttning av tre turkiska kaffeurnor tillverkade av h\u00f6gkvalitativ koppar med ett elegant tr\u00e4handtag f\u00f6r enkel anv\u00e4ndning.<\/p>","protected":false},"featured_media":56339,"template":"","meta":[],"product_brand":[],"product_cat":[347,326],"product_tag":[],"class_list":{"0":"post-56338","1":"product","2":"type-product","3":"status-publish","4":"has-post-thumbnail","6":"product_cat-347","7":"product_cat-326","9":"first","10":"instock","11":"taxable","12":"shipping-taxable","13":"purchasable","14":"product-type-simple"},"_links":{"self":[{"href":"https:\/\/senabel.com\/sv\/wp-json\/wp\/v2\/product\/56338","targetHints":{"allow":["GET"]}}],"collection":[{"href":"https:\/\/senabel.com\/sv\/wp-json\/wp\/v2\/product"}],"about":[{"href":"https:\/\/senabel.com\/sv\/wp-json\/wp\/v2\/types\/product"}],"version-history":[{"count":1,"href":"https:\/\/senabel.com\/sv\/wp-json\/wp\/v2\/product\/56338\/revisions"}],"predecessor-version":[{"id":56340,"href":"https:\/\/senabel.com\/sv\/wp-json\/wp\/v2\/product\/56338\/revisions\/56340"}],"wp:featuredmedia":[{"embeddable":true,"href":"https:\/\/senabel.com\/sv\/wp-json\/wp\/v2\/media\/56339"}],"wp:attachment":[{"href":"https:\/\/senabel.com\/sv\/wp-json\/wp\/v2\/media?parent=56338"}],"wp:term":[{"taxonomy":"product_brand","embeddable":true,"href":"https:\/\/senabel.com\/sv\/wp-json\/wp\/v2\/product_brand?post=56338"},{"taxonomy":"product_cat","embeddable":true,"href":"https:\/\/senabel.com\/sv\/wp-json\/wp\/v2\/product_cat?post=56338"},{"taxonomy":"product_tag","embeddable":true,"href":"https:\/\/senabel.com\/sv\/wp-json\/wp\/v2\/product_tag?post=56338"}],"curies":[{"name":"wp","href":"https:\/\/api.w.org\/{rel}","templated":true}]}}