{"id":56330,"date":"2025-10-02T09:45:08","date_gmt":"2025-10-02T09:45:08","guid":{"rendered":"https:\/\/senabel.com\/?post_type=product&#038;p=56330"},"modified":"2025-10-02T09:45:10","modified_gmt":"2025-10-02T09:45:10","slug":"lyxigt-blatt-termosset-for-kaffe-och-te","status":"publish","type":"product","link":"https:\/\/senabel.com\/sv\/product\/luxury-blue-coffee-and-tea-thermos-set\/","title":{"rendered":"Lyxigt termosset f\u00f6r kaffe och te i bl\u00e5tt med gulddetaljer - 1 liters kapacitet"},"content":{"rendered":"<p data-start=\"67\" data-end=\"202\">Ge din g\u00e4stfrihet en elegant och ljus touch med detta praktiska och lyxiga set f\u00f6r kaffe och te, tillverkat i en modern bl\u00e5 f\u00e4rg med en krona och guldkant.<\/p>\n<p data-start=\"204\" data-end=\"218\"><strong data-start=\"204\" data-end=\"216\">Funktioner<\/strong><\/p>\n<ul data-start=\"219\" data-end=\"381\">\n<li data-start=\"219\" data-end=\"243\">\n<p data-start=\"221\" data-end=\"243\">1 liter kaffetermos<\/p>\n<\/li>\n<li data-start=\"244\" data-end=\"267\">\n<p data-start=\"246\" data-end=\"267\">1 liters termos f\u00f6r te<\/p>\n<\/li>\n<li data-start=\"268\" data-end=\"311\">\n<p data-start=\"270\" data-end=\"311\">Lyxig bl\u00e5 f\u00e4rg med guldf\u00e4rgade accenter<\/p>\n<\/li>\n<li data-start=\"312\" data-end=\"345\">\n<p data-start=\"314\" data-end=\"345\">H\u00e5ller v\u00e4rmen inne under l\u00e5ng tid<\/p>\n<\/li>\n<li data-start=\"346\" data-end=\"381\">\n<p data-start=\"348\" data-end=\"381\">Idealisk f\u00f6r g\u00e4stfrihet och speciella tillf\u00e4llen<\/p>\n<\/li>\n<\/ul>\n<p data-start=\"383\" data-end=\"402\"><strong data-start=\"383\" data-end=\"400\">Produktinformation<\/strong><\/p>\n<ul data-start=\"403\" data-end=\"533\">\n<li data-start=\"403\" data-end=\"433\">\n<p data-start=\"405\" data-end=\"433\">Antal: 2 termosar (kaffe + te)<\/p>\n<\/li>\n<li data-start=\"434\" data-end=\"459\">\n<p data-start=\"436\" data-end=\"459\">Kapacitet: 1 liter per termos<\/p>\n<\/li>\n<li data-start=\"460\" data-end=\"485\">\n<p data-start=\"462\" data-end=\"485\">F\u00e4rgerna: Bl\u00e5 med guld<\/p>\n<\/li>\n<li data-start=\"486\" data-end=\"533\">\n<p data-start=\"488\" data-end=\"533\">Material: Premiumplast med inv\u00e4ndig v\u00e4rmeisolering<\/p>\n<\/li>\n<\/ul>\n<p data-start=\"535\" data-end=\"557\"><strong data-start=\"535\" data-end=\"555\">F\u00f6rvaring och sk\u00f6tsel<\/strong><\/p>\n<ul data-start=\"558\" data-end=\"647\">\n<li data-start=\"558\" data-end=\"601\">\n<p data-start=\"560\" data-end=\"601\">Handtv\u00e4ttas f\u00f6rsiktigt med en mjuk svamp<\/p>\n<\/li>\n<li data-start=\"602\" data-end=\"647\">\n<p data-start=\"604\" data-end=\"647\">F\u00f6rvaras skyddat fr\u00e5n st\u00f6tar och direkt v\u00e4rme<\/p>\n<\/li>\n<\/ul>","protected":false},"excerpt":{"rendered":"<p>Ge din g\u00e4stfrihet en elegant och ljus touch med detta praktiska och lyxiga set f\u00f6r kaffe och te, tillverkat i en modern bl\u00e5 f\u00e4rg med en krona och guldkant.<\/p>","protected":false},"featured_media":56331,"template":"","meta":[],"product_brand":[],"product_cat":[347,326],"product_tag":[],"class_list":{"0":"post-56330","1":"product","2":"type-product","3":"status-publish","4":"has-post-thumbnail","6":"product_cat-347","7":"product_cat-326","9":"first","10":"instock","11":"taxable","12":"shipping-taxable","13":"purchasable","14":"product-type-simple"},"_links":{"self":[{"href":"https:\/\/senabel.com\/sv\/wp-json\/wp\/v2\/product\/56330","targetHints":{"allow":["GET"]}}],"collection":[{"href":"https:\/\/senabel.com\/sv\/wp-json\/wp\/v2\/product"}],"about":[{"href":"https:\/\/senabel.com\/sv\/wp-json\/wp\/v2\/types\/product"}],"version-history":[{"count":2,"href":"https:\/\/senabel.com\/sv\/wp-json\/wp\/v2\/product\/56330\/revisions"}],"predecessor-version":[{"id":56333,"href":"https:\/\/senabel.com\/sv\/wp-json\/wp\/v2\/product\/56330\/revisions\/56333"}],"wp:featuredmedia":[{"embeddable":true,"href":"https:\/\/senabel.com\/sv\/wp-json\/wp\/v2\/media\/56331"}],"wp:attachment":[{"href":"https:\/\/senabel.com\/sv\/wp-json\/wp\/v2\/media?parent=56330"}],"wp:term":[{"taxonomy":"product_brand","embeddable":true,"href":"https:\/\/senabel.com\/sv\/wp-json\/wp\/v2\/product_brand?post=56330"},{"taxonomy":"product_cat","embeddable":true,"href":"https:\/\/senabel.com\/sv\/wp-json\/wp\/v2\/product_cat?post=56330"},{"taxonomy":"product_tag","embeddable":true,"href":"https:\/\/senabel.com\/sv\/wp-json\/wp\/v2\/product_tag?post=56330"}],"curies":[{"name":"wp","href":"https:\/\/api.w.org\/{rel}","templated":true}]}}