{"id":56326,"date":"2025-10-02T09:45:16","date_gmt":"2025-10-02T09:45:16","guid":{"rendered":"https:\/\/senabel.com\/?post_type=product&#038;p=56326"},"modified":"2025-10-02T09:45:18","modified_gmt":"2025-10-02T09:45:18","slug":"lyxigt-rott-termosset-for-kaffe-och-te","status":"publish","type":"product","link":"https:\/\/senabel.com\/sv\/product\/luxury-red-coffee-and-tea-thermos-set\/","title":{"rendered":"Lyxigt termosset f\u00f6r kaffe och te i r\u00f6tt med gulddetaljer - 1 liters kapacitet"},"content":{"rendered":"<p data-start=\"67\" data-end=\"222\">Ge din g\u00e4stfrihet en lyxig och distinkt touch med denna moderna upps\u00e4ttning som kombinerar sk\u00f6nhet och funktionalitet, tillverkad i en elegant r\u00f6d f\u00e4rg med en gl\u00e4nsande guldfinish, f\u00f6r kaffe och te.<\/p>\n<p data-start=\"224\" data-end=\"238\"><strong data-start=\"224\" data-end=\"236\">Funktioner<\/strong><\/p>\n<ul data-start=\"239\" data-end=\"408\">\n<li data-start=\"239\" data-end=\"263\">\n<p data-start=\"241\" data-end=\"263\">1 liter kaffetermos<\/p>\n<\/li>\n<li data-start=\"264\" data-end=\"287\">\n<p data-start=\"266\" data-end=\"287\">1 liters termos f\u00f6r te<\/p>\n<\/li>\n<li data-start=\"288\" data-end=\"331\">\n<p data-start=\"290\" data-end=\"331\">Lyxig design i r\u00f6d f\u00e4rg med gulddekor<\/p>\n<\/li>\n<li data-start=\"332\" data-end=\"373\">\n<p data-start=\"334\" data-end=\"373\">H\u00e5ller drycker varma under l\u00e5ng tid<\/p>\n<\/li>\n<li data-start=\"374\" data-end=\"408\">\n<p data-start=\"376\" data-end=\"408\">Praktisk och idealisk f\u00f6r hotell och evenemang<\/p>\n<\/li>\n<\/ul>\n<p data-start=\"410\" data-end=\"429\"><strong data-start=\"410\" data-end=\"427\">Produktinformation<\/strong><\/p>\n<ul data-start=\"430\" data-end=\"560\">\n<li data-start=\"430\" data-end=\"460\">\n<p data-start=\"432\" data-end=\"460\">Antal: 2 termosar (kaffe + te)<\/p>\n<\/li>\n<li data-start=\"461\" data-end=\"486\">\n<p data-start=\"463\" data-end=\"486\">Kapacitet: 1 liter per termos<\/p>\n<\/li>\n<li data-start=\"487\" data-end=\"512\">\n<p data-start=\"489\" data-end=\"512\">F\u00e4rgerna: R\u00f6tt med guld<\/p>\n<\/li>\n<li data-start=\"513\" data-end=\"560\">\n<p data-start=\"515\" data-end=\"560\">Material: Premiumplast med inv\u00e4ndig v\u00e4rmeisolering<\/p>\n<\/li>\n<\/ul>\n<p data-start=\"562\" data-end=\"584\"><strong data-start=\"562\" data-end=\"582\">F\u00f6rvaring och sk\u00f6tsel<\/strong><\/p>\n<ul data-start=\"585\" data-end=\"669\">\n<li data-start=\"585\" data-end=\"623\">\n<p data-start=\"587\" data-end=\"623\">Handtv\u00e4ttas med en mjuk tv\u00e4ttsvamp<\/p>\n<\/li>\n<li data-start=\"624\" data-end=\"669\">\n<p data-start=\"626\" data-end=\"669\">F\u00f6rvaras skyddat fr\u00e5n st\u00f6tar och direkt v\u00e4rme<\/p>\n<\/li>\n<\/ul>","protected":false},"excerpt":{"rendered":"<p>Ge din g\u00e4stfrihet en lyxig och distinkt touch med denna moderna upps\u00e4ttning som kombinerar sk\u00f6nhet och funktionalitet, tillverkad i en elegant r\u00f6d f\u00e4rg med en gl\u00e4nsande guldfinish, f\u00f6r kaffe och te.<\/p>","protected":false},"featured_media":56327,"template":"","meta":[],"product_brand":[],"product_cat":[347,326],"product_tag":[],"class_list":{"0":"post-56326","1":"product","2":"type-product","3":"status-publish","4":"has-post-thumbnail","6":"product_cat-347","7":"product_cat-326","9":"first","10":"instock","11":"taxable","12":"shipping-taxable","13":"purchasable","14":"product-type-simple"},"_links":{"self":[{"href":"https:\/\/senabel.com\/sv\/wp-json\/wp\/v2\/product\/56326","targetHints":{"allow":["GET"]}}],"collection":[{"href":"https:\/\/senabel.com\/sv\/wp-json\/wp\/v2\/product"}],"about":[{"href":"https:\/\/senabel.com\/sv\/wp-json\/wp\/v2\/types\/product"}],"version-history":[{"count":2,"href":"https:\/\/senabel.com\/sv\/wp-json\/wp\/v2\/product\/56326\/revisions"}],"predecessor-version":[{"id":56329,"href":"https:\/\/senabel.com\/sv\/wp-json\/wp\/v2\/product\/56326\/revisions\/56329"}],"wp:featuredmedia":[{"embeddable":true,"href":"https:\/\/senabel.com\/sv\/wp-json\/wp\/v2\/media\/56327"}],"wp:attachment":[{"href":"https:\/\/senabel.com\/sv\/wp-json\/wp\/v2\/media?parent=56326"}],"wp:term":[{"taxonomy":"product_brand","embeddable":true,"href":"https:\/\/senabel.com\/sv\/wp-json\/wp\/v2\/product_brand?post=56326"},{"taxonomy":"product_cat","embeddable":true,"href":"https:\/\/senabel.com\/sv\/wp-json\/wp\/v2\/product_cat?post=56326"},{"taxonomy":"product_tag","embeddable":true,"href":"https:\/\/senabel.com\/sv\/wp-json\/wp\/v2\/product_tag?post=56326"}],"curies":[{"name":"wp","href":"https:\/\/api.w.org\/{rel}","templated":true}]}}