{"id":56320,"date":"2025-10-02T10:21:56","date_gmt":"2025-10-02T10:21:56","guid":{"rendered":"https:\/\/senabel.com\/?post_type=product&#038;p=56320"},"modified":"2025-12-22T22:06:54","modified_gmt":"2025-12-22T22:06:54","slug":"kaffekoppsset-i-klart-glas-med-bricka-i-bambutra","status":"publish","type":"product","link":"https:\/\/senabel.com\/sv\/product\/clear-glass-coffee-cup-set-with-bamboo-wood-tray\/","title":{"rendered":"Set med kaffekoppar i klarglas med bambubricka"},"content":{"rendered":"<p data-start=\"122\" data-end=\"257\">S\u00e4tt en praktisk och modern pr\u00e4gel p\u00e5 din g\u00e4stfrihet med denna eleganta upps\u00e4ttning som kombinerar enkelhet och lyx med sin klara glasdesign och bas i naturligt tr\u00e4.<\/p>\n<p data-start=\"259\" data-end=\"273\"><strong data-start=\"259\" data-end=\"271\">Funktioner<\/strong><\/p>\n<ul data-start=\"274\" data-end=\"441\">\n<li data-start=\"274\" data-end=\"310\">\n<p data-start=\"276\" data-end=\"310\">6 eleganta kaffekoppar i klarglas<\/p>\n<\/li>\n<li data-start=\"311\" data-end=\"360\">\n<p data-start=\"313\" data-end=\"360\">Separata tr\u00e4baser f\u00f6r varje kopp ger en estetiskt tilltalande touch<\/p>\n<\/li>\n<li data-start=\"361\" data-end=\"394\">\n<p data-start=\"363\" data-end=\"394\">Praktisk bambubricka f\u00f6r servering<\/p>\n<\/li>\n<li data-start=\"395\" data-end=\"441\">\n<p data-start=\"397\" data-end=\"441\">Modern design som \u00e4r idealisk f\u00f6r vardagsbruk och g\u00e4stfrihet<\/p>\n<\/li>\n<\/ul>\n<p data-start=\"443\" data-end=\"462\"><strong data-start=\"443\" data-end=\"460\">Produktinformation<\/strong><\/p>\n<ul data-start=\"463\" data-end=\"596\">\n<li data-start=\"463\" data-end=\"512\">\n<p data-start=\"465\" data-end=\"512\">Antal: 6 koppar + 6 tr\u00e4bottnar + serveringsbricka<\/p>\n<\/li>\n<li data-start=\"513\" data-end=\"553\">\n<p data-start=\"515\" data-end=\"553\">Materialet i kopparna: Klarglas av h\u00f6g kvalitet<\/p>\n<\/li>\n<li data-start=\"554\" data-end=\"596\">\n<p data-start=\"556\" data-end=\"596\">Kinesiska material och baser: Naturlig bambu<\/p>\n<\/li>\n<\/ul>\n<p data-start=\"598\" data-end=\"620\"><strong data-start=\"598\" data-end=\"618\">F\u00f6rvaring och sk\u00f6tsel<\/strong><\/p>\n<ul data-start=\"621\" data-end=\"713\">\n<li data-start=\"621\" data-end=\"667\">\n<p data-start=\"623\" data-end=\"667\">Handtv\u00e4tt f\u00f6r att bevara kvaliteten p\u00e5 tr\u00e4et och glaset<\/p>\n<\/li>\n<li data-start=\"668\" data-end=\"713\">\n<p data-start=\"670\" data-end=\"713\">F\u00f6rvaras \u00e5tskilt fr\u00e5n direkt v\u00e4rme och fukt<\/p>\n<\/li>\n<\/ul>","protected":false},"excerpt":{"rendered":"<p>S\u00e4tt en praktisk och modern pr\u00e4gel p\u00e5 din g\u00e4stfrihet med denna eleganta upps\u00e4ttning som kombinerar enkelhet och lyx med sin klara glasdesign och bas i naturligt tr\u00e4.<\/p>","protected":false},"featured_media":56321,"template":"","meta":[],"product_brand":[],"product_cat":[347,326],"product_tag":[],"class_list":{"0":"post-56320","1":"product","2":"type-product","3":"status-publish","4":"has-post-thumbnail","6":"product_cat-347","7":"product_cat-326","9":"first","10":"outofstock","11":"taxable","12":"shipping-taxable","13":"purchasable","14":"product-type-simple"},"_links":{"self":[{"href":"https:\/\/senabel.com\/sv\/wp-json\/wp\/v2\/product\/56320","targetHints":{"allow":["GET"]}}],"collection":[{"href":"https:\/\/senabel.com\/sv\/wp-json\/wp\/v2\/product"}],"about":[{"href":"https:\/\/senabel.com\/sv\/wp-json\/wp\/v2\/types\/product"}],"version-history":[{"count":1,"href":"https:\/\/senabel.com\/sv\/wp-json\/wp\/v2\/product\/56320\/revisions"}],"predecessor-version":[{"id":56322,"href":"https:\/\/senabel.com\/sv\/wp-json\/wp\/v2\/product\/56320\/revisions\/56322"}],"wp:featuredmedia":[{"embeddable":true,"href":"https:\/\/senabel.com\/sv\/wp-json\/wp\/v2\/media\/56321"}],"wp:attachment":[{"href":"https:\/\/senabel.com\/sv\/wp-json\/wp\/v2\/media?parent=56320"}],"wp:term":[{"taxonomy":"product_brand","embeddable":true,"href":"https:\/\/senabel.com\/sv\/wp-json\/wp\/v2\/product_brand?post=56320"},{"taxonomy":"product_cat","embeddable":true,"href":"https:\/\/senabel.com\/sv\/wp-json\/wp\/v2\/product_cat?post=56320"},{"taxonomy":"product_tag","embeddable":true,"href":"https:\/\/senabel.com\/sv\/wp-json\/wp\/v2\/product_tag?post=56320"}],"curies":[{"name":"wp","href":"https:\/\/api.w.org\/{rel}","templated":true}]}}