{"id":56312,"date":"2025-10-02T10:27:14","date_gmt":"2025-10-02T10:27:14","guid":{"rendered":"https:\/\/senabel.com\/?post_type=product&#038;p=56312"},"modified":"2025-11-11T11:55:58","modified_gmt":"2025-11-11T11:55:58","slug":"elegant-silverfargad-papperslada","status":"publish","type":"product","link":"https:\/\/senabel.com\/sv\/product\/elegant-silver-tissue-box\/","title":{"rendered":"Elegant silvern\u00e4sduksask i silver"},"content":{"rendered":"<p data-start=\"109\" data-end=\"136\"><strong data-start=\"109\" data-end=\"134\">Elegant silvern\u00e4sduksask i silver<\/strong><\/p>\n<ul data-start=\"137\" data-end=\"326\">\n<li data-start=\"137\" data-end=\"171\">\n<p data-start=\"139\" data-end=\"171\">Lyxig metallisk design i en gl\u00e4nsande silverf\u00e4rg<\/p>\n<\/li>\n<li data-start=\"172\" data-end=\"218\">\n<p data-start=\"174\" data-end=\"218\">Den finns i tv\u00e5 distinkta tryck f\u00f6r att passa alla smaker<\/p>\n<\/li>\n<li data-start=\"219\" data-end=\"278\">\n<p data-start=\"221\" data-end=\"278\">Robust bas med dekorativt lock och inv\u00e4ndiga speglar som ger en lyxig touch<\/p>\n<\/li>\n<li data-start=\"279\" data-end=\"326\">\n<p data-start=\"281\" data-end=\"326\">Perfekt f\u00f6r bord och vardagsrum eller som en snygg present<\/p>\n<\/li>\n<\/ul>\n<p data-start=\"328\" data-end=\"342\"><strong data-start=\"328\" data-end=\"340\">Detaljer<\/strong><\/p>\n<ul data-start=\"343\" data-end=\"454\">\n<li data-start=\"343\" data-end=\"371\">\n<p data-start=\"345\" data-end=\"371\">Materialet: Silverpl\u00e4terad metall<\/p>\n<\/li>\n<li data-start=\"372\" data-end=\"386\">\n<p data-start=\"374\" data-end=\"386\">F\u00e4rg: Silver<\/p>\n<\/li>\n<li data-start=\"387\" data-end=\"413\">\n<p data-start=\"389\" data-end=\"413\">Formen: Tv\u00e5 olika m\u00f6nster<\/p>\n<\/li>\n<li data-start=\"414\" data-end=\"454\">\n<p data-start=\"416\" data-end=\"454\">Anv\u00e4ndning: Lyxig dekorativ mjukpappersl\u00e5da<\/p>\n<\/li>\n<\/ul>","protected":false},"excerpt":{"rendered":"<p>Lyxig silverf\u00e4rgad mjukpappersl\u00e5da med tv\u00e5 distinkta m\u00f6nster, elegant metalldesign med inv\u00e4ndiga speglar, perfekt f\u00f6r att ge en sofistikerad touch till din heminredning.<\/p>","protected":false},"featured_media":56313,"template":"","meta":[],"product_brand":[],"product_cat":[347,326],"product_tag":[],"class_list":{"0":"post-56312","1":"product","2":"type-product","3":"status-publish","4":"has-post-thumbnail","6":"product_cat-347","7":"product_cat-326","9":"first","10":"outofstock","11":"taxable","12":"shipping-taxable","13":"product-type-variable"},"_links":{"self":[{"href":"https:\/\/senabel.com\/sv\/wp-json\/wp\/v2\/product\/56312","targetHints":{"allow":["GET"]}}],"collection":[{"href":"https:\/\/senabel.com\/sv\/wp-json\/wp\/v2\/product"}],"about":[{"href":"https:\/\/senabel.com\/sv\/wp-json\/wp\/v2\/types\/product"}],"version-history":[{"count":1,"href":"https:\/\/senabel.com\/sv\/wp-json\/wp\/v2\/product\/56312\/revisions"}],"predecessor-version":[{"id":56319,"href":"https:\/\/senabel.com\/sv\/wp-json\/wp\/v2\/product\/56312\/revisions\/56319"}],"wp:featuredmedia":[{"embeddable":true,"href":"https:\/\/senabel.com\/sv\/wp-json\/wp\/v2\/media\/56313"}],"wp:attachment":[{"href":"https:\/\/senabel.com\/sv\/wp-json\/wp\/v2\/media?parent=56312"}],"wp:term":[{"taxonomy":"product_brand","embeddable":true,"href":"https:\/\/senabel.com\/sv\/wp-json\/wp\/v2\/product_brand?post=56312"},{"taxonomy":"product_cat","embeddable":true,"href":"https:\/\/senabel.com\/sv\/wp-json\/wp\/v2\/product_cat?post=56312"},{"taxonomy":"product_tag","embeddable":true,"href":"https:\/\/senabel.com\/sv\/wp-json\/wp\/v2\/product_tag?post=56312"}],"curies":[{"name":"wp","href":"https:\/\/api.w.org\/{rel}","templated":true}]}}