{"id":56292,"date":"2025-10-02T10:32:07","date_gmt":"2025-10-02T10:32:07","guid":{"rendered":"https:\/\/senabel.com\/?post_type=product&#038;p=56292"},"modified":"2026-01-27T22:17:29","modified_gmt":"2026-01-27T22:17:29","slug":"keramiskt-kaffekoppsset-med-trabas","status":"publish","type":"product","link":"https:\/\/senabel.com\/sv\/product\/ceramic-coffee-cup-set-with-wooden-base\/","title":{"rendered":"Set med kaffekoppar med tr\u00e4botten"},"content":{"rendered":"<p data-start=\"105\" data-end=\"241\">L\u00e4gg till en touch av elegans till din g\u00e4stfrihet med denna praktiska upps\u00e4ttning som kombinerar enkel design med sofistikerade detaljer genom att kombinera vit keramik med en elegant tr\u00e4bas<\/p>\n<p data-start=\"243\" data-end=\"257\"><strong data-start=\"243\" data-end=\"255\">Funktioner<\/strong><\/p>\n<ul data-start=\"258\" data-end=\"418\">\n<li data-start=\"258\" data-end=\"297\">\n<p data-start=\"260\" data-end=\"297\">Inneh\u00e5ller 6 kaffekoppar med modern design<\/p>\n<\/li>\n<li data-start=\"298\" data-end=\"338\">\n<p data-start=\"300\" data-end=\"338\">Tr\u00e4bas ger setet ett distinkt utseende<\/p>\n<\/li>\n<li data-start=\"339\" data-end=\"368\">\n<p data-start=\"341\" data-end=\"368\">Slitstarka och l\u00e4ttrengjorda material<\/p>\n<\/li>\n<li data-start=\"369\" data-end=\"418\">\n<p data-start=\"371\" data-end=\"418\">L\u00e4mplig f\u00f6r vardagsbruk och speciella g\u00e4stfrihetsmilj\u00f6er<\/p>\n<\/li>\n<\/ul>\n<p data-start=\"420\" data-end=\"439\"><strong data-start=\"420\" data-end=\"437\">Produktinformation<\/strong><\/p>\n<ul data-start=\"440\" data-end=\"535\">\n<li data-start=\"440\" data-end=\"469\">\n<p data-start=\"442\" data-end=\"469\">Antalet: 6 koppar med 6 fat<\/p>\n<\/li>\n<li data-start=\"470\" data-end=\"508\">\n<p data-start=\"472\" data-end=\"508\">Materialet i kopparna: Keramik av h\u00f6g kvalitet<\/p>\n<\/li>\n<li data-start=\"509\" data-end=\"535\">\n<p data-start=\"511\" data-end=\"535\">Material f\u00f6r tallrik: Naturligt tr\u00e4<\/p>\n<\/li>\n<\/ul>\n<p data-start=\"537\" data-end=\"559\"><strong data-start=\"537\" data-end=\"557\">F\u00f6rvaring och sk\u00f6tsel<\/strong><\/p>\n<ul data-start=\"560\" data-end=\"638\">\n<li data-start=\"560\" data-end=\"598\">\n<p data-start=\"562\" data-end=\"598\">Handtv\u00e4tt f\u00f6r att bibeh\u00e5lla kvaliteten p\u00e5 upps\u00e4ttningen<\/p>\n<\/li>\n<li data-start=\"599\" data-end=\"638\">\n<p data-start=\"601\" data-end=\"638\">F\u00f6rvaras torrt och skyddat fr\u00e5n fukt<\/p>\n<\/li>\n<\/ul>","protected":false},"excerpt":{"rendered":"<p>L\u00e4gg till en touch av elegans till din g\u00e4stfrihet med denna praktiska upps\u00e4ttning som kombinerar enkel design med sofistikerade detaljer genom att kombinera vit keramik med en elegant tr\u00e4bas<\/p>","protected":false},"featured_media":56293,"template":"","meta":[],"product_brand":[],"product_cat":[347,326],"product_tag":[],"class_list":{"0":"post-56292","1":"product","2":"type-product","3":"status-publish","4":"has-post-thumbnail","6":"product_cat-347","7":"product_cat-326","9":"first","10":"outofstock","11":"taxable","12":"shipping-taxable","13":"purchasable","14":"product-type-simple"},"_links":{"self":[{"href":"https:\/\/senabel.com\/sv\/wp-json\/wp\/v2\/product\/56292","targetHints":{"allow":["GET"]}}],"collection":[{"href":"https:\/\/senabel.com\/sv\/wp-json\/wp\/v2\/product"}],"about":[{"href":"https:\/\/senabel.com\/sv\/wp-json\/wp\/v2\/types\/product"}],"version-history":[{"count":3,"href":"https:\/\/senabel.com\/sv\/wp-json\/wp\/v2\/product\/56292\/revisions"}],"predecessor-version":[{"id":56296,"href":"https:\/\/senabel.com\/sv\/wp-json\/wp\/v2\/product\/56292\/revisions\/56296"}],"wp:featuredmedia":[{"embeddable":true,"href":"https:\/\/senabel.com\/sv\/wp-json\/wp\/v2\/media\/56293"}],"wp:attachment":[{"href":"https:\/\/senabel.com\/sv\/wp-json\/wp\/v2\/media?parent=56292"}],"wp:term":[{"taxonomy":"product_brand","embeddable":true,"href":"https:\/\/senabel.com\/sv\/wp-json\/wp\/v2\/product_brand?post=56292"},{"taxonomy":"product_cat","embeddable":true,"href":"https:\/\/senabel.com\/sv\/wp-json\/wp\/v2\/product_cat?post=56292"},{"taxonomy":"product_tag","embeddable":true,"href":"https:\/\/senabel.com\/sv\/wp-json\/wp\/v2\/product_tag?post=56292"}],"curies":[{"name":"wp","href":"https:\/\/api.w.org\/{rel}","templated":true}]}}