{"id":56275,"date":"2025-10-02T08:14:29","date_gmt":"2025-10-02T08:14:29","guid":{"rendered":"https:\/\/senabel.com\/?post_type=product&#038;p=56275"},"modified":"2026-02-21T19:55:15","modified_gmt":"2026-02-21T19:55:15","slug":"lyxigt-svart-och-guldfargat-kaffekoppsset","status":"publish","type":"product","link":"https:\/\/senabel.com\/sv\/product\/luxury-black-and-gold-coffee-cup-set\/","title":{"rendered":"Lyxigt kaffekoppsset i svart och guld"},"content":{"rendered":"<h4 data-start=\"23\" data-end=\"112\">Kaffekoppset i keramik, svart med guld - 6 koppar + serveringstallrik<\/h4>\n<p data-start=\"114\" data-end=\"296\">Ett elegant set som kombinerar originalitet med en modern touch, tillverkat av keramik i en blank svart f\u00e4rg med arabiska motiv i lyxig guldkalligrafi. Setet levereras i en lyxig l\u00e5da, vilket g\u00f6r det till ett utm\u00e4rkt val f\u00f6r g\u00e4stfrihet eller som g\u00e5va.<\/p>\n<p data-start=\"298\" data-end=\"318\"><strong data-start=\"298\" data-end=\"316\">Produktinformation:<\/strong><\/p>\n<ul data-start=\"319\" data-end=\"483\">\n<li data-start=\"319\" data-end=\"350\">\n<p data-start=\"321\" data-end=\"350\">Materialet: H\u00f6gkvalitativ keramik<\/p>\n<\/li>\n<li data-start=\"351\" data-end=\"392\">\n<p data-start=\"353\" data-end=\"392\">Antal: 6 kaffekoppar + fyrkantig serveringstallrik<\/p>\n<\/li>\n<li data-start=\"393\" data-end=\"437\">\n<p data-start=\"395\" data-end=\"437\">F\u00e4rg: Svart med guldf\u00e4rgad arabisk kalligrafidekoration<\/p>\n<\/li>\n<li data-start=\"438\" data-end=\"483\">\n<p data-start=\"440\" data-end=\"483\">Designen: Inspirerad av lyxiga arabiska m\u00f6nster<\/p>\n<\/li>\n<\/ul>\n<p data-start=\"485\" data-end=\"500\"><strong data-start=\"485\" data-end=\"498\">Funktioner:<\/strong><\/p>\n<ul data-start=\"501\" data-end=\"674\">\n<li data-start=\"501\" data-end=\"540\">\n<p data-start=\"503\" data-end=\"540\">En lyxig look som kombinerar originalitet och modernitet<\/p>\n<\/li>\n<li data-start=\"541\" data-end=\"600\">\n<p data-start=\"543\" data-end=\"600\">Perfekt f\u00f6r servering av arabiskt eller turkiskt kaffe vid representationsevenemang<\/p>\n<\/li>\n<li data-start=\"601\" data-end=\"622\">\n<p data-start=\"603\" data-end=\"622\">Slitstark och l\u00e4tt att reng\u00f6ra<\/p>\n<\/li>\n<li data-start=\"623\" data-end=\"674\">\n<p data-start=\"625\" data-end=\"674\">En snygg och prydlig l\u00e5da som passar f\u00f6r f\u00f6rvaring eller som present<\/p>\n<\/li>\n<\/ul>","protected":false},"excerpt":{"rendered":"<p>Ett elegant set som kombinerar originalitet med en modern touch, tillverkat av keramik i en blank svart f\u00e4rg med arabiska motiv i lyxig guldkalligrafi. Setet levereras i en lyxig l\u00e5da, vilket g\u00f6r det till ett utm\u00e4rkt val f\u00f6r g\u00e4stfrihet eller som g\u00e5va.<\/p>","protected":false},"featured_media":56276,"template":"","meta":[],"product_brand":[],"product_cat":[326,347],"product_tag":[],"class_list":{"0":"post-56275","1":"product","2":"type-product","3":"status-publish","4":"has-post-thumbnail","6":"product_cat-326","7":"product_cat-347","9":"first","10":"outofstock","11":"taxable","12":"shipping-taxable","13":"purchasable","14":"product-type-simple"},"_links":{"self":[{"href":"https:\/\/senabel.com\/sv\/wp-json\/wp\/v2\/product\/56275","targetHints":{"allow":["GET"]}}],"collection":[{"href":"https:\/\/senabel.com\/sv\/wp-json\/wp\/v2\/product"}],"about":[{"href":"https:\/\/senabel.com\/sv\/wp-json\/wp\/v2\/types\/product"}],"version-history":[{"count":1,"href":"https:\/\/senabel.com\/sv\/wp-json\/wp\/v2\/product\/56275\/revisions"}],"predecessor-version":[{"id":56277,"href":"https:\/\/senabel.com\/sv\/wp-json\/wp\/v2\/product\/56275\/revisions\/56277"}],"wp:featuredmedia":[{"embeddable":true,"href":"https:\/\/senabel.com\/sv\/wp-json\/wp\/v2\/media\/56276"}],"wp:attachment":[{"href":"https:\/\/senabel.com\/sv\/wp-json\/wp\/v2\/media?parent=56275"}],"wp:term":[{"taxonomy":"product_brand","embeddable":true,"href":"https:\/\/senabel.com\/sv\/wp-json\/wp\/v2\/product_brand?post=56275"},{"taxonomy":"product_cat","embeddable":true,"href":"https:\/\/senabel.com\/sv\/wp-json\/wp\/v2\/product_cat?post=56275"},{"taxonomy":"product_tag","embeddable":true,"href":"https:\/\/senabel.com\/sv\/wp-json\/wp\/v2\/product_tag?post=56275"}],"curies":[{"name":"wp","href":"https:\/\/api.w.org\/{rel}","templated":true}]}}