{"id":56271,"date":"2025-10-02T10:34:08","date_gmt":"2025-10-02T10:34:08","guid":{"rendered":"https:\/\/senabel.com\/?post_type=product&#038;p=56271"},"modified":"2025-10-02T10:34:09","modified_gmt":"2025-10-02T10:34:09","slug":"lyxigt-bittert-kaffekoppsset-3","status":"publish","type":"product","link":"https:\/\/senabel.com\/sv\/product\/luxury-bitter-coffee-cup-set-3\/","title":{"rendered":"Bitter Luxury Set med kaffekoppar - 12 delar"},"content":{"rendered":"<p data-start=\"109\" data-end=\"263\">En lyxig upps\u00e4ttning arabiska kaffekoppar, tillverkade av h\u00f6gkvalitativ keramik, i en elegant svart f\u00e4rg med gyllene geometriska motiv som \u00e5terspeglar en kombination av lyx och klassisk arabisk stil.<\/p>\n<p data-start=\"265\" data-end=\"285\"><strong data-start=\"265\" data-end=\"283\">Produktinformation:<\/strong><\/p>\n<ul data-start=\"286\" data-end=\"416\">\n<li data-start=\"286\" data-end=\"305\">\n<p data-start=\"288\" data-end=\"305\">Artikel: Keramik<\/p>\n<\/li>\n<li data-start=\"306\" data-end=\"330\">\n<p data-start=\"308\" data-end=\"330\">Antalet: 12 koppar kaffe<\/p>\n<\/li>\n<li data-start=\"331\" data-end=\"372\">\n<p data-start=\"333\" data-end=\"372\">F\u00e4rgen: Svart med geometriska motiv i guld<\/p>\n<\/li>\n<li data-start=\"373\" data-end=\"416\">\n<p data-start=\"375\" data-end=\"416\">Designen: Modern och inspirerad av traditionella m\u00f6nster<\/p>\n<\/li>\n<\/ul>\n<p data-start=\"418\" data-end=\"433\"><strong data-start=\"418\" data-end=\"431\">Funktioner:<\/strong><\/p>\n<ul data-start=\"434\" data-end=\"601\">\n<li data-start=\"434\" data-end=\"476\">\n<p data-start=\"436\" data-end=\"476\">Elegant design som ger en lyxig touch till g\u00e4stfriheten<\/p>\n<\/li>\n<li data-start=\"477\" data-end=\"512\">\n<p data-start=\"479\" data-end=\"512\">Perfekt f\u00f6r arabiskt eller turkiskt kaffe<\/p>\n<\/li>\n<li data-start=\"513\" data-end=\"551\">\n<p data-start=\"515\" data-end=\"551\">L\u00e4tt att reng\u00f6ra och t\u00e5lig f\u00f6r daglig anv\u00e4ndning<\/p>\n<\/li>\n<li data-start=\"552\" data-end=\"601\">\n<p data-start=\"554\" data-end=\"601\">Levereras i en lyxig l\u00e5da som \u00e4r l\u00e4mplig f\u00f6r f\u00f6rvaring eller som en omt\u00e4nksam present<\/p>\n<\/li>\n<\/ul>","protected":false},"excerpt":{"rendered":"<p>En lyxig upps\u00e4ttning arabiska kaffekoppar, tillverkade av h\u00f6gkvalitativ keramik, i en elegant svart f\u00e4rg med gyllene geometriska motiv som \u00e5terspeglar en kombination av lyx och klassisk arabisk stil.<\/p>","protected":false},"featured_media":56272,"template":"","meta":[],"product_brand":[],"product_cat":[347,326],"product_tag":[],"class_list":{"0":"post-56271","1":"product","2":"type-product","3":"status-publish","4":"has-post-thumbnail","6":"product_cat-347","7":"product_cat-326","9":"first","10":"instock","11":"taxable","12":"shipping-taxable","13":"purchasable","14":"product-type-simple"},"_links":{"self":[{"href":"https:\/\/senabel.com\/sv\/wp-json\/wp\/v2\/product\/56271","targetHints":{"allow":["GET"]}}],"collection":[{"href":"https:\/\/senabel.com\/sv\/wp-json\/wp\/v2\/product"}],"about":[{"href":"https:\/\/senabel.com\/sv\/wp-json\/wp\/v2\/types\/product"}],"version-history":[{"count":2,"href":"https:\/\/senabel.com\/sv\/wp-json\/wp\/v2\/product\/56271\/revisions"}],"predecessor-version":[{"id":56274,"href":"https:\/\/senabel.com\/sv\/wp-json\/wp\/v2\/product\/56271\/revisions\/56274"}],"wp:featuredmedia":[{"embeddable":true,"href":"https:\/\/senabel.com\/sv\/wp-json\/wp\/v2\/media\/56272"}],"wp:attachment":[{"href":"https:\/\/senabel.com\/sv\/wp-json\/wp\/v2\/media?parent=56271"}],"wp:term":[{"taxonomy":"product_brand","embeddable":true,"href":"https:\/\/senabel.com\/sv\/wp-json\/wp\/v2\/product_brand?post=56271"},{"taxonomy":"product_cat","embeddable":true,"href":"https:\/\/senabel.com\/sv\/wp-json\/wp\/v2\/product_cat?post=56271"},{"taxonomy":"product_tag","embeddable":true,"href":"https:\/\/senabel.com\/sv\/wp-json\/wp\/v2\/product_tag?post=56271"}],"curies":[{"name":"wp","href":"https:\/\/api.w.org\/{rel}","templated":true}]}}