{"id":56256,"date":"2025-10-02T10:57:16","date_gmt":"2025-10-02T10:57:16","guid":{"rendered":"https:\/\/senabel.com\/?post_type=product&#038;p=56256"},"modified":"2025-12-22T16:51:42","modified_gmt":"2025-12-22T16:51:42","slug":"keramiskt-kaffekoppsset-med-bricka","status":"publish","type":"product","link":"https:\/\/senabel.com\/sv\/product\/ceramic-coffee-cup-set-with-tray\/","title":{"rendered":"Set med kaffekoppar i keramik med bricka"},"content":{"rendered":"<p data-start=\"118\" data-end=\"304\">En lyxig upps\u00e4ttning med 6 kaffekoppar med sm\u00e5 tallrikar och en elegant serveringsbricka. Tillverkad av h\u00f6gkvalitativ keramik med en modern glansig finish som ger en lyxig touch till din g\u00e4stfrihet. L\u00e4mplig f\u00f6r vardagsbruk eller speciella tillf\u00e4llen.<\/p>\n<p data-start=\"306\" data-end=\"326\"><strong data-start=\"306\" data-end=\"324\">Produktinformation:<\/strong><\/p>\n<ul data-start=\"327\" data-end=\"478\">\n<li data-start=\"327\" data-end=\"358\">\n<p data-start=\"329\" data-end=\"358\">Materialet: H\u00f6gkvalitativ keramik<\/p>\n<\/li>\n<li data-start=\"359\" data-end=\"412\">\n<p data-start=\"361\" data-end=\"412\">Antal: 6 kaffekoppar + 6 sm\u00e5 tallrikar + serveringsbricka<\/p>\n<\/li>\n<li data-start=\"413\" data-end=\"454\">\n<p data-start=\"415\" data-end=\"454\">F\u00e4rgen: Svart med kopparglans (premiumf\u00e4rg)<\/p>\n<\/li>\n<li data-start=\"455\" data-end=\"478\">\n<p data-start=\"457\" data-end=\"478\">Designen: Modern och trendig<\/p>\n<\/li>\n<\/ul>\n<p data-start=\"480\" data-end=\"495\"><strong data-start=\"480\" data-end=\"493\">Funktioner:<\/strong><\/p>\n<ul data-start=\"496\" data-end=\"644\">\n<li data-start=\"496\" data-end=\"542\">\n<p data-start=\"498\" data-end=\"542\">Elegant design som ger en touch av glamour till ditt representationsbord<\/p>\n<\/li>\n<li data-start=\"543\" data-end=\"586\">\n<p data-start=\"545\" data-end=\"586\">Praktisk och l\u00e4mplig f\u00f6r b\u00e5de vardags- och fritidsbruk<\/p>\n<\/li>\n<li data-start=\"587\" data-end=\"622\">\n<p data-start=\"589\" data-end=\"622\">En distinkt bricka f\u00f6r snygg och prydlig presentation<\/p>\n<\/li>\n<li data-start=\"623\" data-end=\"644\">\n<p data-start=\"625\" data-end=\"644\">L\u00e4tt att reng\u00f6ra och slitstark<\/p>\n<\/li>\n<\/ul>","protected":false},"excerpt":{"rendered":"<p>En lyxig upps\u00e4ttning med 6 kaffekoppar med sm\u00e5 tallrikar och en elegant serveringsbricka. Tillverkad av h\u00f6gkvalitativ keramik med en modern glansig finish som ger en lyxig touch till din g\u00e4stfrihet. L\u00e4mplig f\u00f6r vardagsbruk eller speciella tillf\u00e4llen.<\/p>","protected":false},"featured_media":56257,"template":"","meta":[],"product_brand":[],"product_cat":[347,326],"product_tag":[],"class_list":{"0":"post-56256","1":"product","2":"type-product","3":"status-publish","4":"has-post-thumbnail","6":"product_cat-347","7":"product_cat-326","9":"first","10":"outofstock","11":"taxable","12":"shipping-taxable","13":"purchasable","14":"product-type-simple"},"_links":{"self":[{"href":"https:\/\/senabel.com\/sv\/wp-json\/wp\/v2\/product\/56256","targetHints":{"allow":["GET"]}}],"collection":[{"href":"https:\/\/senabel.com\/sv\/wp-json\/wp\/v2\/product"}],"about":[{"href":"https:\/\/senabel.com\/sv\/wp-json\/wp\/v2\/types\/product"}],"version-history":[{"count":2,"href":"https:\/\/senabel.com\/sv\/wp-json\/wp\/v2\/product\/56256\/revisions"}],"predecessor-version":[{"id":56259,"href":"https:\/\/senabel.com\/sv\/wp-json\/wp\/v2\/product\/56256\/revisions\/56259"}],"wp:featuredmedia":[{"embeddable":true,"href":"https:\/\/senabel.com\/sv\/wp-json\/wp\/v2\/media\/56257"}],"wp:attachment":[{"href":"https:\/\/senabel.com\/sv\/wp-json\/wp\/v2\/media?parent=56256"}],"wp:term":[{"taxonomy":"product_brand","embeddable":true,"href":"https:\/\/senabel.com\/sv\/wp-json\/wp\/v2\/product_brand?post=56256"},{"taxonomy":"product_cat","embeddable":true,"href":"https:\/\/senabel.com\/sv\/wp-json\/wp\/v2\/product_cat?post=56256"},{"taxonomy":"product_tag","embeddable":true,"href":"https:\/\/senabel.com\/sv\/wp-json\/wp\/v2\/product_tag?post=56256"}],"curies":[{"name":"wp","href":"https:\/\/api.w.org\/{rel}","templated":true}]}}