{"id":56248,"date":"2025-10-02T10:53:48","date_gmt":"2025-10-02T10:53:48","guid":{"rendered":"https:\/\/senabel.com\/?post_type=product&#038;p=56248"},"modified":"2026-02-21T19:55:15","modified_gmt":"2026-02-21T19:55:15","slug":"dekorerade-tekoppar","status":"publish","type":"product","link":"https:\/\/senabel.com\/sv\/product\/decorated-tea-cups\/","title":{"rendered":"Dekorativa tekoppar - 6 stycken (geometrisk design)"},"content":{"rendered":"<p data-start=\"117\" data-end=\"281\">En elegant upps\u00e4ttning glasmuggar dekorerade med moderna geometriska linjer som ger en distinkt touch till ditt tebord. Tillverkade av h\u00f6gkvalitativt transparent glas med ett bekv\u00e4mt handtag f\u00f6r vardagsbruk eller representation.<\/p>\n<p data-start=\"283\" data-end=\"303\"><strong data-start=\"283\" data-end=\"301\">Produktinformation:<\/strong><\/p>\n<ul data-start=\"304\" data-end=\"411\">\n<li data-start=\"304\" data-end=\"326\">\n<p data-start=\"306\" data-end=\"326\">Antal delar: 6 glas\u00f6gon<\/p>\n<\/li>\n<li data-start=\"327\" data-end=\"352\">\n<p data-start=\"329\" data-end=\"352\">Kapacitet: 170 ml per glas<\/p>\n<\/li>\n<li data-start=\"353\" data-end=\"384\">\n<p data-start=\"355\" data-end=\"384\">Designen: Graverade geometriska linjer<\/p>\n<\/li>\n<li data-start=\"385\" data-end=\"411\">\n<p data-start=\"387\" data-end=\"411\">Materialet: H\u00e5llbart klart glas<\/p>\n<\/li>\n<\/ul>\n<p data-start=\"413\" data-end=\"428\"><strong data-start=\"413\" data-end=\"426\">Funktioner:<\/strong><\/p>\n<ul data-start=\"429\" data-end=\"525\">\n<li data-start=\"429\" data-end=\"469\">\n<p data-start=\"431\" data-end=\"469\">Snygg, modern design f\u00f6r alla tillf\u00e4llen<\/p>\n<\/li>\n<li data-start=\"470\" data-end=\"504\">\n<p data-start=\"472\" data-end=\"504\">Praktisk f\u00f6r vardagsbruk och g\u00e4stfrihet<\/p>\n<\/li>\n<li data-start=\"505\" data-end=\"525\">\n<p data-start=\"507\" data-end=\"525\">S\u00e4ker och l\u00e4tt att reng\u00f6ra<\/p>\n<\/li>\n<\/ul>","protected":false},"excerpt":{"rendered":"<p>En elegant upps\u00e4ttning glasmuggar dekorerade med moderna geometriska linjer som ger en distinkt touch till ditt tebord. Tillverkade av h\u00f6gkvalitativt transparent glas med ett bekv\u00e4mt handtag f\u00f6r vardagsbruk eller representation.<\/p>","protected":false},"featured_media":56249,"template":"","meta":[],"product_brand":[],"product_cat":[347,326],"product_tag":[],"class_list":{"0":"post-56248","1":"product","2":"type-product","3":"status-publish","4":"has-post-thumbnail","6":"product_cat-347","7":"product_cat-326","9":"first","10":"instock","11":"taxable","12":"shipping-taxable","13":"purchasable","14":"product-type-simple"},"_links":{"self":[{"href":"https:\/\/senabel.com\/sv\/wp-json\/wp\/v2\/product\/56248","targetHints":{"allow":["GET"]}}],"collection":[{"href":"https:\/\/senabel.com\/sv\/wp-json\/wp\/v2\/product"}],"about":[{"href":"https:\/\/senabel.com\/sv\/wp-json\/wp\/v2\/types\/product"}],"version-history":[{"count":3,"href":"https:\/\/senabel.com\/sv\/wp-json\/wp\/v2\/product\/56248\/revisions"}],"predecessor-version":[{"id":60532,"href":"https:\/\/senabel.com\/sv\/wp-json\/wp\/v2\/product\/56248\/revisions\/60532"}],"wp:featuredmedia":[{"embeddable":true,"href":"https:\/\/senabel.com\/sv\/wp-json\/wp\/v2\/media\/56249"}],"wp:attachment":[{"href":"https:\/\/senabel.com\/sv\/wp-json\/wp\/v2\/media?parent=56248"}],"wp:term":[{"taxonomy":"product_brand","embeddable":true,"href":"https:\/\/senabel.com\/sv\/wp-json\/wp\/v2\/product_brand?post=56248"},{"taxonomy":"product_cat","embeddable":true,"href":"https:\/\/senabel.com\/sv\/wp-json\/wp\/v2\/product_cat?post=56248"},{"taxonomy":"product_tag","embeddable":true,"href":"https:\/\/senabel.com\/sv\/wp-json\/wp\/v2\/product_tag?post=56248"}],"curies":[{"name":"wp","href":"https:\/\/api.w.org\/{rel}","templated":true}]}}