{"id":56240,"date":"2025-10-02T10:58:31","date_gmt":"2025-10-02T10:58:31","guid":{"rendered":"https:\/\/senabel.com\/?post_type=product&#038;p=56240"},"modified":"2026-02-08T21:00:26","modified_gmt":"2026-02-08T21:00:26","slug":"turkiska-tekoppar-6-stycken","status":"publish","type":"product","link":"https:\/\/senabel.com\/sv\/product\/turkish-tea-cups-6-pieces\/","title":{"rendered":"Turkiska tekoppar - 6 stycken"},"content":{"rendered":"<p data-start=\"86\" data-end=\"235\">Njut av den turkiska g\u00e4stfrihetens \u00e4kthet med detta eleganta och funktionella tekoppsset. Den distinkta b\u00f6jda formen ger en bekv\u00e4m drickupplevelse och ger en touch av elegans till ditt bord.<\/p>\n<p data-start=\"237\" data-end=\"257\"><strong data-start=\"237\" data-end=\"255\">Produktinformation:<\/strong><\/p>\n<ul data-start=\"258\" data-end=\"385\">\n<li data-start=\"258\" data-end=\"280\">\n<p data-start=\"260\" data-end=\"280\">Antal delar: 6 glas\u00f6gon<\/p>\n<\/li>\n<li data-start=\"281\" data-end=\"310\">\n<p data-start=\"283\" data-end=\"310\">Designen: Elegant traditionell turkisk<\/p>\n<\/li>\n<li data-start=\"311\" data-end=\"344\">\n<p data-start=\"313\" data-end=\"344\">Materialet: H\u00f6gkvalitativt transparent glas<\/p>\n<\/li>\n<li data-start=\"345\" data-end=\"385\">\n<p data-start=\"347\" data-end=\"385\">Storleken: Passar perfekt f\u00f6r att servera te<\/p>\n<\/li>\n<\/ul>\n<p data-start=\"387\" data-end=\"402\"><strong data-start=\"387\" data-end=\"400\">Funktioner:<\/strong><\/p>\n<ul data-start=\"403\" data-end=\"519\">\n<li data-start=\"403\" data-end=\"452\">\n<p data-start=\"405\" data-end=\"452\">Lyxig klassisk design f\u00f6r vardagligt v\u00e4rdskap och evenemang<\/p>\n<\/li>\n<li data-start=\"453\" data-end=\"488\">\n<p data-start=\"455\" data-end=\"488\">Robust och praktiskt glas f\u00f6r vardagsbruk<\/p>\n<\/li>\n<li data-start=\"489\" data-end=\"519\">\n<p data-start=\"491\" data-end=\"519\">L\u00e4tt att reng\u00f6ra och s\u00e4ker att anv\u00e4nda<\/p>\n<\/li>\n<\/ul>","protected":false},"excerpt":{"rendered":"<p>Njut av den turkiska g\u00e4stfrihetens \u00e4kthet med detta eleganta och funktionella tekoppsset. Den distinkta b\u00f6jda formen ger en bekv\u00e4m drickupplevelse och ger en touch av elegans till ditt bord.<\/p>","protected":false},"featured_media":56241,"template":"","meta":[],"product_brand":[],"product_cat":[347,326],"product_tag":[],"class_list":{"0":"post-56240","1":"product","2":"type-product","3":"status-publish","4":"has-post-thumbnail","6":"product_cat-347","7":"product_cat-326","9":"first","10":"outofstock","11":"taxable","12":"shipping-taxable","13":"purchasable","14":"product-type-simple"},"_links":{"self":[{"href":"https:\/\/senabel.com\/sv\/wp-json\/wp\/v2\/product\/56240","targetHints":{"allow":["GET"]}}],"collection":[{"href":"https:\/\/senabel.com\/sv\/wp-json\/wp\/v2\/product"}],"about":[{"href":"https:\/\/senabel.com\/sv\/wp-json\/wp\/v2\/types\/product"}],"version-history":[{"count":2,"href":"https:\/\/senabel.com\/sv\/wp-json\/wp\/v2\/product\/56240\/revisions"}],"predecessor-version":[{"id":56243,"href":"https:\/\/senabel.com\/sv\/wp-json\/wp\/v2\/product\/56240\/revisions\/56243"}],"wp:featuredmedia":[{"embeddable":true,"href":"https:\/\/senabel.com\/sv\/wp-json\/wp\/v2\/media\/56241"}],"wp:attachment":[{"href":"https:\/\/senabel.com\/sv\/wp-json\/wp\/v2\/media?parent=56240"}],"wp:term":[{"taxonomy":"product_brand","embeddable":true,"href":"https:\/\/senabel.com\/sv\/wp-json\/wp\/v2\/product_brand?post=56240"},{"taxonomy":"product_cat","embeddable":true,"href":"https:\/\/senabel.com\/sv\/wp-json\/wp\/v2\/product_cat?post=56240"},{"taxonomy":"product_tag","embeddable":true,"href":"https:\/\/senabel.com\/sv\/wp-json\/wp\/v2\/product_tag?post=56240"}],"curies":[{"name":"wp","href":"https:\/\/api.w.org\/{rel}","templated":true}]}}