{"id":56234,"date":"2025-10-02T10:58:49","date_gmt":"2025-10-02T10:58:49","guid":{"rendered":"https:\/\/senabel.com\/?post_type=product&#038;p=56234"},"modified":"2025-12-22T16:51:42","modified_gmt":"2025-12-22T16:51:42","slug":"toalettglasuppsattning","status":"publish","type":"product","link":"https:\/\/senabel.com\/sv\/product\/lav-glass-set\/","title":{"rendered":"LAV Glasservis - 18 delar (3 storlekar)"},"content":{"rendered":"<p data-start=\"142\" data-end=\"316\">L\u00e4gg till en touch av elegans till ditt bord med det lyxiga glasssetet fr\u00e5n LAV Turkish. Den moderna designen med distinkta geometriska linjer kombinerar funktionalitet och sk\u00f6nhet och g\u00f6r den perfekt f\u00f6r b\u00e5de vardag och fest.<\/p>\n<p data-start=\"318\" data-end=\"338\"><strong data-start=\"318\" data-end=\"336\">Produktinformation:<\/strong><\/p>\n<ul data-start=\"339\" data-end=\"566\">\n<li data-start=\"339\" data-end=\"355\">\n<p data-start=\"341\" data-end=\"355\">Varum\u00e4rke: LAV<\/p>\n<\/li>\n<li data-start=\"356\" data-end=\"378\">\n<p data-start=\"358\" data-end=\"378\">Antal delar: 18 stycken<\/p>\n<\/li>\n<li data-start=\"379\" data-end=\"527\">\n<p data-start=\"381\" data-end=\"393\">Den inneh\u00e5ller:<\/p>\n<ul data-start=\"396\" data-end=\"527\">\n<li data-start=\"396\" data-end=\"437\">\n<p data-start=\"398\" data-end=\"437\">6 glas \u00e0 13 oz (ca 385 ml)<\/p>\n<\/li>\n<li data-start=\"440\" data-end=\"482\">\n<p data-start=\"442\" data-end=\"482\">6 st 10 oz glas (ca 300 ml)<\/p>\n<\/li>\n<li data-start=\"485\" data-end=\"527\">\n<p data-start=\"487\" data-end=\"527\">6 glas \u00e0 7 \u00bd uns (cirka 220 ml)<\/p>\n<\/li>\n<\/ul>\n<\/li>\n<li data-start=\"528\" data-end=\"566\">\n<p data-start=\"530\" data-end=\"566\">Design: Modern med geometriska linjer (Diamond)<\/p>\n<\/li>\n<\/ul>\n<p data-start=\"568\" data-end=\"588\"><strong data-start=\"568\" data-end=\"586\">Produktens egenskaper:<\/strong><\/p>\n<ul data-start=\"589\" data-end=\"740\">\n<li data-start=\"589\" data-end=\"620\">\n<p data-start=\"591\" data-end=\"620\">H\u00f6gkvalitativt glas som \u00e4r transparent och elegant<\/p>\n<\/li>\n<li data-start=\"621\" data-end=\"666\">\n<p data-start=\"623\" data-end=\"666\">L\u00e4mplig f\u00f6r kalla och varma juicer och drycker<\/p>\n<\/li>\n<li data-start=\"667\" data-end=\"704\">\n<p data-start=\"669\" data-end=\"704\">Idealisk f\u00f6r vardagsbruk eller representation<\/p>\n<\/li>\n<li data-start=\"705\" data-end=\"740\">\n<p data-start=\"707\" data-end=\"740\">Elegant design f\u00f6r alla tillf\u00e4llen<\/p>\n<\/li>\n<\/ul>","protected":false},"excerpt":{"rendered":"<p>L\u00e4gg till en touch av elegans till ditt bord med det lyxiga glasssetet fr\u00e5n LAV Turkish. Den moderna designen med distinkta geometriska linjer kombinerar funktionalitet och sk\u00f6nhet och g\u00f6r den perfekt f\u00f6r b\u00e5de vardag och fest.<\/p>","protected":false},"featured_media":56235,"template":"","meta":[],"product_brand":[],"product_cat":[347,326],"product_tag":[],"class_list":{"0":"post-56234","1":"product","2":"type-product","3":"status-publish","4":"has-post-thumbnail","6":"product_cat-347","7":"product_cat-326","9":"first","10":"outofstock","11":"taxable","12":"shipping-taxable","13":"purchasable","14":"product-type-simple"},"_links":{"self":[{"href":"https:\/\/senabel.com\/sv\/wp-json\/wp\/v2\/product\/56234","targetHints":{"allow":["GET"]}}],"collection":[{"href":"https:\/\/senabel.com\/sv\/wp-json\/wp\/v2\/product"}],"about":[{"href":"https:\/\/senabel.com\/sv\/wp-json\/wp\/v2\/types\/product"}],"version-history":[{"count":1,"href":"https:\/\/senabel.com\/sv\/wp-json\/wp\/v2\/product\/56234\/revisions"}],"predecessor-version":[{"id":56239,"href":"https:\/\/senabel.com\/sv\/wp-json\/wp\/v2\/product\/56234\/revisions\/56239"}],"wp:featuredmedia":[{"embeddable":true,"href":"https:\/\/senabel.com\/sv\/wp-json\/wp\/v2\/media\/56235"}],"wp:attachment":[{"href":"https:\/\/senabel.com\/sv\/wp-json\/wp\/v2\/media?parent=56234"}],"wp:term":[{"taxonomy":"product_brand","embeddable":true,"href":"https:\/\/senabel.com\/sv\/wp-json\/wp\/v2\/product_brand?post=56234"},{"taxonomy":"product_cat","embeddable":true,"href":"https:\/\/senabel.com\/sv\/wp-json\/wp\/v2\/product_cat?post=56234"},{"taxonomy":"product_tag","embeddable":true,"href":"https:\/\/senabel.com\/sv\/wp-json\/wp\/v2\/product_tag?post=56234"}],"curies":[{"name":"wp","href":"https:\/\/api.w.org\/{rel}","templated":true}]}}