{"id":56229,"date":"2025-10-02T08:14:13","date_gmt":"2025-10-02T08:14:13","guid":{"rendered":"https:\/\/senabel.com\/?post_type=product&#038;p=56229"},"modified":"2025-12-09T02:41:13","modified_gmt":"2025-12-09T02:41:13","slug":"1-liters-tekanna-i-glas-med-lock-i-massing-och-tra-och-trabas","status":"publish","type":"product","link":"https:\/\/senabel.com\/sv\/product\/1-liter-glass-teapot-with-brass-wooden-lid-and-wooden-base\/","title":{"rendered":"1 liters tekanna av glas med lock av koppartr\u00e4 och tr\u00e4botten"},"content":{"rendered":"<p data-start=\"156\" data-end=\"347\">G\u00f6r dina tesessioner mer eleganta med denna lyxiga tekanna i glas med en modern twist. Den har v\u00e4rmet\u00e5ligt klarglas, ett dekorativt tr\u00e4lock med ett lyxigt m\u00e4ssingshandtag och en tr\u00e4bas som ger stabilitet och en sofistikerad look.<\/p>\n<p data-start=\"349\" data-end=\"369\"><strong data-start=\"349\" data-end=\"367\">Produktinformation:<\/strong><\/p>\n<ul data-start=\"370\" data-end=\"477\">\n<li data-start=\"370\" data-end=\"386\">\n<p data-start=\"372\" data-end=\"386\">Kapacitet: 1 liter<\/p>\n<\/li>\n<li data-start=\"387\" data-end=\"415\">\n<p data-start=\"389\" data-end=\"415\">Material: V\u00e4rmebest\u00e4ndigt glas<\/p>\n<\/li>\n<li data-start=\"416\" data-end=\"448\">\n<p data-start=\"418\" data-end=\"448\">Tr\u00e4lock med elegant m\u00e4ssingshandtag<\/p>\n<\/li>\n<li data-start=\"449\" data-end=\"477\">\n<p data-start=\"451\" data-end=\"477\">Praktiskt och attraktivt tr\u00e4underrede<\/p>\n<\/li>\n<\/ul>\n<p data-start=\"479\" data-end=\"499\"><strong data-start=\"479\" data-end=\"497\">Produktens egenskaper:<\/strong><\/p>\n<ul data-start=\"500\" data-end=\"671\">\n<li data-start=\"500\" data-end=\"545\">\n<p data-start=\"502\" data-end=\"545\">Lyxig design med en kombination av glas, tr\u00e4 och koppar<\/p>\n<\/li>\n<li data-start=\"546\" data-end=\"593\">\n<p data-start=\"548\" data-end=\"593\">Praktisk f\u00f6r tillredning och servering av te och varma drycker<\/p>\n<\/li>\n<li data-start=\"594\" data-end=\"635\">\n<p data-start=\"596\" data-end=\"635\">Bas f\u00f6r extra stabilitet p\u00e5 bordet<\/p>\n<\/li>\n<li data-start=\"636\" data-end=\"671\">\n<p data-start=\"638\" data-end=\"671\">Idealisk f\u00f6r hotell- och restaurangbranschen och evenemang<\/p>\n<\/li>\n<\/ul>","protected":false},"excerpt":{"rendered":"<p>G\u00f6r dina tesessioner mer eleganta med denna lyxiga tekanna i glas med en modern twist. Den har v\u00e4rmet\u00e5ligt klarglas, ett dekorativt tr\u00e4lock med ett lyxigt m\u00e4ssingshandtag och en tr\u00e4bas som ger stabilitet och en sofistikerad look.<\/p>","protected":false},"featured_media":56230,"template":"","meta":[],"product_brand":[],"product_cat":[347,326],"product_tag":[],"class_list":{"0":"post-56229","1":"product","2":"type-product","3":"status-publish","4":"has-post-thumbnail","6":"product_cat-347","7":"product_cat-326","9":"first","10":"outofstock","11":"taxable","12":"shipping-taxable","13":"purchasable","14":"product-type-simple"},"_links":{"self":[{"href":"https:\/\/senabel.com\/sv\/wp-json\/wp\/v2\/product\/56229","targetHints":{"allow":["GET"]}}],"collection":[{"href":"https:\/\/senabel.com\/sv\/wp-json\/wp\/v2\/product"}],"about":[{"href":"https:\/\/senabel.com\/sv\/wp-json\/wp\/v2\/types\/product"}],"version-history":[{"count":2,"href":"https:\/\/senabel.com\/sv\/wp-json\/wp\/v2\/product\/56229\/revisions"}],"predecessor-version":[{"id":56233,"href":"https:\/\/senabel.com\/sv\/wp-json\/wp\/v2\/product\/56229\/revisions\/56233"}],"wp:featuredmedia":[{"embeddable":true,"href":"https:\/\/senabel.com\/sv\/wp-json\/wp\/v2\/media\/56230"}],"wp:attachment":[{"href":"https:\/\/senabel.com\/sv\/wp-json\/wp\/v2\/media?parent=56229"}],"wp:term":[{"taxonomy":"product_brand","embeddable":true,"href":"https:\/\/senabel.com\/sv\/wp-json\/wp\/v2\/product_brand?post=56229"},{"taxonomy":"product_cat","embeddable":true,"href":"https:\/\/senabel.com\/sv\/wp-json\/wp\/v2\/product_cat?post=56229"},{"taxonomy":"product_tag","embeddable":true,"href":"https:\/\/senabel.com\/sv\/wp-json\/wp\/v2\/product_tag?post=56229"}],"curies":[{"name":"wp","href":"https:\/\/api.w.org\/{rel}","templated":true}]}}