{"id":56171,"date":"2025-09-30T14:03:16","date_gmt":"2025-09-30T14:03:16","guid":{"rendered":"https:\/\/senabel.com\/?post_type=product&#038;p=56171"},"modified":"2026-03-21T15:43:00","modified_gmt":"2026-03-21T15:43:00","slug":"dadelmelass","status":"publish","type":"product","link":"https:\/\/senabel.com\/sv\/product\/date-molasses\/","title":{"rendered":"Basrah dadelmelass 450 g"},"content":{"rendered":"<p data-start=\"82\" data-end=\"249\">Njut av den autentiska smaken av irakisk dadelmelass som tillverkas av de finaste Basra-dadlarna. Melass \u00e4r rik p\u00e5 n\u00e4ringsv\u00e4rde och naturlig energi och \u00e4r perfekt som dessert eller som tillsats i olika r\u00e4tter och desserter.<\/p>\n<p data-start=\"251\" data-end=\"271\"><strong data-start=\"251\" data-end=\"269\">Produktinformation:<\/strong><\/p>\n<ul data-start=\"272\" data-end=\"388\">\n<li data-start=\"272\" data-end=\"298\">\n<p data-start=\"274\" data-end=\"298\">Nettovikt: 450g<\/p>\n<\/li>\n<li data-start=\"299\" data-end=\"329\">\n<p data-start=\"301\" data-end=\"329\">Naturlig 100% utan tillsatser<\/p>\n<\/li>\n<li data-start=\"330\" data-end=\"368\">\n<p data-start=\"332\" data-end=\"368\">Utm\u00e4rkt k\u00e4lla till energi, j\u00e4rn och mineraler<\/p>\n<\/li>\n<li data-start=\"369\" data-end=\"388\">\n<p data-start=\"371\" data-end=\"388\">L\u00e4mplig f\u00f6r vegetarianer<\/p>\n<\/li>\n<\/ul>\n<p data-start=\"390\" data-end=\"410\"><strong data-start=\"390\" data-end=\"408\">Produktens egenskaper:<\/strong><\/p>\n<ul data-start=\"411\" data-end=\"551\">\n<li data-start=\"411\" data-end=\"446\">\n<p data-start=\"413\" data-end=\"446\">En rik och autentisk smak av Basra-dadlar<\/p>\n<\/li>\n<li data-start=\"447\" data-end=\"474\">\n<p data-start=\"449\" data-end=\"474\">\u00d6kar energin och fr\u00e4mjar h\u00e4lsan<\/p>\n<\/li>\n<li data-start=\"475\" data-end=\"551\">\n<p data-start=\"477\" data-end=\"551\">M\u00e5ngsidig: Med br\u00f6d, desserter, varma drycker eller som en kulinarisk tillsats<\/p>\n<\/li>\n<\/ul>\n<p data-start=\"553\" data-end=\"631\"><strong data-start=\"553\" data-end=\"573\">F\u00f6rvaringsanvisningar:<\/strong><br data-start=\"573\" data-end=\"576\" \/>F\u00f6rvaras svalt, torrt och skyddat fr\u00e5n direkt solljus.<\/p>","protected":false},"excerpt":{"rendered":"<p>Njut av den autentiska smaken av irakisk dadelmelass som tillverkas av de finaste Basra-dadlarna. Melass \u00e4r rik p\u00e5 n\u00e4ringsv\u00e4rde och naturlig energi och \u00e4r perfekt som dessert eller som tillsats i olika r\u00e4tter och desserter.<\/p>","protected":false},"featured_media":56172,"template":"","meta":[],"product_brand":[],"product_cat":[349,372,286,347],"product_tag":[],"class_list":{"0":"post-56171","1":"product","2":"type-product","3":"status-publish","4":"has-post-thumbnail","6":"product_cat-349","7":"product_cat-372","8":"product_cat-286","9":"product_cat-347","11":"first","12":"instock","13":"taxable","14":"shipping-taxable","15":"purchasable","16":"product-type-simple"},"_links":{"self":[{"href":"https:\/\/senabel.com\/sv\/wp-json\/wp\/v2\/product\/56171","targetHints":{"allow":["GET"]}}],"collection":[{"href":"https:\/\/senabel.com\/sv\/wp-json\/wp\/v2\/product"}],"about":[{"href":"https:\/\/senabel.com\/sv\/wp-json\/wp\/v2\/types\/product"}],"version-history":[{"count":3,"href":"https:\/\/senabel.com\/sv\/wp-json\/wp\/v2\/product\/56171\/revisions"}],"predecessor-version":[{"id":60670,"href":"https:\/\/senabel.com\/sv\/wp-json\/wp\/v2\/product\/56171\/revisions\/60670"}],"wp:featuredmedia":[{"embeddable":true,"href":"https:\/\/senabel.com\/sv\/wp-json\/wp\/v2\/media\/56172"}],"wp:attachment":[{"href":"https:\/\/senabel.com\/sv\/wp-json\/wp\/v2\/media?parent=56171"}],"wp:term":[{"taxonomy":"product_brand","embeddable":true,"href":"https:\/\/senabel.com\/sv\/wp-json\/wp\/v2\/product_brand?post=56171"},{"taxonomy":"product_cat","embeddable":true,"href":"https:\/\/senabel.com\/sv\/wp-json\/wp\/v2\/product_cat?post=56171"},{"taxonomy":"product_tag","embeddable":true,"href":"https:\/\/senabel.com\/sv\/wp-json\/wp\/v2\/product_tag?post=56171"}],"curies":[{"name":"wp","href":"https:\/\/api.w.org\/{rel}","templated":true}]}}