{"id":56168,"date":"2025-09-30T14:00:42","date_gmt":"2025-09-30T14:00:42","guid":{"rendered":"https:\/\/senabel.com\/?post_type=product&#038;p=56168"},"modified":"2025-12-11T10:36:33","modified_gmt":"2025-12-11T10:36:33","slug":"paranotter","status":"publish","type":"product","link":"https:\/\/senabel.com\/sv\/product\/brazil-nuts\/","title":{"rendered":"Paran\u00f6tter 500g"},"content":{"rendered":"<p data-start=\"77\" data-end=\"283\">Njut av den lyxiga smaken och h\u00e4lsof\u00f6rdelarna hos n\u00e4ringsrika brasilianska valn\u00f6tsk\u00e4rnor. En utm\u00e4rkt k\u00e4lla till selen och h\u00e4lsosamma fetter, vilket g\u00f6r dem till ett perfekt val f\u00f6r h\u00e4lsosamma mellanm\u00e5l eller att l\u00e4gga till i dina favoritrecept.<\/p>\n<p data-start=\"285\" data-end=\"305\"><strong data-start=\"285\" data-end=\"303\">Produktinformation:<\/strong><\/p>\n<ul data-start=\"306\" data-end=\"424\">\n<li data-start=\"306\" data-end=\"332\">\n<p data-start=\"308\" data-end=\"332\">Nettovikt: 500g<\/p>\n<\/li>\n<li data-start=\"333\" data-end=\"347\">\n<p data-start=\"335\" data-end=\"347\">Naturell 100%<\/p>\n<\/li>\n<li data-start=\"348\" data-end=\"385\">\n<p data-start=\"350\" data-end=\"385\">Rik p\u00e5 selen och viktiga mineraler<\/p>\n<\/li>\n<li data-start=\"386\" data-end=\"424\">\n<p data-start=\"388\" data-end=\"424\">Hj\u00e4lper till att st\u00e4rka immunf\u00f6rsvaret och hj\u00e4rth\u00e4lsan<\/p>\n<\/li>\n<\/ul>\n<p data-start=\"426\" data-end=\"446\"><strong data-start=\"426\" data-end=\"444\">Produktens egenskaper:<\/strong><\/p>\n<ul data-start=\"447\" data-end=\"567\">\n<li data-start=\"447\" data-end=\"475\">\n<p data-start=\"449\" data-end=\"475\">En bra k\u00e4lla till daglig energi<\/p>\n<\/li>\n<li data-start=\"476\" data-end=\"510\">\n<p data-start=\"478\" data-end=\"510\">L\u00e4mplig f\u00f6r vegetarianer och veganer<\/p>\n<\/li>\n<li data-start=\"511\" data-end=\"567\">\n<p data-start=\"513\" data-end=\"567\">Kan \u00e4tas som mellanm\u00e5l eller tills\u00e4ttas i bakverk och sallader<\/p>\n<\/li>\n<\/ul>\n<p data-start=\"569\" data-end=\"666\"><strong data-start=\"569\" data-end=\"589\">F\u00f6rvaringsanvisningar:<\/strong><br data-start=\"589\" data-end=\"592\" \/>F\u00f6rvara p\u00e5 en sval och torr plats i en luftt\u00e4t beh\u00e5llare f\u00f6r att bevara den friska smaken.<\/p>","protected":false},"excerpt":{"rendered":"<p>Njut av den lyxiga smaken och h\u00e4lsof\u00f6rdelarna hos n\u00e4ringsrika brasilianska valn\u00f6tsk\u00e4rnor. En utm\u00e4rkt k\u00e4lla till selen och h\u00e4lsosamma fetter, vilket g\u00f6r dem till ett perfekt val f\u00f6r h\u00e4lsosamma mellanm\u00e5l eller att l\u00e4gga till i dina favoritrecept.<\/p>","protected":false},"featured_media":56169,"template":"","meta":[],"product_brand":[],"product_cat":[349,423,308],"product_tag":[],"class_list":{"0":"post-56168","1":"product","2":"type-product","3":"status-publish","4":"has-post-thumbnail","6":"product_cat-349","7":"product_cat-423","8":"product_cat-308","10":"first","11":"outofstock","12":"taxable","13":"shipping-taxable","14":"purchasable","15":"product-type-simple"},"_links":{"self":[{"href":"https:\/\/senabel.com\/sv\/wp-json\/wp\/v2\/product\/56168","targetHints":{"allow":["GET"]}}],"collection":[{"href":"https:\/\/senabel.com\/sv\/wp-json\/wp\/v2\/product"}],"about":[{"href":"https:\/\/senabel.com\/sv\/wp-json\/wp\/v2\/types\/product"}],"version-history":[{"count":1,"href":"https:\/\/senabel.com\/sv\/wp-json\/wp\/v2\/product\/56168\/revisions"}],"predecessor-version":[{"id":56170,"href":"https:\/\/senabel.com\/sv\/wp-json\/wp\/v2\/product\/56168\/revisions\/56170"}],"wp:featuredmedia":[{"embeddable":true,"href":"https:\/\/senabel.com\/sv\/wp-json\/wp\/v2\/media\/56169"}],"wp:attachment":[{"href":"https:\/\/senabel.com\/sv\/wp-json\/wp\/v2\/media?parent=56168"}],"wp:term":[{"taxonomy":"product_brand","embeddable":true,"href":"https:\/\/senabel.com\/sv\/wp-json\/wp\/v2\/product_brand?post=56168"},{"taxonomy":"product_cat","embeddable":true,"href":"https:\/\/senabel.com\/sv\/wp-json\/wp\/v2\/product_cat?post=56168"},{"taxonomy":"product_tag","embeddable":true,"href":"https:\/\/senabel.com\/sv\/wp-json\/wp\/v2\/product_tag?post=56168"}],"curies":[{"name":"wp","href":"https:\/\/api.w.org\/{rel}","templated":true}]}}