{"id":56156,"date":"2025-09-30T13:49:21","date_gmt":"2025-09-30T13:49:21","guid":{"rendered":"https:\/\/senabel.com\/?post_type=product&#038;p=56156"},"modified":"2025-12-07T11:20:49","modified_gmt":"2025-12-07T11:20:49","slug":"torkad-jujube","status":"publish","type":"product","link":"https:\/\/senabel.com\/sv\/product\/dried-jujube\/","title":{"rendered":"Torkad jujube - 500g"},"content":{"rendered":"<p data-start=\"130\" data-end=\"368\">Njut av den naturliga smaken och de rika h\u00e4lsof\u00f6rdelarna med <em data-start=\"179\" data-end=\"194\">Torkad jujube<\/em>En traditionell orientalisk frukt som \u00e4r k\u00e4nd f\u00f6r sin s\u00f6ta smak och distinkta konsistens. Jujube \u00e4r perfekt som ett h\u00e4lsosamt mellanm\u00e5l eller som ingrediens i drycker och \u00f6rter f\u00f6r att f\u00e5 en naturlig smak.<\/p>\n<p data-start=\"370\" data-end=\"390\"><strong data-start=\"370\" data-end=\"388\">Produktinformation:<\/strong><\/p>\n<ul data-start=\"391\" data-end=\"525\">\n<li data-start=\"391\" data-end=\"417\">\n<p data-start=\"393\" data-end=\"417\">Nettovikt: 500g<\/p>\n<\/li>\n<li data-start=\"418\" data-end=\"444\">\n<p data-start=\"420\" data-end=\"444\">Typ av produkt: Torkad naturlig jujube<\/p>\n<\/li>\n<li data-start=\"445\" data-end=\"525\">\n<p data-start=\"447\" data-end=\"525\">Anv\u00e4ndning: Som mellanm\u00e5l eller i varma drycker och naturl\u00e4kemedel<\/p>\n<\/li>\n<\/ul>\n<p data-start=\"527\" data-end=\"547\"><strong data-start=\"527\" data-end=\"545\">Produktens egenskaper:<\/strong><\/p>\n<ul data-start=\"548\" data-end=\"728\">\n<li data-start=\"548\" data-end=\"586\">\n<p data-start=\"550\" data-end=\"586\">Rik p\u00e5 naturliga vitaminer och mineraler<\/p>\n<\/li>\n<li data-start=\"587\" data-end=\"641\">\n<p data-start=\"589\" data-end=\"641\">Anv\u00e4nds inom folkmedicinen f\u00f6r att st\u00e4rka immunf\u00f6rsvaret och f\u00f6rb\u00e4ttra matsm\u00e4ltningen<\/p>\n<\/li>\n<li data-start=\"642\" data-end=\"681\">\n<p data-start=\"644\" data-end=\"681\">En distinkt smak som kombinerar s\u00f6tma och friskhet<\/p>\n<\/li>\n<li data-start=\"682\" data-end=\"728\">\n<p data-start=\"684\" data-end=\"728\">Perfekt som ett h\u00e4lsosamt alternativ till processade desserter<\/p>\n<\/li>\n<\/ul>\n<p data-start=\"730\" data-end=\"817\"><strong data-start=\"730\" data-end=\"750\">F\u00f6rvaringsanvisningar:<\/strong><br data-start=\"750\" data-end=\"753\" \/>F\u00f6rvara p\u00e5 en sval, torr plats, skyddad fr\u00e5n fukt och direkt solljus.<\/p>\n<p data-start=\"819\" data-end=\"840\"><strong data-start=\"819\" data-end=\"838\">Ytterligare information:<\/strong><\/p>\n<ul data-start=\"841\" data-end=\"906\">\n<li data-start=\"841\" data-end=\"860\">\n<p data-start=\"843\" data-end=\"860\">Naturprodukt 100%<\/p>\n<\/li>\n<li data-start=\"861\" data-end=\"906\">\n<p data-start=\"863\" data-end=\"906\">Fri fr\u00e5n konserveringsmedel och konstgjorda tillsatser<\/p>\n<\/li>\n<\/ul>","protected":false},"excerpt":{"rendered":"<p>Njut av den naturliga smaken och de rika h\u00e4lsof\u00f6rdelarna med <em data-start=\"179\" data-end=\"194\">Torkad jujube<\/em>En traditionell orientalisk frukt som \u00e4r k\u00e4nd f\u00f6r sin s\u00f6ta smak och distinkta konsistens. Jujube \u00e4r perfekt som ett h\u00e4lsosamt mellanm\u00e5l eller som ingrediens i drycker och \u00f6rter f\u00f6r att f\u00e5 en naturlig smak.<\/p>","protected":false},"featured_media":56157,"template":"","meta":[],"product_brand":[],"product_cat":[349,327,227,367],"product_tag":[],"class_list":{"0":"post-56156","1":"product","2":"type-product","3":"status-publish","4":"has-post-thumbnail","6":"product_cat-349","7":"product_cat-327","8":"product_cat-227","9":"product_cat-367","11":"first","12":"outofstock","13":"sale","14":"taxable","15":"shipping-taxable","16":"purchasable","17":"product-type-simple"},"_links":{"self":[{"href":"https:\/\/senabel.com\/sv\/wp-json\/wp\/v2\/product\/56156","targetHints":{"allow":["GET"]}}],"collection":[{"href":"https:\/\/senabel.com\/sv\/wp-json\/wp\/v2\/product"}],"about":[{"href":"https:\/\/senabel.com\/sv\/wp-json\/wp\/v2\/types\/product"}],"version-history":[{"count":1,"href":"https:\/\/senabel.com\/sv\/wp-json\/wp\/v2\/product\/56156\/revisions"}],"predecessor-version":[{"id":56158,"href":"https:\/\/senabel.com\/sv\/wp-json\/wp\/v2\/product\/56156\/revisions\/56158"}],"wp:featuredmedia":[{"embeddable":true,"href":"https:\/\/senabel.com\/sv\/wp-json\/wp\/v2\/media\/56157"}],"wp:attachment":[{"href":"https:\/\/senabel.com\/sv\/wp-json\/wp\/v2\/media?parent=56156"}],"wp:term":[{"taxonomy":"product_brand","embeddable":true,"href":"https:\/\/senabel.com\/sv\/wp-json\/wp\/v2\/product_brand?post=56156"},{"taxonomy":"product_cat","embeddable":true,"href":"https:\/\/senabel.com\/sv\/wp-json\/wp\/v2\/product_cat?post=56156"},{"taxonomy":"product_tag","embeddable":true,"href":"https:\/\/senabel.com\/sv\/wp-json\/wp\/v2\/product_tag?post=56156"}],"curies":[{"name":"wp","href":"https:\/\/api.w.org\/{rel}","templated":true}]}}