{"id":56086,"date":"2025-09-26T15:43:57","date_gmt":"2025-09-26T15:43:57","guid":{"rendered":"https:\/\/senabel.com\/?post_type=product&#038;p=56086"},"modified":"2026-01-27T13:58:13","modified_gmt":"2026-01-27T13:58:13","slug":"guldchokladmedalj","status":"publish","type":"product","link":"https:\/\/senabel.com\/sv\/product\/gold-chocolate-medal\/","title":{"rendered":"Guldmedalj Choklad - 500g"},"content":{"rendered":"<p data-start=\"210\" data-end=\"438\">Njut av lyxiga stunder med <em data-start=\"238\" data-end=\"264\">Guldmedalj f\u00f6r choklad<\/em>Den rika chokladsmaken kombineras med en elegant design som efterliknar myntens form. Perfekt f\u00f6r representation, evenemang och lyxpresenter som ger en touch av klass och sofistikering.<\/p>\n<p data-start=\"440\" data-end=\"460\"><strong data-start=\"440\" data-end=\"458\">Produktinformation:<\/strong><\/p>\n<ul data-start=\"461\" data-end=\"605\">\n<li data-start=\"461\" data-end=\"487\">\n<p data-start=\"463\" data-end=\"487\">Nettovikt: 500g<\/p>\n<\/li>\n<li data-start=\"488\" data-end=\"556\">\n<p data-start=\"490\" data-end=\"556\">Typ av choklad: Choklad inlindad i gl\u00e4nsande guldfolie i form av mynt<\/p>\n<\/li>\n<li data-start=\"557\" data-end=\"605\">\n<p data-start=\"559\" data-end=\"605\">F\u00f6rpackning: Individuellt f\u00f6rpackad f\u00f6r att bevara f\u00e4rskheten<\/p>\n<\/li>\n<\/ul>\n<p data-start=\"607\" data-end=\"627\"><strong data-start=\"607\" data-end=\"625\">Produktens egenskaper:<\/strong><\/p>\n<ul data-start=\"628\" data-end=\"775\">\n<li data-start=\"628\" data-end=\"659\">\n<p data-start=\"630\" data-end=\"659\">Len och l\u00e4cker choklad<\/p>\n<\/li>\n<li data-start=\"660\" data-end=\"695\">\n<p data-start=\"662\" data-end=\"695\">Utm\u00e4rkande myntformad design<\/p>\n<\/li>\n<li data-start=\"696\" data-end=\"736\">\n<p data-start=\"698\" data-end=\"736\">Perfekt f\u00f6r servering p\u00e5 festivaler och vid andra tillf\u00e4llen<\/p>\n<\/li>\n<li data-start=\"737\" data-end=\"775\">\n<p data-start=\"739\" data-end=\"775\">Ett utm\u00e4rkt val f\u00f6r lyxpresenter och representation<\/p>\n<\/li>\n<\/ul>\n<p data-start=\"777\" data-end=\"855\"><strong data-start=\"777\" data-end=\"797\">F\u00f6rvaringsanvisningar:<\/strong><br data-start=\"797\" data-end=\"800\" \/>F\u00f6rvaras svalt, torrt och skyddat fr\u00e5n direkt solljus.<\/p>\n<p data-start=\"857\" data-end=\"878\"><strong data-start=\"857\" data-end=\"876\">Ytterligare information:<\/strong><\/p>\n<ul data-start=\"879\" data-end=\"954\">\n<li data-start=\"879\" data-end=\"906\">\n<p data-start=\"881\" data-end=\"906\">Fri fr\u00e5n konserveringsmedel<\/p>\n<\/li>\n<li data-start=\"907\" data-end=\"954\">\n<p data-start=\"909\" data-end=\"954\">En lyxig produkt som ger en touch av glamour till alla tillf\u00e4llen<\/p>\n<\/li>\n<\/ul>","protected":false},"excerpt":{"rendered":"<p>Njut av lyxiga stunder med <em data-start=\"238\" data-end=\"264\">Guldmedalj f\u00f6r choklad<\/em>Den rika chokladsmaken kombineras med en elegant design som efterliknar myntens form. Perfekt f\u00f6r representation, evenemang och lyxpresenter som ger en touch av klass och sofistikering.<\/p>","protected":false},"featured_media":56087,"template":"","meta":[],"product_brand":[],"product_cat":[347,297],"product_tag":[],"class_list":{"0":"post-56086","1":"product","2":"type-product","3":"status-publish","4":"has-post-thumbnail","6":"product_cat-347","7":"product_cat-297","9":"first","10":"outofstock","11":"taxable","12":"shipping-taxable","13":"purchasable","14":"product-type-simple"},"_links":{"self":[{"href":"https:\/\/senabel.com\/sv\/wp-json\/wp\/v2\/product\/56086","targetHints":{"allow":["GET"]}}],"collection":[{"href":"https:\/\/senabel.com\/sv\/wp-json\/wp\/v2\/product"}],"about":[{"href":"https:\/\/senabel.com\/sv\/wp-json\/wp\/v2\/types\/product"}],"version-history":[{"count":3,"href":"https:\/\/senabel.com\/sv\/wp-json\/wp\/v2\/product\/56086\/revisions"}],"predecessor-version":[{"id":56132,"href":"https:\/\/senabel.com\/sv\/wp-json\/wp\/v2\/product\/56086\/revisions\/56132"}],"wp:featuredmedia":[{"embeddable":true,"href":"https:\/\/senabel.com\/sv\/wp-json\/wp\/v2\/media\/56087"}],"wp:attachment":[{"href":"https:\/\/senabel.com\/sv\/wp-json\/wp\/v2\/media?parent=56086"}],"wp:term":[{"taxonomy":"product_brand","embeddable":true,"href":"https:\/\/senabel.com\/sv\/wp-json\/wp\/v2\/product_brand?post=56086"},{"taxonomy":"product_cat","embeddable":true,"href":"https:\/\/senabel.com\/sv\/wp-json\/wp\/v2\/product_cat?post=56086"},{"taxonomy":"product_tag","embeddable":true,"href":"https:\/\/senabel.com\/sv\/wp-json\/wp\/v2\/product_tag?post=56086"}],"curies":[{"name":"wp","href":"https:\/\/api.w.org\/{rel}","templated":true}]}}