{"id":56071,"date":"2025-09-26T15:34:06","date_gmt":"2025-09-26T15:34:06","guid":{"rendered":"https:\/\/senabel.com\/?post_type=product&#038;p=56071"},"modified":"2025-10-31T11:51:18","modified_gmt":"2025-10-31T11:51:18","slug":"blandade-choklad-och-hasselnotsdrageer","status":"publish","type":"product","link":"https:\/\/senabel.com\/sv\/product\/assorted-chocolate-hazelnut-dragee\/","title":{"rendered":"Dragee med blandad choklad och hasseln\u00f6tter - 500g"},"content":{"rendered":"<p data-start=\"218\" data-end=\"424\">Njut av en lyxig smak med <em data-start=\"239\" data-end=\"271\">Dragee med blandad choklad och hasseln\u00f6t<\/em>De krispiga hela hasseln\u00f6tterna kombineras med lager av vit choklad, m\u00f6rk choklad och mj\u00f6lkchoklad f\u00f6r att skapa en rik, fyllig upplevelse f\u00f6r alla smaker.<\/p>\n<p data-start=\"426\" data-end=\"446\"><strong data-start=\"426\" data-end=\"444\">Produktinformation:<\/strong><\/p>\n<ul data-start=\"447\" data-end=\"629\">\n<li data-start=\"447\" data-end=\"473\">\n<p data-start=\"449\" data-end=\"473\">Nettovikt: 500g<\/p>\n<\/li>\n<li data-start=\"474\" data-end=\"521\">\n<p data-start=\"476\" data-end=\"521\">Typ av produkt: Choklad\u00f6verdragen hasseln\u00f6t (Diverse)<\/p>\n<\/li>\n<li data-start=\"522\" data-end=\"579\">\n<p data-start=\"524\" data-end=\"579\">Smaker: Mj\u00f6lkchoklad - M\u00f6rk choklad - Vit choklad<\/p>\n<\/li>\n<li data-start=\"580\" data-end=\"629\">\n<p data-start=\"582\" data-end=\"629\">F\u00f6rpackningar: Eleganta f\u00f6rpackningar som bevarar smak och f\u00e4rskhet<\/p>\n<\/li>\n<\/ul>\n<p data-start=\"631\" data-end=\"651\"><strong data-start=\"631\" data-end=\"649\">Produktens egenskaper:<\/strong><\/p>\n<ul data-start=\"652\" data-end=\"812\">\n<li data-start=\"652\" data-end=\"679\">\n<p data-start=\"654\" data-end=\"679\">Lyxiga och krispiga hasseln\u00f6tter<\/p>\n<\/li>\n<li data-start=\"680\" data-end=\"722\">\n<p data-start=\"682\" data-end=\"722\">Chokladfyllningar f\u00f6r alla smaker<\/p>\n<\/li>\n<li data-start=\"723\" data-end=\"759\">\n<p data-start=\"725\" data-end=\"759\">Idealisk f\u00f6r g\u00e4stfrihet och speciella tillf\u00e4llen<\/p>\n<\/li>\n<li data-start=\"760\" data-end=\"812\">\n<p data-start=\"762\" data-end=\"812\">Den perfekta kombinationen av rik smak och krispig konsistens<\/p>\n<\/li>\n<\/ul>\n<p data-start=\"814\" data-end=\"936\"><strong data-start=\"814\" data-end=\"834\">F\u00f6rvaringsanvisningar:<\/strong><br data-start=\"834\" data-end=\"837\" \/>F\u00f6rvaras svalt, torrt och skyddat fr\u00e5n direkt solljus, helst inom 6 m\u00e5nader efter \u00f6ppnandet.<\/p>\n<p data-start=\"938\" data-end=\"959\"><strong data-start=\"938\" data-end=\"957\">Ytterligare information:<\/strong><\/p>\n<ul data-start=\"960\" data-end=\"1024\">\n<li data-start=\"960\" data-end=\"986\">\n<p data-start=\"962\" data-end=\"986\">Fri fr\u00e5n konserveringsmedel<\/p>\n<\/li>\n<li data-start=\"987\" data-end=\"1024\">\n<p data-start=\"989\" data-end=\"1024\">Ett lyxigt val f\u00f6r servering eller som en speciell g\u00e5va<\/p>\n<\/li>\n<\/ul>","protected":false},"excerpt":{"rendered":"<p>Njut av en lyxig smak med <em data-start=\"239\" data-end=\"271\">Dragee med blandad choklad och hasseln\u00f6t<\/em>De krispiga hela hasseln\u00f6tterna kombineras med lager av vit choklad, m\u00f6rk choklad och mj\u00f6lkchoklad f\u00f6r att skapa en rik, fyllig upplevelse f\u00f6r alla smaker.<\/p>","protected":false},"featured_media":56073,"template":"","meta":[],"product_brand":[],"product_cat":[297,347],"product_tag":[],"class_list":{"0":"post-56071","1":"product","2":"type-product","3":"status-publish","4":"has-post-thumbnail","6":"product_cat-297","7":"product_cat-347","9":"first","10":"outofstock","11":"taxable","12":"shipping-taxable","13":"purchasable","14":"product-type-simple"},"_links":{"self":[{"href":"https:\/\/senabel.com\/sv\/wp-json\/wp\/v2\/product\/56071","targetHints":{"allow":["GET"]}}],"collection":[{"href":"https:\/\/senabel.com\/sv\/wp-json\/wp\/v2\/product"}],"about":[{"href":"https:\/\/senabel.com\/sv\/wp-json\/wp\/v2\/types\/product"}],"version-history":[{"count":2,"href":"https:\/\/senabel.com\/sv\/wp-json\/wp\/v2\/product\/56071\/revisions"}],"predecessor-version":[{"id":56521,"href":"https:\/\/senabel.com\/sv\/wp-json\/wp\/v2\/product\/56071\/revisions\/56521"}],"wp:featuredmedia":[{"embeddable":true,"href":"https:\/\/senabel.com\/sv\/wp-json\/wp\/v2\/media\/56073"}],"wp:attachment":[{"href":"https:\/\/senabel.com\/sv\/wp-json\/wp\/v2\/media?parent=56071"}],"wp:term":[{"taxonomy":"product_brand","embeddable":true,"href":"https:\/\/senabel.com\/sv\/wp-json\/wp\/v2\/product_brand?post=56071"},{"taxonomy":"product_cat","embeddable":true,"href":"https:\/\/senabel.com\/sv\/wp-json\/wp\/v2\/product_cat?post=56071"},{"taxonomy":"product_tag","embeddable":true,"href":"https:\/\/senabel.com\/sv\/wp-json\/wp\/v2\/product_tag?post=56071"}],"curies":[{"name":"wp","href":"https:\/\/api.w.org\/{rel}","templated":true}]}}