{"id":56038,"date":"2025-09-24T18:07:34","date_gmt":"2025-09-24T18:07:34","guid":{"rendered":"https:\/\/senabel.com\/?post_type=product&#038;p=56038"},"modified":"2026-03-05T15:28:53","modified_gmt":"2026-03-05T15:28:53","slug":"laziz-market-blandade-barsmaksatta-godisar","status":"publish","type":"product","link":"https:\/\/senabel.com\/sv\/product\/mixed-berry-flavored-candies-laziz-brand\/","title":{"rendered":"Godis med smak av blandade b\u00e4r - L\u00e4ckert varum\u00e4rke"},"content":{"rendered":"<p data-start=\"244\" data-end=\"450\">Njut av smaken av <em data-start=\"257\" data-end=\"285\">Blandade hallonfyllda godisbitar<\/em> fr\u00e5n varum\u00e4rket <strong data-start=\"295\" data-end=\"303\">L\u00e4cker<\/strong>Naturliga smaker av jordgubbar, bj\u00f6rnb\u00e4r, hallon, r\u00f6da hallon och k\u00f6rsb\u00e4r. L\u00e4ckra b\u00e4r med ett uppfriskande yttre lager och en rik fyllning som ger en unik upplevelse till varje godis\u00e4lskares repertoar.<\/p>\n<p data-start=\"452\" data-end=\"472\"><strong data-start=\"452\" data-end=\"470\">Produktinformation:<\/strong><\/p>\n<ul data-start=\"473\" data-end=\"615\">\n<li data-start=\"473\" data-end=\"499\">\n<p data-start=\"475\" data-end=\"499\">Nettovikt: 175g<\/p>\n<\/li>\n<li data-start=\"500\" data-end=\"517\">\n<p data-start=\"502\" data-end=\"517\">Varum\u00e4rket: L\u00e4cker<\/p>\n<\/li>\n<li data-start=\"518\" data-end=\"575\">\n<p data-start=\"520\" data-end=\"575\">Smak: Blandade b\u00e4r (jordgubbar, bj\u00f6rnb\u00e4r, hallon, r\u00f6da b\u00e4r, k\u00f6rsb\u00e4r)<\/p>\n<\/li>\n<li data-start=\"576\" data-end=\"615\">\n<p data-start=\"578\" data-end=\"615\">F\u00f6rpackning: F\u00f6rseglad p\u00e5se f\u00f6r att bevara f\u00e4rskheten<\/p>\n<\/li>\n<\/ul>\n<p data-start=\"617\" data-end=\"637\"><strong data-start=\"617\" data-end=\"635\">Produktens egenskaper:<\/strong><\/p>\n<ul data-start=\"638\" data-end=\"735\">\n<li data-start=\"638\" data-end=\"664\">\n<p data-start=\"640\" data-end=\"664\">Uppfriskande b\u00e4r- och fruktblandning<\/p>\n<\/li>\n<li data-start=\"665\" data-end=\"690\">\n<p data-start=\"667\" data-end=\"690\">Fylld f\u00f6r en rik och \u00f6verd\u00e5dig smak<\/p>\n<\/li>\n<li data-start=\"691\" data-end=\"710\">\n<p data-start=\"693\" data-end=\"710\">Halal-certifierad<\/p>\n<\/li>\n<li data-start=\"711\" data-end=\"735\">\n<p data-start=\"713\" data-end=\"735\">Idealisk f\u00f6r vuxna och barn<\/p>\n<\/li>\n<\/ul>\n<p data-start=\"737\" data-end=\"815\"><strong data-start=\"737\" data-end=\"757\">F\u00f6rvaringsanvisningar:<\/strong><br data-start=\"757\" data-end=\"760\" \/>F\u00f6rvara p\u00e5 en sval, torr plats, skyddad fr\u00e5n fukt och solljus.<\/p>\n<p data-start=\"817\" data-end=\"838\"><strong data-start=\"817\" data-end=\"836\">Ytterligare information:<\/strong><\/p>\n<ul data-start=\"839\" data-end=\"907\">\n<li data-start=\"839\" data-end=\"872\">\n<p data-start=\"841\" data-end=\"872\">L\u00e4mplig f\u00f6r g\u00e4stfrihet eller som en vardaglig dessert<\/p>\n<\/li>\n<li data-start=\"873\" data-end=\"907\">\n<p data-start=\"875\" data-end=\"907\">Ger dig energi och en naturlig fruktig smak<\/p>\n<\/li>\n<\/ul>","protected":false},"excerpt":{"rendered":"<p>Njut av smaken av <em data-start=\"257\" data-end=\"285\">Blandade hallonfyllda godisbitar<\/em> fr\u00e5n varum\u00e4rket <strong data-start=\"295\" data-end=\"303\">L\u00e4cker<\/strong>Naturliga smaker av jordgubbar, bj\u00f6rnb\u00e4r, hallon, r\u00f6da hallon och k\u00f6rsb\u00e4r. L\u00e4ckra b\u00e4r med ett uppfriskande yttre lager och en rik fyllning som ger en unik upplevelse till varje godis\u00e4lskares repertoar.<\/p>","protected":false},"featured_media":56039,"template":"","meta":[],"product_brand":[],"product_cat":[377,297],"product_tag":[],"class_list":{"0":"post-56038","1":"product","2":"type-product","3":"status-publish","4":"has-post-thumbnail","6":"product_cat-377","7":"product_cat-297","9":"first","10":"outofstock","11":"taxable","12":"shipping-taxable","13":"purchasable","14":"product-type-simple"},"_links":{"self":[{"href":"https:\/\/senabel.com\/sv\/wp-json\/wp\/v2\/product\/56038","targetHints":{"allow":["GET"]}}],"collection":[{"href":"https:\/\/senabel.com\/sv\/wp-json\/wp\/v2\/product"}],"about":[{"href":"https:\/\/senabel.com\/sv\/wp-json\/wp\/v2\/types\/product"}],"version-history":[{"count":2,"href":"https:\/\/senabel.com\/sv\/wp-json\/wp\/v2\/product\/56038\/revisions"}],"predecessor-version":[{"id":56041,"href":"https:\/\/senabel.com\/sv\/wp-json\/wp\/v2\/product\/56038\/revisions\/56041"}],"wp:featuredmedia":[{"embeddable":true,"href":"https:\/\/senabel.com\/sv\/wp-json\/wp\/v2\/media\/56039"}],"wp:attachment":[{"href":"https:\/\/senabel.com\/sv\/wp-json\/wp\/v2\/media?parent=56038"}],"wp:term":[{"taxonomy":"product_brand","embeddable":true,"href":"https:\/\/senabel.com\/sv\/wp-json\/wp\/v2\/product_brand?post=56038"},{"taxonomy":"product_cat","embeddable":true,"href":"https:\/\/senabel.com\/sv\/wp-json\/wp\/v2\/product_cat?post=56038"},{"taxonomy":"product_tag","embeddable":true,"href":"https:\/\/senabel.com\/sv\/wp-json\/wp\/v2\/product_tag?post=56038"}],"curies":[{"name":"wp","href":"https:\/\/api.w.org\/{rel}","templated":true}]}}