{"id":55988,"date":"2025-09-24T17:41:16","date_gmt":"2025-09-24T17:41:16","guid":{"rendered":"https:\/\/senabel.com\/?post_type=product&#038;p=55988"},"modified":"2026-03-03T10:52:39","modified_gmt":"2026-03-03T10:52:39","slug":"gelegodis-syrlig-smak-market-al-fakher","status":"publish","type":"product","link":"https:\/\/senabel.com\/sv\/product\/jelly-sweets-sour-flavor-al-fakher-brand\/","title":{"rendered":"Gel\u00e9godis med sur smak - Al Fakher Brand"},"content":{"rendered":"<p data-start=\"246\" data-end=\"472\">Njut av en uppfriskande och sp\u00e4nnande smak med <em data-start=\"273\" data-end=\"292\">Gel\u00e9 med sura s\u00f6tsaker<\/em> fr\u00e5n varum\u00e4rket <strong data-start=\"302\" data-end=\"312\">Lyx<\/strong>Ett f\u00e4rgglatt sortiment av socker\u00f6verdragna gel\u00e9er med en h\u00e4rligt syrlig twist som ger dubbel njutning i varje tugga. Perfekt f\u00f6r dig som \u00e4lskar mjuka desserter med en balans mellan s\u00f6tma och syra.<\/p>\n<p data-start=\"474\" data-end=\"494\"><strong data-start=\"474\" data-end=\"492\">Produktinformation:<\/strong><\/p>\n<ul data-start=\"495\" data-end=\"673\">\n<li data-start=\"495\" data-end=\"520\">\n<p data-start=\"497\" data-end=\"520\">Nettovikt: 80g<\/p>\n<\/li>\n<li data-start=\"521\" data-end=\"540\">\n<p data-start=\"523\" data-end=\"540\">Varum\u00e4rket: Lyx<\/p>\n<\/li>\n<li data-start=\"541\" data-end=\"564\">\n<p data-start=\"543\" data-end=\"564\">Smak: F\u00e4rgglad syrlig<\/p>\n<\/li>\n<li data-start=\"565\" data-end=\"626\">\n<p data-start=\"567\" data-end=\"626\">F\u00f6rpackning: Elegant r\u00f6d p\u00e5se bevarar f\u00e4rskhet och smak<\/p>\n<\/li>\n<li data-start=\"627\" data-end=\"673\">\n<p data-start=\"629\" data-end=\"673\">Ingredienser: Gel\u00e9 med utvalda naturliga aromer och f\u00e4rg\u00e4mnen<\/p>\n<\/li>\n<\/ul>\n<p data-start=\"675\" data-end=\"706\"><strong data-start=\"675\" data-end=\"704\">Egenskaper hos Sour Sweets Jelly:<\/strong><\/p>\n<ul data-start=\"707\" data-end=\"815\">\n<li data-start=\"707\" data-end=\"747\">\n<p data-start=\"709\" data-end=\"747\">En unik smakkombination av s\u00f6tma och syrlighet<\/p>\n<\/li>\n<li data-start=\"748\" data-end=\"795\">\n<p data-start=\"750\" data-end=\"795\">Attraktiva f\u00e4rger och lekfulla former \u00f6kar njutningen av att smaka<\/p>\n<\/li>\n<li data-start=\"796\" data-end=\"815\">\n<p data-start=\"798\" data-end=\"815\">Halal-certifierad<\/p>\n<\/li>\n<\/ul>\n<p data-start=\"817\" data-end=\"942\"><strong data-start=\"817\" data-end=\"837\">F\u00f6rvaringsanvisningar:<\/strong><br data-start=\"837\" data-end=\"840\" \/>F\u00f6rvaras svalt, torrt och skyddat fr\u00e5n direkt solljus.<br data-start=\"894\" data-end=\"897\" \/>Butiken \u00e4r inte ansvarig f\u00f6r kundens d\u00e5liga f\u00f6rvaring.<\/p>\n<p data-start=\"944\" data-end=\"965\"><strong data-start=\"944\" data-end=\"963\">Ytterligare information:<\/strong><\/p>\n<ul data-start=\"966\" data-end=\"1040\">\n<li data-start=\"966\" data-end=\"998\">\n<p data-start=\"968\" data-end=\"998\">Fri fr\u00e5n fl\u00e4skfett och derivat av fl\u00e4skk\u00f6tt<\/p>\n<\/li>\n<li data-start=\"999\" data-end=\"1040\">\n<p data-start=\"1001\" data-end=\"1040\">Noggrant tillverkad f\u00f6r att s\u00e4kerst\u00e4lla kvalitet och autentisk smak<\/p>\n<\/li>\n<\/ul>\n<p data-start=\"1042\" data-end=\"1126\">V\u00e4lj <em data-start=\"1047\" data-end=\"1076\">Lyxiga s\u00f6tsaker Sur gel\u00e9<\/em> En uppfriskande smak som g\u00f6r varje \u00f6gonblick lite roligare.<\/p>","protected":false},"excerpt":{"rendered":"<p>Njut av en uppfriskande och sp\u00e4nnande smak med <em data-start=\"273\" data-end=\"292\">Gel\u00e9 med sura s\u00f6tsaker<\/em> fr\u00e5n varum\u00e4rket <strong data-start=\"302\" data-end=\"312\">Lyx<\/strong>Ett f\u00e4rgglatt sortiment av socker\u00f6verdragna gel\u00e9er med en h\u00e4rligt syrlig twist som ger dubbel njutning i varje tugga. Perfekt f\u00f6r dig som \u00e4lskar mjuka desserter med en balans mellan s\u00f6tma och syra.<\/p>","protected":false},"featured_media":55990,"template":"","meta":[],"product_brand":[],"product_cat":[377],"product_tag":[],"class_list":{"0":"post-55988","1":"product","2":"type-product","3":"status-publish","4":"has-post-thumbnail","6":"product_cat-377","8":"first","9":"outofstock","10":"taxable","11":"shipping-taxable","12":"purchasable","13":"product-type-simple"},"_links":{"self":[{"href":"https:\/\/senabel.com\/sv\/wp-json\/wp\/v2\/product\/55988","targetHints":{"allow":["GET"]}}],"collection":[{"href":"https:\/\/senabel.com\/sv\/wp-json\/wp\/v2\/product"}],"about":[{"href":"https:\/\/senabel.com\/sv\/wp-json\/wp\/v2\/types\/product"}],"version-history":[{"count":2,"href":"https:\/\/senabel.com\/sv\/wp-json\/wp\/v2\/product\/55988\/revisions"}],"predecessor-version":[{"id":55992,"href":"https:\/\/senabel.com\/sv\/wp-json\/wp\/v2\/product\/55988\/revisions\/55992"}],"wp:featuredmedia":[{"embeddable":true,"href":"https:\/\/senabel.com\/sv\/wp-json\/wp\/v2\/media\/55990"}],"wp:attachment":[{"href":"https:\/\/senabel.com\/sv\/wp-json\/wp\/v2\/media?parent=55988"}],"wp:term":[{"taxonomy":"product_brand","embeddable":true,"href":"https:\/\/senabel.com\/sv\/wp-json\/wp\/v2\/product_brand?post=55988"},{"taxonomy":"product_cat","embeddable":true,"href":"https:\/\/senabel.com\/sv\/wp-json\/wp\/v2\/product_cat?post=55988"},{"taxonomy":"product_tag","embeddable":true,"href":"https:\/\/senabel.com\/sv\/wp-json\/wp\/v2\/product_tag?post=55988"}],"curies":[{"name":"wp","href":"https:\/\/api.w.org\/{rel}","templated":true}]}}