{"id":55985,"date":"2025-09-24T17:38:24","date_gmt":"2025-09-24T17:38:24","guid":{"rendered":"https:\/\/senabel.com\/?post_type=product&#038;p=55985"},"modified":"2026-03-08T19:36:33","modified_gmt":"2026-03-08T19:36:33","slug":"gelekonfektyr-lyxmarke-2","status":"publish","type":"product","link":"https:\/\/senabel.com\/sv\/product\/jelly-sweets-luxury-brand-2\/","title":{"rendered":"Jelly Sweets - ett lyxigt varum\u00e4rke"},"content":{"rendered":"<p data-start=\"154\" data-end=\"401\">Njut av f\u00e4rgglada och roliga smaker med <em data-start=\"184\" data-end=\"196\">Gel\u00e9-s\u00f6tsaker<\/em> fr\u00e5n varum\u00e4rket <strong data-start=\"206\" data-end=\"216\">Lyx<\/strong>Ett sortiment av f\u00e4rgglada, ringformade p\u00e4rlor, t\u00e4ckta med ett l\u00e4tt socker\u00f6verdrag som ger dig en s\u00f6t och uppfriskande smak. Dessa godisar \u00e4r det perfekta valet f\u00f6r unga och gamla att njuta av under underh\u00e5llning och festligheter.<\/p>\n<p data-start=\"403\" data-end=\"423\"><strong data-start=\"403\" data-end=\"421\">Produktinformation:<\/strong><\/p>\n<ul data-start=\"424\" data-end=\"595\">\n<li data-start=\"424\" data-end=\"449\">\n<p data-start=\"426\" data-end=\"449\">Nettovikt: 80g<\/p>\n<\/li>\n<li data-start=\"450\" data-end=\"469\">\n<p data-start=\"452\" data-end=\"469\">Varum\u00e4rket: Lyx<\/p>\n<\/li>\n<li data-start=\"470\" data-end=\"531\">\n<p data-start=\"472\" data-end=\"531\">F\u00f6rpackning: Elegant gr\u00f6n p\u00e5se bevarar smak och f\u00e4rskhet<\/p>\n<\/li>\n<li data-start=\"532\" data-end=\"595\">\n<p data-start=\"534\" data-end=\"595\">Ingredienser: Gel\u00e9 med utvalda naturliga aromer och till\u00e5tna livsmedelsf\u00e4rger<\/p>\n<\/li>\n<\/ul>\n<p data-start=\"597\" data-end=\"621\"><strong data-start=\"597\" data-end=\"619\">Egenskaper hos Jelly Sweets:<\/strong><\/p>\n<ul data-start=\"622\" data-end=\"745\">\n<li data-start=\"622\" data-end=\"677\">\n<p data-start=\"624\" data-end=\"677\">Ljusa f\u00e4rger och roliga former ger gl\u00e4dje \u00e5t b\u00e5de stora och sm\u00e5<\/p>\n<\/li>\n<li data-start=\"678\" data-end=\"725\">\n<p data-start=\"680\" data-end=\"725\">En uts\u00f6kt smak som kommer att tillfredsst\u00e4lla \u00e4lskare av mjuka och f\u00e4rgglada desserter<\/p>\n<\/li>\n<li data-start=\"726\" data-end=\"745\">\n<p data-start=\"728\" data-end=\"745\">Halal-certifierad<\/p>\n<\/li>\n<\/ul>\n<p data-start=\"747\" data-end=\"872\"><strong data-start=\"747\" data-end=\"767\">F\u00f6rvaringsanvisningar:<\/strong><br data-start=\"767\" data-end=\"770\" \/>F\u00f6rvaras svalt, torrt och skyddat fr\u00e5n direkt solljus.<br data-start=\"824\" data-end=\"827\" \/>Butiken \u00e4r inte ansvarig f\u00f6r kundens d\u00e5liga f\u00f6rvaring.<\/p>\n<p data-start=\"874\" data-end=\"895\"><strong data-start=\"874\" data-end=\"893\">Ytterligare information:<\/strong><\/p>\n<ul data-start=\"896\" data-end=\"970\">\n<li data-start=\"896\" data-end=\"928\">\n<p data-start=\"898\" data-end=\"928\">Fri fr\u00e5n fl\u00e4skfett och derivat av fl\u00e4skk\u00f6tt<\/p>\n<\/li>\n<li data-start=\"929\" data-end=\"970\">\n<p data-start=\"931\" data-end=\"970\">Noggrant tillverkad f\u00f6r att s\u00e4kerst\u00e4lla kvalitet och autentisk smak<\/p>\n<\/li>\n<\/ul>\n<p data-start=\"972\" data-end=\"1039\">V\u00e4lj <em data-start=\"977\" data-end=\"999\">Jelly Sweets av Al Fakher<\/em> F\u00f6r att g\u00f6ra din dag roligare och mer smakfull.<\/p>","protected":false},"excerpt":{"rendered":"<p>Njut av f\u00e4rgglada och roliga smaker med <em data-start=\"184\" data-end=\"196\">Gel\u00e9-s\u00f6tsaker<\/em> fr\u00e5n varum\u00e4rket <strong data-start=\"206\" data-end=\"216\">Lyx<\/strong>Ett sortiment av f\u00e4rgglada, ringformade p\u00e4rlor, t\u00e4ckta med ett l\u00e4tt socker\u00f6verdrag som ger dig en s\u00f6t och uppfriskande smak. Dessa godisar \u00e4r det perfekta valet f\u00f6r unga och gamla att njuta av under underh\u00e5llning och festligheter.<\/p>","protected":false},"featured_media":55986,"template":"","meta":[],"product_brand":[],"product_cat":[377],"product_tag":[],"class_list":{"0":"post-55985","1":"product","2":"type-product","3":"status-publish","4":"has-post-thumbnail","6":"product_cat-377","8":"first","9":"outofstock","10":"taxable","11":"shipping-taxable","12":"purchasable","13":"product-type-simple"},"_links":{"self":[{"href":"https:\/\/senabel.com\/sv\/wp-json\/wp\/v2\/product\/55985","targetHints":{"allow":["GET"]}}],"collection":[{"href":"https:\/\/senabel.com\/sv\/wp-json\/wp\/v2\/product"}],"about":[{"href":"https:\/\/senabel.com\/sv\/wp-json\/wp\/v2\/types\/product"}],"version-history":[{"count":1,"href":"https:\/\/senabel.com\/sv\/wp-json\/wp\/v2\/product\/55985\/revisions"}],"predecessor-version":[{"id":55987,"href":"https:\/\/senabel.com\/sv\/wp-json\/wp\/v2\/product\/55985\/revisions\/55987"}],"wp:featuredmedia":[{"embeddable":true,"href":"https:\/\/senabel.com\/sv\/wp-json\/wp\/v2\/media\/55986"}],"wp:attachment":[{"href":"https:\/\/senabel.com\/sv\/wp-json\/wp\/v2\/media?parent=55985"}],"wp:term":[{"taxonomy":"product_brand","embeddable":true,"href":"https:\/\/senabel.com\/sv\/wp-json\/wp\/v2\/product_brand?post=55985"},{"taxonomy":"product_cat","embeddable":true,"href":"https:\/\/senabel.com\/sv\/wp-json\/wp\/v2\/product_cat?post=55985"},{"taxonomy":"product_tag","embeddable":true,"href":"https:\/\/senabel.com\/sv\/wp-json\/wp\/v2\/product_tag?post=55985"}],"curies":[{"name":"wp","href":"https:\/\/api.w.org\/{rel}","templated":true}]}}