{"id":55974,"date":"2025-09-24T17:24:37","date_gmt":"2025-09-24T17:24:37","guid":{"rendered":"https:\/\/senabel.com\/?post_type=product&#038;p=55974"},"modified":"2026-05-12T18:08:11","modified_gmt":"2026-05-12T18:08:11","slug":"irakiska-kakor-med-ghee","status":"publish","type":"product","link":"https:\/\/senabel.com\/sv\/product\/iraqi-cookies-with-ghee\/","title":{"rendered":"Irakisk fettkaka"},"content":{"rendered":"<p data-start=\"141\" data-end=\"402\">Njut av en rik kulturarvssmak med <em data-start=\"167\" data-end=\"193\">Irakisk Aloush-kaka med fett<\/em>Gjorda av en traditionell gyllene deg som bakas noggrant f\u00f6r att ge dig en autentisk smak som kombinerar m\u00f6rhet och krispighet. Dessa kakor \u00e4r gjorda med \u00e4kta arabiskt matfett, vilket ger dem en distinkt smak och mjuk konsistens som p\u00e5minner om gammaldags hembakning.<\/p>\n<p data-start=\"404\" data-end=\"424\"><strong data-start=\"404\" data-end=\"422\">Produktinformation:<\/strong><\/p>\n<ul data-start=\"425\" data-end=\"576\">\n<li data-start=\"425\" data-end=\"451\">\n<p data-start=\"427\" data-end=\"451\">Nettovikt: 400g<\/p>\n<\/li>\n<li data-start=\"502\" data-end=\"576\">\n<p data-start=\"504\" data-end=\"576\">Ingredienser: Vetemj\u00f6l, vegetabiliskt\/animaliskt fett, socker, utvalda naturliga ingredienser<\/p>\n<\/li>\n<\/ul>\n<p data-start=\"578\" data-end=\"607\"><strong data-start=\"578\" data-end=\"605\">Egenskaper hos Aloosh Fat Buns:<\/strong><\/p>\n<ul data-start=\"608\" data-end=\"774\">\n<li data-start=\"608\" data-end=\"656\">\n<p data-start=\"610\" data-end=\"656\">Ett traditionellt irakiskt recept som \u00e5terspeglar det orientaliska k\u00f6kets \u00e4kthet<\/p>\n<\/li>\n<li data-start=\"657\" data-end=\"707\">\n<p data-start=\"659\" data-end=\"707\">Mjuk konsistens och distinkt smak tack vare anv\u00e4ndningen av det ursprungliga fettet<\/p>\n<\/li>\n<li data-start=\"708\" data-end=\"774\">\n<p data-start=\"710\" data-end=\"774\">Perfekt att servera med te eller kaffe till vardagens m\u00e5ltider och evenemang<\/p>\n<\/li>\n<\/ul>\n<p data-start=\"776\" data-end=\"901\"><strong data-start=\"776\" data-end=\"796\">F\u00f6rvaringsanvisningar:<\/strong><br data-start=\"796\" data-end=\"799\" \/>F\u00f6rvaras svalt, torrt och skyddat fr\u00e5n direkt solljus.<br data-start=\"853\" data-end=\"856\" \/>Butiken \u00e4r inte ansvarig f\u00f6r kundens d\u00e5liga f\u00f6rvaring.<\/p>\n<p data-start=\"903\" data-end=\"924\"><strong data-start=\"903\" data-end=\"922\">Ytterligare information:<\/strong><\/p>\n<ul data-start=\"925\" data-end=\"1043\">\n<li data-start=\"925\" data-end=\"973\">\n<p data-start=\"927\" data-end=\"973\">Fri fr\u00e5n konserveringsmedel, fl\u00e4skfett och mejeriprodukter<\/p>\n<\/li>\n<li data-start=\"991\" data-end=\"1043\">\n<p data-start=\"993\" data-end=\"1043\">Noggrant f\u00f6rberedda och halvhandgjorda f\u00f6r att s\u00e4kerst\u00e4lla h\u00f6g kvalitet<\/p>\n<\/li>\n<\/ul>\n<p data-start=\"1045\" data-end=\"1155\">V\u00e4lj <em data-start=\"1050\" data-end=\"1076\">Irakiska fettkakor Aloosh<\/em> F\u00f6r en autentisk kulturarvssmak som kombinerar rik smak och traditionell karakt\u00e4r i varje bit.<\/p>","protected":false},"excerpt":{"rendered":"<p>Njut av en rik kulturarvssmak med <em data-start=\"167\" data-end=\"193\">Irakisk Aloush-kaka med fett<\/em>Gjorda av en traditionell gyllene deg som bakas noggrant f\u00f6r att ge dig en autentisk smak som kombinerar m\u00f6rhet och krispighet. Dessa kakor \u00e4r gjorda med \u00e4kta arabiskt matfett, vilket ger dem en distinkt smak och mjuk konsistens som p\u00e5minner om gammaldags hembakning.<\/p>","protected":false},"featured_media":55975,"template":"","meta":[],"product_brand":[],"product_cat":[221],"product_tag":[],"class_list":{"0":"post-55974","1":"product","2":"type-product","3":"status-publish","4":"has-post-thumbnail","6":"product_cat-221","8":"first","9":"instock","10":"taxable","11":"shipping-taxable","12":"purchasable","13":"product-type-simple"},"_links":{"self":[{"href":"https:\/\/senabel.com\/sv\/wp-json\/wp\/v2\/product\/55974","targetHints":{"allow":["GET"]}}],"collection":[{"href":"https:\/\/senabel.com\/sv\/wp-json\/wp\/v2\/product"}],"about":[{"href":"https:\/\/senabel.com\/sv\/wp-json\/wp\/v2\/types\/product"}],"version-history":[{"count":6,"href":"https:\/\/senabel.com\/sv\/wp-json\/wp\/v2\/product\/55974\/revisions"}],"predecessor-version":[{"id":60644,"href":"https:\/\/senabel.com\/sv\/wp-json\/wp\/v2\/product\/55974\/revisions\/60644"}],"wp:featuredmedia":[{"embeddable":true,"href":"https:\/\/senabel.com\/sv\/wp-json\/wp\/v2\/media\/55975"}],"wp:attachment":[{"href":"https:\/\/senabel.com\/sv\/wp-json\/wp\/v2\/media?parent=55974"}],"wp:term":[{"taxonomy":"product_brand","embeddable":true,"href":"https:\/\/senabel.com\/sv\/wp-json\/wp\/v2\/product_brand?post=55974"},{"taxonomy":"product_cat","embeddable":true,"href":"https:\/\/senabel.com\/sv\/wp-json\/wp\/v2\/product_cat?post=55974"},{"taxonomy":"product_tag","embeddable":true,"href":"https:\/\/senabel.com\/sv\/wp-json\/wp\/v2\/product_tag?post=55974"}],"curies":[{"name":"wp","href":"https:\/\/api.w.org\/{rel}","templated":true}]}}