{"id":55965,"date":"2025-09-24T17:08:42","date_gmt":"2025-09-24T17:08:42","guid":{"rendered":"https:\/\/senabel.com\/?post_type=product&#038;p=55965"},"modified":"2026-05-10T14:17:31","modified_gmt":"2026-05-10T14:17:31","slug":"vanlig-irakisk-aloush-klija","status":"publish","type":"product","link":"https:\/\/senabel.com\/sv\/product\/plain-iraqi-aloush-klija\/","title":{"rendered":"Kalija Aloush Iraqi Alsadeh"},"content":{"rendered":"<p data-start=\"140\" data-end=\"413\">Njut av en autentisk smak av kulturarv med <em data-start=\"167\" data-end=\"188\">Irakiska Kalija Alloush<\/em> Gjord av en gyllene, krispig deg som \u00e4r omsorgsfullt bakad f\u00f6r en oemotst\u00e5ndlig smak. Med en rik, traditionell fyllning som \u00e5terspeglar det irakiska k\u00f6kets \u00e4kthet och historia \u00e4r denna kalija ett utm\u00e4rkt val f\u00f6r familjesammankomster och speciella tillf\u00e4llen.<\/p>\n<p data-start=\"415\" data-end=\"435\"><strong data-start=\"415\" data-end=\"433\">Produktinformation:<\/strong><\/p>\n<ul data-start=\"436\" data-end=\"574\">\n<li data-start=\"436\" data-end=\"462\">\n<p data-start=\"438\" data-end=\"462\">Nettovikt:  400g<\/p>\n<\/li>\n<li data-start=\"463\" data-end=\"512\">\n<p data-start=\"465\" data-end=\"512\">F\u00f6rpackning: En prydlig l\u00e5da som bevarar f\u00e4rskhet och kvalitet<\/p>\n<\/li>\n<li data-start=\"513\" data-end=\"574\">\n<p data-start=\"515\" data-end=\"574\">Ingredienser: Vetemj\u00f6l, vegetabiliska oljor, socker, speciell traditionell fyllning<\/p>\n<\/li>\n<\/ul>\n<p data-start=\"576\" data-end=\"609\"><strong data-start=\"576\" data-end=\"607\">Egenskaper hos irakiska Kalija Alloush:<\/strong><\/p>\n<ul data-start=\"610\" data-end=\"765\">\n<li data-start=\"610\" data-end=\"656\">\n<p data-start=\"612\" data-end=\"656\">Ett traditionellt irakiskt recept som \u00e5terspeglar andan av ett autentiskt arv<\/p>\n<\/li>\n<li data-start=\"657\" data-end=\"697\">\n<p data-start=\"659\" data-end=\"697\">Mjuk gyllene deg tillagad p\u00e5 ett speciellt s\u00e4tt<\/p>\n<\/li>\n<li data-start=\"698\" data-end=\"765\">\n<p data-start=\"700\" data-end=\"765\">Perfekt f\u00f6r servering med kaffe eller te vid evenemang och vardagliga sammankomster<\/p>\n<\/li>\n<\/ul>\n<p data-start=\"767\" data-end=\"919\"><strong data-start=\"767\" data-end=\"787\">F\u00f6rvaringsanvisningar:<\/strong><br data-start=\"787\" data-end=\"790\" \/>F\u00f6rvara p\u00e5 en sval, torr plats utan direkt solljus f\u00f6r att bevara smak och f\u00e4rskhet.<br data-start=\"871\" data-end=\"874\" \/>Butiken \u00e4r inte ansvarig f\u00f6r kundens d\u00e5liga f\u00f6rvaring.<\/p>\n<p data-start=\"921\" data-end=\"942\"><strong data-start=\"921\" data-end=\"940\">Ytterligare information:<\/strong><\/p>\n<ul data-start=\"943\" data-end=\"1064\">\n<li data-start=\"943\" data-end=\"992\">\n<p data-start=\"945\" data-end=\"992\">Fri fr\u00e5n konserveringsmedel, fl\u00e4skfett och mejeriprodukter<\/p>\n<\/li>\n<li data-start=\"1010\" data-end=\"1064\">\n<p data-start=\"1012\" data-end=\"1064\">Noggrant f\u00f6rberedda och halvhandgjorda f\u00f6r att s\u00e4kerst\u00e4lla h\u00f6g kvalitet<\/p>\n<\/li>\n<\/ul>\n<p data-start=\"1066\" data-end=\"1164\">V\u00e4lj <em data-start=\"1071\" data-end=\"1092\">Irakiska Kalija Alloush<\/em> Njut av smaken av arv och \u00e4kthet i varje tugga.<\/p>","protected":false},"excerpt":{"rendered":"<p>Njut av en autentisk smak av kulturarv med <em data-start=\"167\" data-end=\"188\">Irakiska Kalija Alloush<\/em> Gjord av en gyllene, krispig deg som \u00e4r omsorgsfullt bakad f\u00f6r en oemotst\u00e5ndlig smak. Med en rik, traditionell fyllning som \u00e5terspeglar det irakiska k\u00f6kets \u00e4kthet och historia \u00e4r denna kalija ett utm\u00e4rkt val f\u00f6r familjesammankomster och speciella tillf\u00e4llen.<\/p>","protected":false},"featured_media":55966,"template":"","meta":[],"product_brand":[],"product_cat":[221],"product_tag":[],"class_list":{"0":"post-55965","1":"product","2":"type-product","3":"status-publish","4":"has-post-thumbnail","6":"product_cat-221","8":"first","9":"instock","10":"taxable","11":"shipping-taxable","12":"purchasable","13":"product-type-simple"},"_links":{"self":[{"href":"https:\/\/senabel.com\/sv\/wp-json\/wp\/v2\/product\/55965","targetHints":{"allow":["GET"]}}],"collection":[{"href":"https:\/\/senabel.com\/sv\/wp-json\/wp\/v2\/product"}],"about":[{"href":"https:\/\/senabel.com\/sv\/wp-json\/wp\/v2\/types\/product"}],"version-history":[{"count":5,"href":"https:\/\/senabel.com\/sv\/wp-json\/wp\/v2\/product\/55965\/revisions"}],"predecessor-version":[{"id":60633,"href":"https:\/\/senabel.com\/sv\/wp-json\/wp\/v2\/product\/55965\/revisions\/60633"}],"wp:featuredmedia":[{"embeddable":true,"href":"https:\/\/senabel.com\/sv\/wp-json\/wp\/v2\/media\/55966"}],"wp:attachment":[{"href":"https:\/\/senabel.com\/sv\/wp-json\/wp\/v2\/media?parent=55965"}],"wp:term":[{"taxonomy":"product_brand","embeddable":true,"href":"https:\/\/senabel.com\/sv\/wp-json\/wp\/v2\/product_brand?post=55965"},{"taxonomy":"product_cat","embeddable":true,"href":"https:\/\/senabel.com\/sv\/wp-json\/wp\/v2\/product_cat?post=55965"},{"taxonomy":"product_tag","embeddable":true,"href":"https:\/\/senabel.com\/sv\/wp-json\/wp\/v2\/product_tag?post=55965"}],"curies":[{"name":"wp","href":"https:\/\/api.w.org\/{rel}","templated":true}]}}