{"id":55955,"date":"2025-09-24T16:54:52","date_gmt":"2025-09-24T16:54:52","guid":{"rendered":"https:\/\/senabel.com\/?post_type=product&#038;p=55955"},"modified":"2025-11-30T22:36:13","modified_gmt":"2025-11-30T22:36:13","slug":"eleganta-distributioner-innehallande-surat-al-kahf","status":"publish","type":"product","link":"https:\/\/senabel.com\/sv\/product\/elegant-distributions-containing-surat-al-kahf\/","title":{"rendered":"Eleganta handouts inneh\u00e5llande Surah Al Kahf"},"content":{"rendered":"<p data-start=\"77\" data-end=\"342\"><strong data-start=\"77\" data-end=\"147\">Eleganta presenter med Surah Al Kahf - ett perfekt val f\u00f6r exklusiva evenemang<\/strong><br data-start=\"147\" data-end=\"150\" \/>Uttryck din smak och omsorg med den lyxiga presentationen av hela Surah Al-Kahf, omsorgsfullt inslagen i mjukt chiffongtyg med ett elegant satinband, vilket g\u00f6r den till en sofistikerad g\u00e5va som kommer att l\u00e4mna ett best\u00e5ende intryck.<\/p>\n<p data-start=\"344\" data-end=\"650\"><strong data-start=\"344\" data-end=\"362\">Produktinformation:<\/strong><br data-start=\"362\" data-end=\"365\" \/>- Inneh\u00e5ller Surah Al Kahf tryckt i h\u00f6g kvalitet<br data-start=\"409\" data-end=\"412\" \/>- Inslagen i ett mjukt chiffongtyg med satinband<br data-start=\"451\" data-end=\"454\" \/>- Finns i tv\u00e5 snygga f\u00e4rger: Bl\u00e5 och rosa\u00a0<br data-start=\"506\" data-end=\"509\" data-is-only-node=\"\" \/>- Idealisk f\u00f6r utdelning vid banketter, f\u00f6delsedagar, koranf\u00f6rseglingar, familje- och religi\u00f6sa sammankomster<br data-start=\"597\" data-end=\"600\" \/>- Klar f\u00f6r omedelbar distribution utan krav p\u00e5 ytterligare bearbetning<\/p>\n<p data-start=\"652\" data-end=\"698\">\ud83c\udf81 <em data-start=\"655\" data-end=\"698\">En andlig g\u00e5va som kombinerar enkelhet och effekt<\/em><\/p>\n<p data-start=\"700\" data-end=\"748\" data-is-last-node=\"\" data-is-only-node=\"\">\ud83d\uded2 <strong data-start=\"703\" data-end=\"748\" data-is-last-node=\"\">Best\u00e4ll nu och g\u00f6r ditt evenemang personligt med den vackraste utdelningen<\/strong><\/p>","protected":false},"excerpt":{"rendered":"<p>Uttryck din smak och omsorg med den lyxiga presentationen av hela Surah Al-Kahf, omsorgsfullt inslagen i mjukt chiffongtyg med ett elegant satinband, vilket g\u00f6r den till en sofistikerad g\u00e5va som kommer att l\u00e4mna ett best\u00e5ende intryck.<\/p>","protected":false},"featured_media":55958,"template":"","meta":[],"product_brand":[],"product_cat":[347,444],"product_tag":[],"class_list":{"0":"post-55955","1":"product","2":"type-product","3":"status-publish","4":"has-post-thumbnail","6":"product_cat-347","7":"product_cat-444","9":"first","10":"instock","11":"taxable","12":"shipping-taxable","13":"purchasable","14":"product-type-variable"},"_links":{"self":[{"href":"https:\/\/senabel.com\/sv\/wp-json\/wp\/v2\/product\/55955","targetHints":{"allow":["GET"]}}],"collection":[{"href":"https:\/\/senabel.com\/sv\/wp-json\/wp\/v2\/product"}],"about":[{"href":"https:\/\/senabel.com\/sv\/wp-json\/wp\/v2\/types\/product"}],"version-history":[{"count":1,"href":"https:\/\/senabel.com\/sv\/wp-json\/wp\/v2\/product\/55955\/revisions"}],"predecessor-version":[{"id":55960,"href":"https:\/\/senabel.com\/sv\/wp-json\/wp\/v2\/product\/55955\/revisions\/55960"}],"wp:featuredmedia":[{"embeddable":true,"href":"https:\/\/senabel.com\/sv\/wp-json\/wp\/v2\/media\/55958"}],"wp:attachment":[{"href":"https:\/\/senabel.com\/sv\/wp-json\/wp\/v2\/media?parent=55955"}],"wp:term":[{"taxonomy":"product_brand","embeddable":true,"href":"https:\/\/senabel.com\/sv\/wp-json\/wp\/v2\/product_brand?post=55955"},{"taxonomy":"product_cat","embeddable":true,"href":"https:\/\/senabel.com\/sv\/wp-json\/wp\/v2\/product_cat?post=55955"},{"taxonomy":"product_tag","embeddable":true,"href":"https:\/\/senabel.com\/sv\/wp-json\/wp\/v2\/product_tag?post=55955"}],"curies":[{"name":"wp","href":"https:\/\/api.w.org\/{rel}","templated":true}]}}