{"id":55485,"date":"2025-09-03T14:27:00","date_gmt":"2025-09-03T14:27:00","guid":{"rendered":"https:\/\/senabel.com\/?post_type=product&#038;p=55485"},"modified":"2025-09-18T11:00:25","modified_gmt":"2025-09-18T11:00:25","slug":"lyxig-choklad-fylld-med-pistagenotter-500g","status":"publish","type":"product","link":"https:\/\/senabel.com\/sv\/product\/luxury-chocolate-filled-with-pistachios-500g\/","title":{"rendered":"Pistagefylld premiumchoklad - 500 g"},"content":{"rendered":"<p data-start=\"94\" data-end=\"285\">Sk\u00e4m bort dig sj\u00e4lv med en smakupplevelse <strong data-start=\"111\" data-end=\"147\">Fancy choklad fylld med pistagen\u00f6tter<\/strong>Den rika smaken av choklad m\u00f6ter krispigheten och smaken av f\u00e4rska pistagen\u00f6tter. F\u00f6rpackad i ett elegant gr\u00f6nt papper som \u00e5terspeglar lyx och g\u00f6r den perfekt f\u00f6r representation eller som en speciell g\u00e5va.<\/p>\n<p data-start=\"287\" data-end=\"307\"><strong data-start=\"287\" data-end=\"305\">Produktinformation:<\/strong><\/p>\n<ul data-start=\"308\" data-end=\"404\">\n<li data-start=\"308\" data-end=\"334\">\n<p data-start=\"310\" data-end=\"334\">Nettovikt: 500g<\/p>\n<\/li>\n<li data-start=\"335\" data-end=\"366\">\n<p data-start=\"337\" data-end=\"366\">Typ: Pistagefylld choklad<\/p>\n<\/li>\n<li data-start=\"367\" data-end=\"404\">\n<p data-start=\"369\" data-end=\"404\">F\u00f6rpackning: Eleganta dekorativa gr\u00f6na blad<\/p>\n<\/li>\n<\/ul>\n<p data-start=\"406\" data-end=\"435\"><strong data-start=\"406\" data-end=\"433\">Pistage Choklad Egenskaper:<\/strong><\/p>\n<ul data-start=\"436\" data-end=\"599\">\n<li data-start=\"436\" data-end=\"480\">\n<p data-start=\"438\" data-end=\"480\">En balanserad kombination av choklad och krispig pistage.<\/p>\n<\/li>\n<li data-start=\"481\" data-end=\"514\">\n<p data-start=\"483\" data-end=\"514\">En fyllig fyllning som ger en lyxig smak.<\/p>\n<\/li>\n<li data-start=\"515\" data-end=\"557\">\n<p data-start=\"517\" data-end=\"557\">Perfekt f\u00f6r servering vid evenemang och representation.<\/p>\n<\/li>\n<li data-start=\"558\" data-end=\"599\">\n<p data-start=\"560\" data-end=\"599\">Elegant f\u00f6rpackning som bevarar f\u00e4rskhet och smak.<\/p>\n<\/li>\n<\/ul>\n<p data-start=\"601\" data-end=\"623\"><strong data-start=\"601\" data-end=\"621\">F\u00f6rvaringsanvisningar:<\/strong><\/p>\n<ul data-start=\"624\" data-end=\"732\">\n<li data-start=\"624\" data-end=\"682\">\n<p data-start=\"626\" data-end=\"682\">F\u00f6rvaras svalt, torrt och skyddat fr\u00e5n direkt solljus.<\/p>\n<\/li>\n<li data-start=\"683\" data-end=\"732\">\n<p data-start=\"685\" data-end=\"732\">Konsumera inom h\u00e5llbarhetstiden f\u00f6r att bibeh\u00e5lla kvaliteten.<\/p>\n<\/li>\n<\/ul>\n<p data-start=\"734\" data-end=\"755\"><strong data-start=\"734\" data-end=\"753\">Ytterligare information:<\/strong><\/p>\n<ul data-start=\"756\" data-end=\"823\">\n<li data-start=\"756\" data-end=\"791\">\n<p data-start=\"758\" data-end=\"791\">L\u00e4mplig f\u00f6r choklad\u00e4lskare med n\u00f6tter.<\/p>\n<\/li>\n<li data-start=\"792\" data-end=\"823\">\n<p data-start=\"794\" data-end=\"823\">Ett perfekt val f\u00f6r lyxiga presenter.<\/p>\n<\/li>\n<\/ul>","protected":false},"excerpt":{"rendered":"<p>Sk\u00e4m bort dig sj\u00e4lv med en smakupplevelse <strong data-start=\"111\" data-end=\"147\">Fancy choklad fylld med pistagen\u00f6tter<\/strong>Den rika smaken av choklad m\u00f6ter krispigheten och smaken av f\u00e4rska pistagen\u00f6tter. F\u00f6rpackad i ett elegant gr\u00f6nt papper som \u00e5terspeglar lyx och g\u00f6r den perfekt f\u00f6r representation eller som en speciell g\u00e5va.<\/p>","protected":false},"featured_media":55486,"template":"","meta":[],"product_brand":[],"product_cat":[297],"product_tag":[],"class_list":{"0":"post-55485","1":"product","2":"type-product","3":"status-publish","4":"has-post-thumbnail","6":"product_cat-297","8":"first","9":"outofstock","10":"taxable","11":"shipping-taxable","12":"purchasable","13":"product-type-simple"},"_links":{"self":[{"href":"https:\/\/senabel.com\/sv\/wp-json\/wp\/v2\/product\/55485","targetHints":{"allow":["GET"]}}],"collection":[{"href":"https:\/\/senabel.com\/sv\/wp-json\/wp\/v2\/product"}],"about":[{"href":"https:\/\/senabel.com\/sv\/wp-json\/wp\/v2\/types\/product"}],"version-history":[{"count":2,"href":"https:\/\/senabel.com\/sv\/wp-json\/wp\/v2\/product\/55485\/revisions"}],"predecessor-version":[{"id":55488,"href":"https:\/\/senabel.com\/sv\/wp-json\/wp\/v2\/product\/55485\/revisions\/55488"}],"wp:featuredmedia":[{"embeddable":true,"href":"https:\/\/senabel.com\/sv\/wp-json\/wp\/v2\/media\/55486"}],"wp:attachment":[{"href":"https:\/\/senabel.com\/sv\/wp-json\/wp\/v2\/media?parent=55485"}],"wp:term":[{"taxonomy":"product_brand","embeddable":true,"href":"https:\/\/senabel.com\/sv\/wp-json\/wp\/v2\/product_brand?post=55485"},{"taxonomy":"product_cat","embeddable":true,"href":"https:\/\/senabel.com\/sv\/wp-json\/wp\/v2\/product_cat?post=55485"},{"taxonomy":"product_tag","embeddable":true,"href":"https:\/\/senabel.com\/sv\/wp-json\/wp\/v2\/product_tag?post=55485"}],"curies":[{"name":"wp","href":"https:\/\/api.w.org\/{rel}","templated":true}]}}