{"id":55479,"date":"2025-09-03T14:29:30","date_gmt":"2025-09-03T14:29:30","guid":{"rendered":"https:\/\/senabel.com\/?post_type=product&#038;p=55479"},"modified":"2025-09-16T22:34:40","modified_gmt":"2025-09-16T22:34:40","slug":"ferrero-klassisk-choklad-500g","status":"publish","type":"product","link":"https:\/\/senabel.com\/sv\/product\/ferrero-classic-chocolate-500g\/","title":{"rendered":"Ferrero Klassisk Choklad - 500g"},"content":{"rendered":"<p data-start=\"90\" data-end=\"254\">Njut av den legendariska smaken med <strong data-start=\"116\" data-end=\"139\">Ferrero Klassisk Choklad<\/strong> Den \u00e4r f\u00f6rpackad i lyxigt gyllene papper och kombinerar mj\u00f6lkchoklad, rostade hasseln\u00f6tter och mjuk gr\u00e4dde i ett knaprigt lager.<\/p>\n<p data-start=\"256\" data-end=\"276\"><strong data-start=\"256\" data-end=\"274\">Produktinformation:<\/strong><\/p>\n<ul data-start=\"277\" data-end=\"391\">\n<li data-start=\"277\" data-end=\"303\">\n<p data-start=\"279\" data-end=\"303\">Nettovikt: 500g<\/p>\n<\/li>\n<li data-start=\"304\" data-end=\"339\">\n<p data-start=\"306\" data-end=\"339\">Typ: Mj\u00f6lkchoklad med hasseln\u00f6t<\/p>\n<\/li>\n<li data-start=\"340\" data-end=\"391\">\n<p data-start=\"342\" data-end=\"391\">F\u00f6rpackning: Elegant bladguld med brun papperskapsel<\/p>\n<\/li>\n<\/ul>\n<p data-start=\"393\" data-end=\"425\"><strong data-start=\"393\" data-end=\"423\">Egenskaper hos Ferrero Classic Chocolate:<\/strong><\/p>\n<ul data-start=\"426\" data-end=\"600\">\n<li data-start=\"426\" data-end=\"481\">\n<p data-start=\"428\" data-end=\"481\">En lyxig kombination av mj\u00f6lkchoklad och krispiga hasseln\u00f6tter.<\/p>\n<\/li>\n<li data-start=\"482\" data-end=\"529\">\n<p data-start=\"484\" data-end=\"529\">Den eleganta f\u00f6rpackningen g\u00f6r den perfekt som g\u00e5va eller representationsobjekt.<\/p>\n<\/li>\n<li data-start=\"530\" data-end=\"568\">\n<p data-start=\"532\" data-end=\"568\">En lyxig dessert f\u00f6r alla tillf\u00e4llen.<\/p>\n<\/li>\n<li data-start=\"569\" data-end=\"600\">\n<p data-start=\"571\" data-end=\"600\">Internationell kvalitet \u00e4r erk\u00e4nd och uppskattad.<\/p>\n<\/li>\n<\/ul>\n<p data-start=\"602\" data-end=\"624\"><strong data-start=\"602\" data-end=\"622\">F\u00f6rvaringsanvisningar:<\/strong><\/p>\n<ul data-start=\"625\" data-end=\"747\">\n<li data-start=\"625\" data-end=\"683\">\n<p data-start=\"627\" data-end=\"683\">F\u00f6rvaras svalt, torrt och skyddat fr\u00e5n direkt solljus.<\/p>\n<\/li>\n<li data-start=\"684\" data-end=\"747\">\n<p data-start=\"686\" data-end=\"747\">B\u00e4st att konsumera inom h\u00e5llbarhetstiden f\u00f6r att bevara smak och kvalitet.<\/p>\n<\/li>\n<\/ul>\n<p data-start=\"749\" data-end=\"770\"><strong data-start=\"749\" data-end=\"768\">Ytterligare information:<\/strong><\/p>\n<ul data-start=\"771\" data-end=\"866\">\n<li data-start=\"771\" data-end=\"821\">\n<p data-start=\"773\" data-end=\"821\">Perfekt att servera till kaffet eller som dessert efter maten.<\/p>\n<\/li>\n<li data-start=\"822\" data-end=\"866\">\n<p data-start=\"824\" data-end=\"866\">Ett lyxigt val f\u00f6r g\u00e5vor p\u00e5 h\u00f6gtider och andra tillf\u00e4llen.<\/p>\n<\/li>\n<\/ul>\n<p data-start=\"868\" data-end=\"953\">Sk\u00e4m bort dig sj\u00e4lv och dina n\u00e4ra och k\u00e4ra med <strong data-start=\"889\" data-end=\"920\">Ferrero Classic Gold Choklad<\/strong> Njut av en lyxig smak som ingen annan.<\/p>","protected":false},"excerpt":{"rendered":"<p>Njut av den legendariska smaken med <strong data-start=\"116\" data-end=\"139\">Ferrero Klassisk Choklad<\/strong> Den \u00e4r f\u00f6rpackad i lyxigt gyllene papper och kombinerar mj\u00f6lkchoklad, rostade hasseln\u00f6tter och mjuk gr\u00e4dde i ett knaprigt lager.<\/p>","protected":false},"featured_media":55480,"template":"","meta":[],"product_brand":[],"product_cat":[297],"product_tag":[],"class_list":{"0":"post-55479","1":"product","2":"type-product","3":"status-publish","4":"has-post-thumbnail","6":"product_cat-297","8":"first","9":"outofstock","10":"taxable","11":"shipping-taxable","12":"purchasable","13":"product-type-simple"},"_links":{"self":[{"href":"https:\/\/senabel.com\/sv\/wp-json\/wp\/v2\/product\/55479","targetHints":{"allow":["GET"]}}],"collection":[{"href":"https:\/\/senabel.com\/sv\/wp-json\/wp\/v2\/product"}],"about":[{"href":"https:\/\/senabel.com\/sv\/wp-json\/wp\/v2\/types\/product"}],"version-history":[{"count":1,"href":"https:\/\/senabel.com\/sv\/wp-json\/wp\/v2\/product\/55479\/revisions"}],"predecessor-version":[{"id":55481,"href":"https:\/\/senabel.com\/sv\/wp-json\/wp\/v2\/product\/55479\/revisions\/55481"}],"wp:featuredmedia":[{"embeddable":true,"href":"https:\/\/senabel.com\/sv\/wp-json\/wp\/v2\/media\/55480"}],"wp:attachment":[{"href":"https:\/\/senabel.com\/sv\/wp-json\/wp\/v2\/media?parent=55479"}],"wp:term":[{"taxonomy":"product_brand","embeddable":true,"href":"https:\/\/senabel.com\/sv\/wp-json\/wp\/v2\/product_brand?post=55479"},{"taxonomy":"product_cat","embeddable":true,"href":"https:\/\/senabel.com\/sv\/wp-json\/wp\/v2\/product_cat?post=55479"},{"taxonomy":"product_tag","embeddable":true,"href":"https:\/\/senabel.com\/sv\/wp-json\/wp\/v2\/product_tag?post=55479"}],"curies":[{"name":"wp","href":"https:\/\/api.w.org\/{rel}","templated":true}]}}