{"id":55471,"date":"2025-09-03T14:31:21","date_gmt":"2025-09-03T14:31:21","guid":{"rendered":"https:\/\/senabel.com\/?post_type=product&#038;p=55471"},"modified":"2026-04-10T21:06:12","modified_gmt":"2026-04-10T21:06:12","slug":"malban-med-druvor-och-valnotter-470-g","status":"publish","type":"product","link":"https:\/\/senabel.com\/sv\/product\/grape-and-walnut-malban-470g\/","title":{"rendered":"Grape Walnut Milkshake - 470g"},"content":{"rendered":"<p data-start=\"94\" data-end=\"286\">Njut av den autentiska smaken med <strong data-start=\"117\" data-end=\"145\">Valn\u00f6tsfylld druvmilkshake<\/strong>En traditionell orientalisk dessert som kombinerar s\u00f6tman fr\u00e5n naturlig druvjuice med krispigheten fr\u00e5n f\u00e4rska valn\u00f6tter. Perfekt att servera vid evenemang eller som dessert till en kopp kaffe eller te.<\/p>\n<p data-start=\"288\" data-end=\"308\"><strong data-start=\"288\" data-end=\"306\">Produktinformation:<\/strong><\/p>\n<ul data-start=\"309\" data-end=\"443\">\n<li data-start=\"309\" data-end=\"335\">\n<p data-start=\"311\" data-end=\"335\">Nettovikt: 470g<\/p>\n<\/li>\n<li data-start=\"336\" data-end=\"383\">\n<p data-start=\"338\" data-end=\"383\">Ingredienser: Naturlig druvsaft - valn\u00f6tter - socker - st\u00e4rkelse<\/p>\n<\/li>\n<li data-start=\"384\" data-end=\"443\">\n<p data-start=\"386\" data-end=\"443\">F\u00f6rpackning: Luftt\u00e4t plastl\u00e5da h\u00e5ller f\u00e4rskheten intakt<\/p>\n<\/li>\n<\/ul>\n<p data-start=\"445\" data-end=\"475\"><strong data-start=\"445\" data-end=\"473\">Egenskaper hos valn\u00f6ts- och druvyoghurt:<\/strong><\/p>\n<ul data-start=\"476\" data-end=\"647\">\n<li data-start=\"476\" data-end=\"529\">\n<p data-start=\"478\" data-end=\"529\">Tillverkad med naturlig druvjuice f\u00f6r att ge en rik och uts\u00f6kt smak.<\/p>\n<\/li>\n<li data-start=\"530\" data-end=\"561\">\n<p data-start=\"532\" data-end=\"561\">Fylld med f\u00e4rska valn\u00f6tter av h\u00f6g kvalitet.<\/p>\n<\/li>\n<li data-start=\"562\" data-end=\"600\">\n<p data-start=\"564\" data-end=\"600\">En traditionell orientalisk dessert som passar perfekt f\u00f6r g\u00e4stfrihet.<\/p>\n<\/li>\n<li data-start=\"601\" data-end=\"647\">\n<p data-start=\"603\" data-end=\"647\">En k\u00e4lla till energi och inneh\u00e5ller nyttiga n\u00e4rings\u00e4mnen.<\/p>\n<\/li>\n<\/ul>\n<p data-start=\"649\" data-end=\"671\"><strong data-start=\"649\" data-end=\"669\">F\u00f6rvaringsanvisningar:<\/strong><\/p>\n<ul data-start=\"672\" data-end=\"775\">\n<li data-start=\"672\" data-end=\"718\">\n<p data-start=\"674\" data-end=\"718\">F\u00f6rvaras svalt, torrt och skyddat fr\u00e5n fukt.<\/p>\n<\/li>\n<li data-start=\"719\" data-end=\"775\">\n<p data-start=\"721\" data-end=\"775\">B\u00e4st att konsumera inom h\u00e5llbarhetstiden f\u00f6r att bevara kvaliteten.<\/p>\n<\/li>\n<\/ul>\n<p data-start=\"777\" data-end=\"798\"><strong data-start=\"777\" data-end=\"796\">Ytterligare information:<\/strong><\/p>\n<ul data-start=\"799\" data-end=\"913\">\n<li data-start=\"799\" data-end=\"829\">\n<p data-start=\"801\" data-end=\"829\">En naturlig produkt utan konserveringsmedel.<\/p>\n<\/li>\n<li data-start=\"830\" data-end=\"870\">\n<p data-start=\"832\" data-end=\"870\">L\u00e4mplig att servera p\u00e5 festivaler och vid andra tillf\u00e4llen.<\/p>\n<\/li>\n<li data-start=\"871\" data-end=\"913\">\n<p data-start=\"873\" data-end=\"913\">Den kombinerar s\u00f6tma med n\u00e4ringsv\u00e4rde.<\/p>\n<\/li>\n<\/ul>\n<p data-start=\"915\" data-end=\"989\">L\u00e4gg till <strong data-start=\"919\" data-end=\"940\">Grape Walnut Milkshake<\/strong> L\u00e4gg till autentiska orientaliska smaker p\u00e5 ditt bord och njut av oemotst\u00e5ndliga, autentiska orientaliska smaker.<\/p>","protected":false},"excerpt":{"rendered":"<p>Njut av den autentiska smaken med <strong data-start=\"117\" data-end=\"145\">Valn\u00f6tsfylld druvmilkshake<\/strong>En traditionell orientalisk dessert som kombinerar s\u00f6tman fr\u00e5n naturlig druvjuice med krispigheten fr\u00e5n f\u00e4rska valn\u00f6tter. Perfekt att servera vid evenemang eller som dessert till en kopp kaffe eller te.<\/p>","protected":false},"featured_media":55472,"template":"","meta":[],"product_brand":[],"product_cat":[367,220],"product_tag":[],"class_list":{"0":"post-55471","1":"product","2":"type-product","3":"status-publish","4":"has-post-thumbnail","6":"product_cat-367","7":"product_cat-220","9":"first","10":"instock","11":"taxable","12":"shipping-taxable","13":"purchasable","14":"product-type-simple"},"_links":{"self":[{"href":"https:\/\/senabel.com\/sv\/wp-json\/wp\/v2\/product\/55471","targetHints":{"allow":["GET"]}}],"collection":[{"href":"https:\/\/senabel.com\/sv\/wp-json\/wp\/v2\/product"}],"about":[{"href":"https:\/\/senabel.com\/sv\/wp-json\/wp\/v2\/types\/product"}],"version-history":[{"count":1,"href":"https:\/\/senabel.com\/sv\/wp-json\/wp\/v2\/product\/55471\/revisions"}],"predecessor-version":[{"id":55474,"href":"https:\/\/senabel.com\/sv\/wp-json\/wp\/v2\/product\/55471\/revisions\/55474"}],"wp:featuredmedia":[{"embeddable":true,"href":"https:\/\/senabel.com\/sv\/wp-json\/wp\/v2\/media\/55472"}],"wp:attachment":[{"href":"https:\/\/senabel.com\/sv\/wp-json\/wp\/v2\/media?parent=55471"}],"wp:term":[{"taxonomy":"product_brand","embeddable":true,"href":"https:\/\/senabel.com\/sv\/wp-json\/wp\/v2\/product_brand?post=55471"},{"taxonomy":"product_cat","embeddable":true,"href":"https:\/\/senabel.com\/sv\/wp-json\/wp\/v2\/product_cat?post=55471"},{"taxonomy":"product_tag","embeddable":true,"href":"https:\/\/senabel.com\/sv\/wp-json\/wp\/v2\/product_tag?post=55471"}],"curies":[{"name":"wp","href":"https:\/\/api.w.org\/{rel}","templated":true}]}}