{"id":55462,"date":"2025-09-03T14:32:15","date_gmt":"2025-09-03T14:32:15","guid":{"rendered":"https:\/\/senabel.com\/?post_type=product&#038;p=55462"},"modified":"2026-04-03T10:30:38","modified_gmt":"2026-04-03T10:30:38","slug":"original-afrin-olja","status":"publish","type":"product","link":"https:\/\/senabel.com\/sv\/product\/original-afrin-oil\/","title":{"rendered":"Afrin Originalolja"},"content":{"rendered":"<p data-start=\"107\" data-end=\"326\">Njut av den \u00e4kta smaken och kvaliteten hos naturlig olja med <strong data-start=\"153\" data-end=\"173\">Afrin Originalolja<\/strong>Extraheras omsorgsfullt fr\u00e5n den finaste olivfrukten, med en unik smak och fulla h\u00e4lsof\u00f6rdelar. Idealisk f\u00f6r daglig anv\u00e4ndning i b\u00e5de \u00f6st- och v\u00e4stk\u00f6k.<\/p>\n<p data-start=\"328\" data-end=\"348\"><strong data-start=\"328\" data-end=\"346\">Produktinformation:<\/strong><\/p>\n<ul data-start=\"349\" data-end=\"492\">\n<li data-start=\"349\" data-end=\"365\">\n<p data-start=\"351\" data-end=\"365\">Kapacitet: 1 liter \u2013 2 liter<\/p>\n<\/li>\n<li data-start=\"366\" data-end=\"402\">\n<p data-start=\"368\" data-end=\"402\">Typ: Naturlig extra jungfruolivolja<\/p>\n<\/li>\n<li data-start=\"403\" data-end=\"428\">\n<p data-start=\"405\" data-end=\"428\">Ursprung: Afrin - Syrien<\/p>\n<\/li>\n<li data-start=\"429\" data-end=\"492\">\n<p data-start=\"431\" data-end=\"492\">F\u00f6rpackningar: F\u00f6rseglad metallf\u00f6rpackning som bevarar kvalitet och smak<\/p>\n<\/li>\n<\/ul>\n<p data-start=\"494\" data-end=\"523\"><strong data-start=\"494\" data-end=\"521\">Funktioner av Afrin Original Oil:<\/strong><\/p>\n<ul data-start=\"524\" data-end=\"812\">\n<li data-start=\"524\" data-end=\"581\">\n<p data-start=\"526\" data-end=\"581\">Naturlig olja 100% utvunnen fr\u00e5n oliver.<\/p>\n<\/li>\n<li data-start=\"582\" data-end=\"632\">\n<p data-start=\"584\" data-end=\"632\">En rik smak och autentisk arom som \u00e5terspeglar kvaliteten p\u00e5 Arafari-oliverna.<\/p>\n<\/li>\n<li data-start=\"633\" data-end=\"693\">\n<p data-start=\"635\" data-end=\"693\">Idealisk f\u00f6r anv\u00e4ndning i sallader, grytor och traditionell matlagning.<\/p>\n<\/li>\n<li data-start=\"694\" data-end=\"762\">\n<p data-start=\"696\" data-end=\"762\">En bra k\u00e4lla till nyttiga om\u00e4ttade fetter, vitamin E och antioxidanter.<\/p>\n<\/li>\n<li data-start=\"763\" data-end=\"812\">\n<p data-start=\"765\" data-end=\"812\">H\u00e5ller livsmedlen fr\u00e4scha och ger dem en distinkt smak.<\/p>\n<\/li>\n<\/ul>\n<p data-start=\"814\" data-end=\"836\"><strong data-start=\"814\" data-end=\"834\">F\u00f6rvaringsanvisningar:<\/strong><\/p>\n<ul data-start=\"837\" data-end=\"947\">\n<li data-start=\"837\" data-end=\"895\">\n<p data-start=\"839\" data-end=\"895\">F\u00f6rvaras svalt, torrt och skyddat fr\u00e5n direkt solljus.<\/p>\n<\/li>\n<li data-start=\"896\" data-end=\"947\">\n<p data-start=\"898\" data-end=\"947\">B\u00e4st att konsumera inom h\u00e5llbarhetstiden f\u00f6r att s\u00e4kerst\u00e4lla kvaliteten.<\/p>\n<\/li>\n<\/ul>\n<p data-start=\"949\" data-end=\"970\"><strong data-start=\"949\" data-end=\"968\">Ytterligare information:<\/strong><\/p>\n<ul data-start=\"971\" data-end=\"1088\">\n<li data-start=\"971\" data-end=\"1011\">\n<p data-start=\"973\" data-end=\"1011\">En naturlig produkt utan konstgjorda tillsatser.<\/p>\n<\/li>\n<li data-start=\"1012\" data-end=\"1053\">\n<p data-start=\"1014\" data-end=\"1053\">L\u00e4mplig f\u00f6r en h\u00e4lsosam och balanserad kost.<\/p>\n<\/li>\n<li data-start=\"1054\" data-end=\"1088\">\n<p data-start=\"1056\" data-end=\"1088\">H\u00f6gkvalitativt certifierat och en p\u00e5litlig k\u00e4lla.<\/p>\n<\/li>\n<\/ul>\n<p data-start=\"1090\" data-end=\"1230\">V\u00e4lj <strong data-start=\"1095\" data-end=\"1115\">Afrin Originalolja<\/strong> G\u00f6r den till en del av ditt dagliga k\u00f6k och njut av den autentiska traditionella smak och de h\u00e4lsof\u00f6rdelar som Afridi-olja har gett sedan urminnes tider.<\/p>","protected":false},"excerpt":{"rendered":"<p>Njut av den \u00e4kta smaken och kvaliteten hos naturlig olja med <strong data-start=\"153\" data-end=\"173\">Afrin Originalolja<\/strong>Extraheras omsorgsfullt fr\u00e5n den finaste olivfrukten, med en unik smak och fulla h\u00e4lsof\u00f6rdelar. Idealisk f\u00f6r daglig anv\u00e4ndning i b\u00e5de \u00f6st- och v\u00e4stk\u00f6k.<\/p>","protected":false},"featured_media":55463,"template":"","meta":[],"product_brand":[],"product_cat":[349,371],"product_tag":[],"class_list":{"0":"post-55462","1":"product","2":"type-product","3":"status-publish","4":"has-post-thumbnail","6":"product_cat-349","7":"product_cat-371","9":"first","10":"instock","11":"taxable","12":"shipping-taxable","13":"purchasable","14":"product-type-variable"},"_links":{"self":[{"href":"https:\/\/senabel.com\/sv\/wp-json\/wp\/v2\/product\/55462","targetHints":{"allow":["GET"]}}],"collection":[{"href":"https:\/\/senabel.com\/sv\/wp-json\/wp\/v2\/product"}],"about":[{"href":"https:\/\/senabel.com\/sv\/wp-json\/wp\/v2\/types\/product"}],"version-history":[{"count":4,"href":"https:\/\/senabel.com\/sv\/wp-json\/wp\/v2\/product\/55462\/revisions"}],"predecessor-version":[{"id":58520,"href":"https:\/\/senabel.com\/sv\/wp-json\/wp\/v2\/product\/55462\/revisions\/58520"}],"wp:featuredmedia":[{"embeddable":true,"href":"https:\/\/senabel.com\/sv\/wp-json\/wp\/v2\/media\/55463"}],"wp:attachment":[{"href":"https:\/\/senabel.com\/sv\/wp-json\/wp\/v2\/media?parent=55462"}],"wp:term":[{"taxonomy":"product_brand","embeddable":true,"href":"https:\/\/senabel.com\/sv\/wp-json\/wp\/v2\/product_brand?post=55462"},{"taxonomy":"product_cat","embeddable":true,"href":"https:\/\/senabel.com\/sv\/wp-json\/wp\/v2\/product_cat?post=55462"},{"taxonomy":"product_tag","embeddable":true,"href":"https:\/\/senabel.com\/sv\/wp-json\/wp\/v2\/product_tag?post=55462"}],"curies":[{"name":"wp","href":"https:\/\/api.w.org\/{rel}","templated":true}]}}