{"id":55455,"date":"2025-09-03T14:34:12","date_gmt":"2025-09-03T14:34:12","guid":{"rendered":"https:\/\/senabel.com\/?post_type=product&#038;p=55455"},"modified":"2025-12-17T21:52:18","modified_gmt":"2025-12-17T21:52:18","slug":"frittgaende-fargade-agg-rosa","status":"publish","type":"product","link":"https:\/\/senabel.com\/sv\/product\/frey-range-colored-eggs-pink\/","title":{"rendered":"F\u00e4rgade \u00e4gg fr\u00e5n frig\u00e5ende h\u00f6ns - rosa"},"content":{"rendered":"<p data-start=\"87\" data-end=\"313\">L\u00e4gg till en touch av sk\u00f6nhet och gl\u00e4dje till dina evenemang med <strong data-start=\"126\" data-end=\"146\">Rosa \u00e4gg fr\u00e5n frig\u00e5ende h\u00f6ns<\/strong>Med sin ljusa f\u00e4rg och glada festliga tema. Perfekt f\u00f6r babyshower, br\u00f6llop och f\u00f6rlovningar, och ger dina g\u00e4ster en speciell upplevelse som ger en touch av elegans och n\u00f6je.<\/p>\n<p data-start=\"315\" data-end=\"335\"><strong data-start=\"315\" data-end=\"333\">Produktinformation:<\/strong><\/p>\n<ul data-start=\"336\" data-end=\"521\">\n<li data-start=\"336\" data-end=\"373\">\n<p data-start=\"338\" data-end=\"373\">F\u00e4rgen: Rosa med eleganta dekorativa accenter<\/p>\n<\/li>\n<li data-start=\"374\" data-end=\"449\">\n<p data-start=\"376\" data-end=\"449\">Anv\u00e4ndning: Br\u00f6llop, f\u00f6rlovning, baby shower, speciella tillf\u00e4llen<\/p>\n<\/li>\n<li data-start=\"450\" data-end=\"499\">\n<p data-start=\"452\" data-end=\"499\">F\u00f6rpackning: Transparent p\u00e5se som bibeh\u00e5ller produktens s\u00e4rpr\u00e4glade form<\/p>\n<\/li>\n<li data-start=\"500\" data-end=\"521\">\n<p data-start=\"502\" data-end=\"521\">Vikt: 00g<\/p>\n<\/li>\n<\/ul>\n<p data-start=\"523\" data-end=\"552\"><strong data-start=\"523\" data-end=\"550\">Egenskaper hos rosa \u00e4gg fr\u00e5n frig\u00e5ende h\u00f6ns:<\/strong><\/p>\n<ul data-start=\"553\" data-end=\"733\">\n<li data-start=\"553\" data-end=\"594\">\n<p data-start=\"555\" data-end=\"594\">En smickrande rosa f\u00e4rg som ger en feminin och sofistikerad touch.<\/p>\n<\/li>\n<li data-start=\"595\" data-end=\"632\">\n<p data-start=\"597\" data-end=\"632\">L\u00e4mplig f\u00f6r distributioner och dekorationer.<\/p>\n<\/li>\n<li data-start=\"633\" data-end=\"686\">\n<p data-start=\"635\" data-end=\"686\">Perfekt som en liten present till g\u00e4sterna eller som bordsdekoration.<\/p>\n<\/li>\n<li data-start=\"687\" data-end=\"733\">\n<p data-start=\"689\" data-end=\"733\">Solida, ljusa f\u00e4rger som bidrar till det vackra i sammanhanget.<\/p>\n<\/li>\n<\/ul>\n<p data-start=\"735\" data-end=\"759\"><strong data-start=\"735\" data-end=\"757\">Instruktioner f\u00f6r anv\u00e4ndning:<\/strong><\/p>\n<ul data-start=\"760\" data-end=\"871\">\n<li data-start=\"760\" data-end=\"800\">\n<p data-start=\"762\" data-end=\"800\">Anv\u00e4nds f\u00f6r att dela ut vid evenemang.<\/p>\n<\/li>\n<li data-start=\"801\" data-end=\"871\">\n<p data-start=\"803\" data-end=\"871\">Den kan placeras i festf\u00f6rem\u00e5l eller dekorerade festp\u00e5sar.<\/p>\n<\/li>\n<\/ul>\n<p data-start=\"995\" data-end=\"1095\">V\u00e4lj <strong data-start=\"1000\" data-end=\"1020\">Rosa \u00e4gg fr\u00e5n frig\u00e5ende h\u00f6ns<\/strong> Att f\u00e5 vara en del av dina lyckliga tillf\u00e4llen och ge dina g\u00e4ster en upplevelse full av gl\u00e4dje och spetskompetens.<\/p>","protected":false},"excerpt":{"rendered":"<p>L\u00e4gg till en touch av sk\u00f6nhet och gl\u00e4dje till dina evenemang med <strong data-start=\"126\" data-end=\"146\">Rosa \u00e4gg fr\u00e5n frig\u00e5ende h\u00f6ns<\/strong>Med sin ljusa f\u00e4rg och glada festliga tema. Perfekt f\u00f6r babyshower, br\u00f6llop och f\u00f6rlovningar, och ger dina g\u00e4ster en speciell upplevelse som ger en touch av elegans och n\u00f6je.<\/p>","protected":false},"featured_media":55456,"template":"","meta":[],"product_brand":[],"product_cat":[347,297],"product_tag":[],"class_list":{"0":"post-55455","1":"product","2":"type-product","3":"status-publish","4":"has-post-thumbnail","6":"product_cat-347","7":"product_cat-297","9":"first","10":"outofstock","11":"taxable","12":"shipping-taxable","13":"purchasable","14":"product-type-simple"},"_links":{"self":[{"href":"https:\/\/senabel.com\/sv\/wp-json\/wp\/v2\/product\/55455","targetHints":{"allow":["GET"]}}],"collection":[{"href":"https:\/\/senabel.com\/sv\/wp-json\/wp\/v2\/product"}],"about":[{"href":"https:\/\/senabel.com\/sv\/wp-json\/wp\/v2\/types\/product"}],"version-history":[{"count":2,"href":"https:\/\/senabel.com\/sv\/wp-json\/wp\/v2\/product\/55455\/revisions"}],"predecessor-version":[{"id":55731,"href":"https:\/\/senabel.com\/sv\/wp-json\/wp\/v2\/product\/55455\/revisions\/55731"}],"wp:featuredmedia":[{"embeddable":true,"href":"https:\/\/senabel.com\/sv\/wp-json\/wp\/v2\/media\/55456"}],"wp:attachment":[{"href":"https:\/\/senabel.com\/sv\/wp-json\/wp\/v2\/media?parent=55455"}],"wp:term":[{"taxonomy":"product_brand","embeddable":true,"href":"https:\/\/senabel.com\/sv\/wp-json\/wp\/v2\/product_brand?post=55455"},{"taxonomy":"product_cat","embeddable":true,"href":"https:\/\/senabel.com\/sv\/wp-json\/wp\/v2\/product_cat?post=55455"},{"taxonomy":"product_tag","embeddable":true,"href":"https:\/\/senabel.com\/sv\/wp-json\/wp\/v2\/product_tag?post=55455"}],"curies":[{"name":"wp","href":"https:\/\/api.w.org\/{rel}","templated":true}]}}