{"id":55437,"date":"2025-09-03T14:36:31","date_gmt":"2025-09-03T14:36:31","guid":{"rendered":"https:\/\/senabel.com\/?post_type=product&#038;p=55437"},"modified":"2026-02-01T15:14:51","modified_gmt":"2026-02-01T15:14:51","slug":"en-bunt-mlabas","status":"publish","type":"product","link":"https:\/\/senabel.com\/sv\/product\/a-bundle-of-mlabas\/","title":{"rendered":"Tygbricka f\u00f6r distribution"},"content":{"rendered":"<p data-start=\"127\" data-end=\"338\">G\u00f6r dina evenemang \u00e4nnu mer speciella med <strong data-start=\"156\" data-end=\"183\">Dresser Pod f\u00f6r distributioner<\/strong>Designad i ett elegant skirt tyg som framh\u00e4ver sk\u00f6nheten i de f\u00e4rgglada mullb\u00e4rsp\u00e4rlorna. Perfekt f\u00f6r br\u00f6llop, f\u00f6rlovningar, m\u00f6hippor och babyshowers f\u00f6r att ge en touch av elegans och gl\u00e4dje till dina g\u00e4ster.<\/p>\n<p data-start=\"340\" data-end=\"360\"><strong data-start=\"340\" data-end=\"358\">Produktinformation:<\/strong><\/p>\n<ul data-start=\"361\" data-end=\"575\">\n<li data-start=\"361\" data-end=\"401\">\n<p data-start=\"363\" data-end=\"401\">Tillg\u00e4ngliga f\u00e4rger: Bl\u00e5 - Rosa - Vit<\/p>\n<\/li>\n<li data-start=\"402\" data-end=\"485\">\n<p data-start=\"404\" data-end=\"485\">Anv\u00e4ndning: Br\u00f6llop, f\u00f6rlovningar, babyshower, helger och speciella tillf\u00e4llen<\/p>\n<\/li>\n<li data-start=\"486\" data-end=\"538\">\n<p data-start=\"488\" data-end=\"538\">F\u00f6rpackning: Transparent burk i canvas med elegant dragskof\u00f6rslutning<\/p>\n<\/li>\n<li data-start=\"539\" data-end=\"575\">\n<p data-start=\"541\" data-end=\"575\">Inneh\u00e5ll: F\u00e4rgglada kl\u00e4der i glada f\u00e4rger<\/p>\n<\/li>\n<\/ul>\n<p data-start=\"577\" data-end=\"603\"><strong data-start=\"577\" data-end=\"601\">Kuddfodral Egenskaper:<\/strong><\/p>\n<ul data-start=\"604\" data-end=\"767\">\n<li data-start=\"604\" data-end=\"646\">\n<p data-start=\"606\" data-end=\"646\">Elegant och sofistikerad design f\u00f6r alla tillf\u00e4llen.<\/p>\n<\/li>\n<li data-start=\"647\" data-end=\"678\">\n<p data-start=\"649\" data-end=\"678\">Praktiskt och enkelt att servera till g\u00e4ster.<\/p>\n<\/li>\n<li data-start=\"679\" data-end=\"721\">\n<p data-start=\"681\" data-end=\"721\">L\u00e4gg till en touch av glamour p\u00e5 eventborden.<\/p>\n<\/li>\n<li data-start=\"722\" data-end=\"767\">\n<p data-start=\"724\" data-end=\"767\">Finns i en m\u00e4ngd olika f\u00e4rger f\u00f6r att matcha din br\u00f6llopsdekor.<\/p>\n<\/li>\n<\/ul>\n<p data-start=\"769\" data-end=\"793\"><strong data-start=\"769\" data-end=\"791\">Instruktioner f\u00f6r anv\u00e4ndning:<\/strong><\/p>\n<ul data-start=\"794\" data-end=\"889\">\n<li data-start=\"794\" data-end=\"826\">\n<p data-start=\"796\" data-end=\"826\">Perfekt att ge bort som present till g\u00e4ster.<\/p>\n<\/li>\n<li data-start=\"827\" data-end=\"889\">\n<p data-start=\"829\" data-end=\"889\">De kan anv\u00e4ndas som bordsdekoration eller som festprylar.<\/p>\n<\/li>\n<\/ul>\n<p data-start=\"982\" data-end=\"1086\">V\u00e4lj <strong data-start=\"987\" data-end=\"1004\">F\u00f6rbandsbricka<\/strong> L\u00e4gg till en touch av glamour och elegans till dina evenemang och l\u00e5t dina g\u00e4ster f\u00e5 en of\u00f6rgl\u00f6mlig upplevelse.<\/p>","protected":false},"excerpt":{"rendered":"<p>G\u00f6r dina evenemang \u00e4nnu mer speciella med <strong data-start=\"156\" data-end=\"183\">Dresser Pod f\u00f6r distributioner<\/strong>Designad i ett elegant skirt tyg som framh\u00e4ver sk\u00f6nheten i de f\u00e4rgglada mullb\u00e4rsp\u00e4rlorna. Perfekt f\u00f6r br\u00f6llop, f\u00f6rlovningar, m\u00f6hippor och babyshowers f\u00f6r att ge en touch av elegans och gl\u00e4dje till dina g\u00e4ster.<\/p>","protected":false},"featured_media":55442,"template":"","meta":[],"product_brand":[],"product_cat":[444,445,446],"product_tag":[],"class_list":{"0":"post-55437","1":"product","2":"type-product","3":"status-publish","4":"has-post-thumbnail","6":"product_cat-444","7":"product_cat-445","8":"product_cat-446","10":"first","11":"outofstock","12":"taxable","13":"shipping-taxable","14":"product-type-variable"},"_links":{"self":[{"href":"https:\/\/senabel.com\/sv\/wp-json\/wp\/v2\/product\/55437","targetHints":{"allow":["GET"]}}],"collection":[{"href":"https:\/\/senabel.com\/sv\/wp-json\/wp\/v2\/product"}],"about":[{"href":"https:\/\/senabel.com\/sv\/wp-json\/wp\/v2\/types\/product"}],"version-history":[{"count":2,"href":"https:\/\/senabel.com\/sv\/wp-json\/wp\/v2\/product\/55437\/revisions"}],"predecessor-version":[{"id":55448,"href":"https:\/\/senabel.com\/sv\/wp-json\/wp\/v2\/product\/55437\/revisions\/55448"}],"wp:featuredmedia":[{"embeddable":true,"href":"https:\/\/senabel.com\/sv\/wp-json\/wp\/v2\/media\/55442"}],"wp:attachment":[{"href":"https:\/\/senabel.com\/sv\/wp-json\/wp\/v2\/media?parent=55437"}],"wp:term":[{"taxonomy":"product_brand","embeddable":true,"href":"https:\/\/senabel.com\/sv\/wp-json\/wp\/v2\/product_brand?post=55437"},{"taxonomy":"product_cat","embeddable":true,"href":"https:\/\/senabel.com\/sv\/wp-json\/wp\/v2\/product_cat?post=55437"},{"taxonomy":"product_tag","embeddable":true,"href":"https:\/\/senabel.com\/sv\/wp-json\/wp\/v2\/product_tag?post=55437"}],"curies":[{"name":"wp","href":"https:\/\/api.w.org\/{rel}","templated":true}]}}