{"id":55372,"date":"2025-09-02T12:09:31","date_gmt":"2025-09-02T12:09:31","guid":{"rendered":"https:\/\/senabel.com\/?post_type=product&#038;p=55372"},"modified":"2025-10-11T11:23:13","modified_gmt":"2025-10-11T11:23:13","slug":"elegant-silverask-for-brollop-och-forlovningar","status":"publish","type":"product","link":"https:\/\/senabel.com\/sv\/product\/elegant-silver-arrangement-box-for-weddings-and-engagements\/","title":{"rendered":"Elegant br\u00f6llops- och f\u00f6rlovningsask i silver"},"content":{"rendered":"<p data-start=\"124\" data-end=\"343\">L\u00e4gg till en touch av lyx och elegans till dina speciella tillf\u00e4llen med <strong data-start=\"176\" data-end=\"211\">Dekorativ silverf\u00e4rgad dispenserbox<\/strong>Den k\u00e4nnetecknas av sin sofistikerade design och blanka yta. Perfekt f\u00f6r att servera choklad, godis eller sm\u00e5 presenter till g\u00e4ster p\u00e5 br\u00f6llop och f\u00f6rlovningar.<\/p>\n<p data-start=\"345\" data-end=\"365\"><strong data-start=\"345\" data-end=\"363\">Produktinformation:<\/strong><\/p>\n<ul data-start=\"366\" data-end=\"581\">\n<li data-start=\"366\" data-end=\"431\">\n<p data-start=\"368\" data-end=\"431\">Anv\u00e4ndning: Br\u00f6llop, f\u00f6rlovning, choklad och godis<\/p>\n<\/li>\n<li data-start=\"432\" data-end=\"479\">\n<p data-start=\"434\" data-end=\"479\">Designen: Lyxig silverf\u00e4rg med eleganta m\u00f6nster och utsmyckningar<\/p>\n<\/li>\n<li data-start=\"480\" data-end=\"514\">\n<p data-start=\"482\" data-end=\"514\">Artikel: Kartong av h\u00f6gsta kvalitet<\/p>\n<\/li>\n<li data-start=\"515\" data-end=\"581\">\n<p data-start=\"517\" data-end=\"581\">Storleken: L\u00e4mplig f\u00f6r choklad eller sm\u00e5 bitar av godis och n\u00f6tter<\/p>\n<\/li>\n<\/ul>\n<p data-start=\"583\" data-end=\"618\"><strong data-start=\"583\" data-end=\"616\">Egenskaper f\u00f6r Silver Dispenser Box:<\/strong><\/p>\n<ul data-start=\"619\" data-end=\"788\">\n<li data-start=\"619\" data-end=\"664\">\n<p data-start=\"621\" data-end=\"664\">En lyxig design som ger en touch av glamour till alla tillf\u00e4llen.<\/p>\n<\/li>\n<li data-start=\"665\" data-end=\"697\">\n<p data-start=\"667\" data-end=\"697\">L\u00e4tt och enkel att anv\u00e4nda.<\/p>\n<\/li>\n<li data-start=\"698\" data-end=\"746\">\n<p data-start=\"700\" data-end=\"746\">Perfekt f\u00f6r individuella presenter eller som bordsdekoration.<\/p>\n<\/li>\n<li data-start=\"747\" data-end=\"788\">\n<p data-start=\"749\" data-end=\"788\">Ge dina g\u00e4ster en exklusiv upplevelse med h\u00f6g klass.<\/p>\n<\/li>\n<\/ul>\n<p data-start=\"790\" data-end=\"814\"><strong data-start=\"790\" data-end=\"812\">Instruktioner f\u00f6r anv\u00e4ndning:<\/strong><\/p>\n<ul data-start=\"815\" data-end=\"920\">\n<li data-start=\"815\" data-end=\"866\">\n<p data-start=\"817\" data-end=\"866\">Perfekt f\u00f6r att dela ut choklad och sm\u00e5 presenter till g\u00e4sterna.<\/p>\n<\/li>\n<li data-start=\"867\" data-end=\"920\">\n<p data-start=\"869\" data-end=\"920\">Den kan anv\u00e4ndas som en elegant dekoration f\u00f6r evenemangsbord.<\/p>\n<\/li>\n<\/ul>\n<p data-start=\"1013\" data-end=\"1116\">V\u00e4lj <strong data-start=\"1018\" data-end=\"1053\">Dekorativ silverf\u00e4rgad dispenserbox<\/strong> G\u00f6r dina evenemang mer lyxiga och eleganta och ge dina g\u00e4ster en of\u00f6rgl\u00f6mlig upplevelse.<\/p>","protected":false},"excerpt":{"rendered":"<p>L\u00e4gg till en touch av lyx och elegans till dina speciella tillf\u00e4llen med <strong data-start=\"176\" data-end=\"211\">Dekorativ silverf\u00e4rgad dispenserbox<\/strong>Den k\u00e4nnetecknas av sin sofistikerade design och blanka yta. Perfekt f\u00f6r att servera choklad, godis eller sm\u00e5 presenter till g\u00e4ster p\u00e5 br\u00f6llop och f\u00f6rlovningar.<\/p>","protected":false},"featured_media":55376,"template":"","meta":[],"product_brand":[],"product_cat":[444,445],"product_tag":[],"class_list":{"0":"post-55372","1":"product","2":"type-product","3":"status-publish","4":"has-post-thumbnail","6":"product_cat-444","7":"product_cat-445","9":"first","10":"instock","11":"taxable","12":"shipping-taxable","13":"purchasable","14":"product-type-variable"},"_links":{"self":[{"href":"https:\/\/senabel.com\/sv\/wp-json\/wp\/v2\/product\/55372","targetHints":{"allow":["GET"]}}],"collection":[{"href":"https:\/\/senabel.com\/sv\/wp-json\/wp\/v2\/product"}],"about":[{"href":"https:\/\/senabel.com\/sv\/wp-json\/wp\/v2\/types\/product"}],"version-history":[{"count":2,"href":"https:\/\/senabel.com\/sv\/wp-json\/wp\/v2\/product\/55372\/revisions"}],"predecessor-version":[{"id":55388,"href":"https:\/\/senabel.com\/sv\/wp-json\/wp\/v2\/product\/55372\/revisions\/55388"}],"wp:featuredmedia":[{"embeddable":true,"href":"https:\/\/senabel.com\/sv\/wp-json\/wp\/v2\/media\/55376"}],"wp:attachment":[{"href":"https:\/\/senabel.com\/sv\/wp-json\/wp\/v2\/media?parent=55372"}],"wp:term":[{"taxonomy":"product_brand","embeddable":true,"href":"https:\/\/senabel.com\/sv\/wp-json\/wp\/v2\/product_brand?post=55372"},{"taxonomy":"product_cat","embeddable":true,"href":"https:\/\/senabel.com\/sv\/wp-json\/wp\/v2\/product_cat?post=55372"},{"taxonomy":"product_tag","embeddable":true,"href":"https:\/\/senabel.com\/sv\/wp-json\/wp\/v2\/product_tag?post=55372"}],"curies":[{"name":"wp","href":"https:\/\/api.w.org\/{rel}","templated":true}]}}