{"id":55320,"date":"2025-08-31T18:15:36","date_gmt":"2025-08-31T18:15:36","guid":{"rendered":"https:\/\/senabel.com\/?post_type=product&#038;p=55320"},"modified":"2025-10-11T11:20:53","modified_gmt":"2025-10-11T11:20:53","slug":"ljusbla-fjarilspresenter-till-babyshower","status":"publish","type":"product","link":"https:\/\/senabel.com\/sv\/product\/light-blue-butterfly-baby-shower-favors\/","title":{"rendered":"Ljusbl\u00e5 fj\u00e4ril nyf\u00f6dd Handout"},"content":{"rendered":"<p data-start=\"155\" data-end=\"375\">Fira ankomsten av ditt nyf\u00f6dda barn med <strong data-start=\"184\" data-end=\"233\">Ljusbl\u00e5 fj\u00e4rilsdispenserl\u00e5da<\/strong>L\u00e4gg till en touch av elegans och glamour till dina baby shower och baby shower. Perfekt f\u00f6r att servera choklad eller sm\u00e5 desserter till g\u00e4sterna p\u00e5 ett sofistikerat s\u00e4tt.<\/p>\n<p data-start=\"377\" data-end=\"397\"><strong data-start=\"377\" data-end=\"395\">Produktinformation:<\/strong><\/p>\n<ul data-start=\"398\" data-end=\"669\">\n<li data-start=\"398\" data-end=\"492\">\n<p data-start=\"400\" data-end=\"492\">Anv\u00e4ndning: Babyfav\u00f6rer (pojkar), babyshower, babyshower, helger och speciella tillf\u00e4llen<\/p>\n<\/li>\n<li data-start=\"493\" data-end=\"552\">\n<p data-start=\"495\" data-end=\"552\">F\u00e4rgen: Ljusbl\u00e5 med silvergl\u00e4nsande accenter och en elegant fj\u00e4ril<\/p>\n<\/li>\n<li data-start=\"553\" data-end=\"602\">\n<p data-start=\"555\" data-end=\"602\">Artikel: Deluxe-kartong med genomskinlig \u00f6ppning f\u00f6r att visa inneh\u00e5llet<\/p>\n<\/li>\n<li data-start=\"603\" data-end=\"669\">\n<p data-start=\"605\" data-end=\"669\">Storleken: L\u00e4mplig f\u00f6r choklad eller sm\u00e5 bitar av godis och n\u00f6tter<\/p>\n<\/li>\n<\/ul>\n<p data-start=\"671\" data-end=\"714\"><strong data-start=\"671\" data-end=\"712\">Egenskaper hos det ljusbl\u00e5 dispenserfodralet:<\/strong><\/p>\n<ul data-start=\"715\" data-end=\"872\">\n<li data-start=\"715\" data-end=\"765\">\n<p data-start=\"717\" data-end=\"765\">En distinkt design som \u00e5terspeglar barnets glada hum\u00f6r.<\/p>\n<\/li>\n<li data-start=\"766\" data-end=\"798\">\n<p data-start=\"768\" data-end=\"798\">L\u00e4tt och enkel att anv\u00e4nda.<\/p>\n<\/li>\n<li data-start=\"799\" data-end=\"837\">\n<p data-start=\"801\" data-end=\"837\">Perfekt f\u00f6r att dekorera bord p\u00e5 fester.<\/p>\n<\/li>\n<li data-start=\"838\" data-end=\"872\">\n<p data-start=\"840\" data-end=\"872\">Ge dina g\u00e4ster en elegant och lyxig upplevelse.<\/p>\n<\/li>\n<\/ul>\n<p data-start=\"874\" data-end=\"898\"><strong data-start=\"874\" data-end=\"896\">Instruktioner f\u00f6r anv\u00e4ndning:<\/strong><\/p>\n<ul data-start=\"899\" data-end=\"1013\">\n<li data-start=\"899\" data-end=\"960\">\n<p data-start=\"901\" data-end=\"960\">Anv\u00e4nd som barnpresent eller som souvenir f\u00f6r g\u00e4sterna.<\/p>\n<\/li>\n<li data-start=\"961\" data-end=\"1013\">\n<p data-start=\"963\" data-end=\"1013\">Perfekt f\u00f6r att dekorera inf\u00f6r sabbat och barnkalas.<\/p>\n<\/li>\n<\/ul>\n<p data-start=\"1116\" data-end=\"1220\">V\u00e4lj <strong data-start=\"1121\" data-end=\"1170\">Ljusbl\u00e5 fj\u00e4rilsdispenserl\u00e5da<\/strong> G\u00f6r din babyshower full av stil och gl\u00e4dje.<\/p>","protected":false},"excerpt":{"rendered":"<p>Fira ankomsten av ditt nyf\u00f6dda barn med <strong data-start=\"184\" data-end=\"233\">Ljusbl\u00e5 fj\u00e4rilsdispenserl\u00e5da<\/strong>L\u00e4gg till en touch av elegans och glamour till dina baby shower och baby shower. Perfekt f\u00f6r att servera choklad eller sm\u00e5 desserter till g\u00e4sterna p\u00e5 ett sofistikerat s\u00e4tt.<\/p>","protected":false},"featured_media":55321,"template":"","meta":[],"product_brand":[],"product_cat":[444,446],"product_tag":[],"class_list":{"0":"post-55320","1":"product","2":"type-product","3":"status-publish","4":"has-post-thumbnail","6":"product_cat-444","7":"product_cat-446","9":"first","10":"instock","11":"taxable","12":"shipping-taxable","13":"purchasable","14":"product-type-simple"},"_links":{"self":[{"href":"https:\/\/senabel.com\/sv\/wp-json\/wp\/v2\/product\/55320","targetHints":{"allow":["GET"]}}],"collection":[{"href":"https:\/\/senabel.com\/sv\/wp-json\/wp\/v2\/product"}],"about":[{"href":"https:\/\/senabel.com\/sv\/wp-json\/wp\/v2\/types\/product"}],"version-history":[{"count":2,"href":"https:\/\/senabel.com\/sv\/wp-json\/wp\/v2\/product\/55320\/revisions"}],"predecessor-version":[{"id":55325,"href":"https:\/\/senabel.com\/sv\/wp-json\/wp\/v2\/product\/55320\/revisions\/55325"}],"wp:featuredmedia":[{"embeddable":true,"href":"https:\/\/senabel.com\/sv\/wp-json\/wp\/v2\/media\/55321"}],"wp:attachment":[{"href":"https:\/\/senabel.com\/sv\/wp-json\/wp\/v2\/media?parent=55320"}],"wp:term":[{"taxonomy":"product_brand","embeddable":true,"href":"https:\/\/senabel.com\/sv\/wp-json\/wp\/v2\/product_brand?post=55320"},{"taxonomy":"product_cat","embeddable":true,"href":"https:\/\/senabel.com\/sv\/wp-json\/wp\/v2\/product_cat?post=55320"},{"taxonomy":"product_tag","embeddable":true,"href":"https:\/\/senabel.com\/sv\/wp-json\/wp\/v2\/product_tag?post=55320"}],"curies":[{"name":"wp","href":"https:\/\/api.w.org\/{rel}","templated":true}]}}