{"id":55306,"date":"2025-08-31T18:10:21","date_gmt":"2025-08-31T18:10:21","guid":{"rendered":"https:\/\/senabel.com\/?post_type=product&#038;p=55306"},"modified":"2025-10-11T11:21:07","modified_gmt":"2025-10-11T11:21:07","slug":"lila-fjarilspresenter-till-babyshower","status":"publish","type":"product","link":"https:\/\/senabel.com\/sv\/product\/purple-butterfly-baby-shower-favors\/","title":{"rendered":"Violett fj\u00e4ril nyf\u00f6dd Handout"},"content":{"rendered":"<p data-start=\"134\" data-end=\"356\">Fira ankomsten av en ny bebis med stil med <strong data-start=\"172\" data-end=\"215\">Lila fj\u00e4ril Diffuser Box<\/strong>L\u00e4gg till en touch av glamour och sofistikering till din smekm\u00e5nad eller babyshower. Perfekt f\u00f6r att servera choklad eller sm\u00e5 desserter till g\u00e4sterna med stil.<\/p>\n<p data-start=\"358\" data-end=\"378\"><strong data-start=\"358\" data-end=\"376\">Produktinformation:<\/strong><\/p>\n<ul data-start=\"379\" data-end=\"659\">\n<li data-start=\"379\" data-end=\"481\">\n<p data-start=\"381\" data-end=\"481\">Anv\u00e4ndning: Barnfavoriter (pojkar eller flickor), babyshower, babyshower, helger och speciella tillf\u00e4llen<\/p>\n<\/li>\n<li data-start=\"482\" data-end=\"539\">\n<p data-start=\"484\" data-end=\"539\">F\u00e4rgen: Violett utsmyckad med gl\u00e4nsande gulddetaljer med en elegant fj\u00e4ril<\/p>\n<\/li>\n<li data-start=\"540\" data-end=\"592\">\n<p data-start=\"542\" data-end=\"592\">Artikel: Deluxe-kartong med transparent f\u00f6nster f\u00f6r att visa inneh\u00e5ll<\/p>\n<\/li>\n<li data-start=\"593\" data-end=\"659\">\n<p data-start=\"595\" data-end=\"659\">Storleken: L\u00e4mplig f\u00f6r choklad eller sm\u00e5 bitar av godis och n\u00f6tter<\/p>\n<\/li>\n<\/ul>\n<p data-start=\"661\" data-end=\"698\"><strong data-start=\"661\" data-end=\"696\">Egenskaper hos det lila dispenserfodralet:<\/strong><\/p>\n<ul data-start=\"699\" data-end=\"876\">\n<li data-start=\"699\" data-end=\"741\">\n<p data-start=\"701\" data-end=\"741\">Elegant och lyxig design f\u00f6r baby shower.<\/p>\n<\/li>\n<li data-start=\"742\" data-end=\"774\">\n<p data-start=\"744\" data-end=\"774\">L\u00e4tt och enkel att anv\u00e4nda.<\/p>\n<\/li>\n<li data-start=\"775\" data-end=\"820\">\n<p data-start=\"777\" data-end=\"820\">L\u00e4gg till en touch av glamour p\u00e5 dina bord.<\/p>\n<\/li>\n<li data-start=\"821\" data-end=\"876\">\n<p data-start=\"823\" data-end=\"876\">Perfekt f\u00f6r att dela ut choklad och sm\u00e5 presenter till g\u00e4sterna.<\/p>\n<\/li>\n<\/ul>\n<p data-start=\"878\" data-end=\"902\"><strong data-start=\"878\" data-end=\"900\">Instruktioner f\u00f6r anv\u00e4ndning:<\/strong><\/p>\n<ul data-start=\"903\" data-end=\"1011\">\n<li data-start=\"903\" data-end=\"955\">\n<p data-start=\"905\" data-end=\"955\">Anv\u00e4nds som souvenirer f\u00f6r g\u00e4ster p\u00e5 babyshower.<\/p>\n<\/li>\n<li data-start=\"956\" data-end=\"1011\">\n<p data-start=\"958\" data-end=\"1011\">Perfekt f\u00f6r att dekorera bord och ge en sofistikerad touch till evenemang.<\/p>\n<\/li>\n<\/ul>\n<p data-start=\"1114\" data-end=\"1217\">V\u00e4lj <strong data-start=\"1119\" data-end=\"1162\">Lila fj\u00e4ril Diffuser Box<\/strong> F\u00f6r att g\u00f6ra din baby shower mer f\u00e4rgstark och vacker.<\/p>","protected":false},"excerpt":{"rendered":"<p>Fira ankomsten av en ny bebis med stil med <strong data-start=\"172\" data-end=\"215\">Lila fj\u00e4ril Diffuser Box<\/strong>L\u00e4gg till en touch av glamour och sofistikering till din smekm\u00e5nad eller babyshower. Perfekt f\u00f6r att servera choklad eller sm\u00e5 desserter till g\u00e4sterna med stil.<\/p>","protected":false},"featured_media":55307,"template":"","meta":[],"product_brand":[],"product_cat":[444,446],"product_tag":[],"class_list":{"0":"post-55306","1":"product","2":"type-product","3":"status-publish","4":"has-post-thumbnail","6":"product_cat-444","7":"product_cat-446","9":"first","10":"instock","11":"taxable","12":"shipping-taxable","13":"purchasable","14":"product-type-simple"},"_links":{"self":[{"href":"https:\/\/senabel.com\/sv\/wp-json\/wp\/v2\/product\/55306","targetHints":{"allow":["GET"]}}],"collection":[{"href":"https:\/\/senabel.com\/sv\/wp-json\/wp\/v2\/product"}],"about":[{"href":"https:\/\/senabel.com\/sv\/wp-json\/wp\/v2\/types\/product"}],"version-history":[{"count":1,"href":"https:\/\/senabel.com\/sv\/wp-json\/wp\/v2\/product\/55306\/revisions"}],"predecessor-version":[{"id":55312,"href":"https:\/\/senabel.com\/sv\/wp-json\/wp\/v2\/product\/55306\/revisions\/55312"}],"wp:featuredmedia":[{"embeddable":true,"href":"https:\/\/senabel.com\/sv\/wp-json\/wp\/v2\/media\/55307"}],"wp:attachment":[{"href":"https:\/\/senabel.com\/sv\/wp-json\/wp\/v2\/media?parent=55306"}],"wp:term":[{"taxonomy":"product_brand","embeddable":true,"href":"https:\/\/senabel.com\/sv\/wp-json\/wp\/v2\/product_brand?post=55306"},{"taxonomy":"product_cat","embeddable":true,"href":"https:\/\/senabel.com\/sv\/wp-json\/wp\/v2\/product_cat?post=55306"},{"taxonomy":"product_tag","embeddable":true,"href":"https:\/\/senabel.com\/sv\/wp-json\/wp\/v2\/product_tag?post=55306"}],"curies":[{"name":"wp","href":"https:\/\/api.w.org\/{rel}","templated":true}]}}