{"id":55299,"date":"2025-08-31T18:04:20","date_gmt":"2025-08-31T18:04:20","guid":{"rendered":"https:\/\/senabel.com\/?post_type=product&#038;p=55299"},"modified":"2025-10-11T11:21:11","modified_gmt":"2025-10-11T11:21:11","slug":"grona-nyfodda-presenter-med-fjarilsdesign","status":"publish","type":"product","link":"https:\/\/senabel.com\/sv\/product\/green-newborn-favors-with-butterfly-design\/","title":{"rendered":"Gr\u00f6na handouts f\u00f6r nyf\u00f6dda med fj\u00e4rilsdesign"},"content":{"rendered":"<p data-start=\"132\" data-end=\"335\">Fira ankomsten av en ny bebis med <strong data-start=\"162\" data-end=\"203\">Fj\u00e4rilsgr\u00f6n dispenserbox<\/strong>Den kombinerar elegans och enkelhet och \u00e4r det perfekta valet f\u00f6r att servera choklad eller godis till g\u00e4sterna p\u00e5 helger och baby shower.<\/p>\n<p data-start=\"337\" data-end=\"357\"><strong data-start=\"337\" data-end=\"355\">Produktinformation:<\/strong><\/p>\n<ul data-start=\"358\" data-end=\"626\">\n<li data-start=\"358\" data-end=\"460\">\n<p data-start=\"360\" data-end=\"460\">Anv\u00e4ndning: Barnfavoriter (pojkar eller flickor), babyshower, babyshower, helger och speciella tillf\u00e4llen<\/p>\n<\/li>\n<li data-start=\"461\" data-end=\"509\">\n<p data-start=\"463\" data-end=\"509\">F\u00e4rgen: Ornamenterad gr\u00f6n med silveraccenter och en elegant fj\u00e4ril<\/p>\n<\/li>\n<li data-start=\"510\" data-end=\"559\">\n<p data-start=\"512\" data-end=\"559\">Artikel: Deluxe-kartong med genomskinlig \u00f6ppning f\u00f6r att visa inneh\u00e5llet<\/p>\n<\/li>\n<li data-start=\"560\" data-end=\"626\">\n<p data-start=\"562\" data-end=\"626\">Storleken: L\u00e4mplig f\u00f6r choklad eller sm\u00e5 bitar av godis och n\u00f6tter<\/p>\n<\/li>\n<\/ul>\n<p data-start=\"628\" data-end=\"663\"><strong data-start=\"628\" data-end=\"661\">Funktioner:<\/strong><\/p>\n<ul data-start=\"664\" data-end=\"850\">\n<li data-start=\"664\" data-end=\"714\">\n<p data-start=\"666\" data-end=\"714\">En enkel och elegant design som passar perfekt f\u00f6r babyshower.<\/p>\n<\/li>\n<li data-start=\"715\" data-end=\"747\">\n<p data-start=\"717\" data-end=\"747\">L\u00e4tt och enkel att anv\u00e4nda.<\/p>\n<\/li>\n<li data-start=\"748\" data-end=\"794\">\n<p data-start=\"750\" data-end=\"794\">L\u00e4gg till en touch av glamour till dina bord p\u00e5 evenemang.<\/p>\n<\/li>\n<li data-start=\"795\" data-end=\"850\">\n<p data-start=\"797\" data-end=\"850\">Perfekt f\u00f6r att dela ut choklad och sm\u00e5 presenter till g\u00e4sterna.<\/p>\n<\/li>\n<\/ul>\n<p data-start=\"852\" data-end=\"876\"><strong data-start=\"852\" data-end=\"874\">Instruktioner f\u00f6r anv\u00e4ndning:<\/strong><\/p>\n<ul data-start=\"877\" data-end=\"984\">\n<li data-start=\"877\" data-end=\"929\">\n<p data-start=\"879\" data-end=\"929\">Anv\u00e4nds som souvenirer f\u00f6r g\u00e4ster p\u00e5 babyshower.<\/p>\n<\/li>\n<li data-start=\"930\" data-end=\"984\">\n<p data-start=\"932\" data-end=\"984\">Perfekt f\u00f6r att dekorera och ge en speciell touch till ditt sabbatsfirande.<\/p>\n<\/li>\n<\/ul>\n<p data-start=\"1087\" data-end=\"1202\">V\u00e4lj <strong data-start=\"1092\" data-end=\"1133\">Fj\u00e4rilsgr\u00f6n dispenserbox<\/strong> Ge dina g\u00e4ster en vacker upplevelse och ge din baby shower en touch av glamour.<\/p>","protected":false},"excerpt":{"rendered":"<p>Fira ankomsten av en ny bebis med <strong data-start=\"162\" data-end=\"203\">Fj\u00e4rilsgr\u00f6n dispenserbox<\/strong>Den kombinerar elegans och enkelhet och \u00e4r det perfekta valet f\u00f6r att servera choklad eller godis till g\u00e4sterna p\u00e5 helger och baby shower.<\/p>","protected":false},"featured_media":55300,"template":"","meta":[],"product_brand":[],"product_cat":[444,446],"product_tag":[],"class_list":{"0":"post-55299","1":"product","2":"type-product","3":"status-publish","4":"has-post-thumbnail","6":"product_cat-444","7":"product_cat-446","9":"first","10":"instock","11":"taxable","12":"shipping-taxable","13":"purchasable","14":"product-type-simple"},"_links":{"self":[{"href":"https:\/\/senabel.com\/sv\/wp-json\/wp\/v2\/product\/55299","targetHints":{"allow":["GET"]}}],"collection":[{"href":"https:\/\/senabel.com\/sv\/wp-json\/wp\/v2\/product"}],"about":[{"href":"https:\/\/senabel.com\/sv\/wp-json\/wp\/v2\/types\/product"}],"version-history":[{"count":1,"href":"https:\/\/senabel.com\/sv\/wp-json\/wp\/v2\/product\/55299\/revisions"}],"predecessor-version":[{"id":55305,"href":"https:\/\/senabel.com\/sv\/wp-json\/wp\/v2\/product\/55299\/revisions\/55305"}],"wp:featuredmedia":[{"embeddable":true,"href":"https:\/\/senabel.com\/sv\/wp-json\/wp\/v2\/media\/55300"}],"wp:attachment":[{"href":"https:\/\/senabel.com\/sv\/wp-json\/wp\/v2\/media?parent=55299"}],"wp:term":[{"taxonomy":"product_brand","embeddable":true,"href":"https:\/\/senabel.com\/sv\/wp-json\/wp\/v2\/product_brand?post=55299"},{"taxonomy":"product_cat","embeddable":true,"href":"https:\/\/senabel.com\/sv\/wp-json\/wp\/v2\/product_cat?post=55299"},{"taxonomy":"product_tag","embeddable":true,"href":"https:\/\/senabel.com\/sv\/wp-json\/wp\/v2\/product_tag?post=55299"}],"curies":[{"name":"wp","href":"https:\/\/api.w.org\/{rel}","templated":true}]}}