{"id":55273,"date":"2025-08-31T17:52:07","date_gmt":"2025-08-31T17:52:07","guid":{"rendered":"https:\/\/senabel.com\/?post_type=product&#038;p=55273"},"modified":"2026-03-14T19:18:55","modified_gmt":"2026-03-14T19:18:55","slug":"silverfargad-fjarilslada-for-brollop-och-forlovningar","status":"publish","type":"product","link":"https:\/\/senabel.com\/sv\/product\/silver-butterfly-arrangement-box-for-weddings-and-engagements\/","title":{"rendered":"Silver Butterfly Br\u00f6llops- och f\u00f6rlovningsask"},"content":{"rendered":"<p data-start=\"131\" data-end=\"352\">L\u00e4gg till en touch av lyx och sofistikering till dina evenemang med <strong data-start=\"174\" data-end=\"221\">Presentask i silver med fj\u00e4rilsdesign<\/strong>Elegant form och glansig dekor. Perfekt f\u00f6r desserter, choklad eller g\u00e5vor p\u00e5 br\u00f6llop, f\u00f6rlovningar och andra speciella tillf\u00e4llen.<\/p>\n<p data-start=\"354\" data-end=\"374\"><strong data-start=\"354\" data-end=\"372\">Produktinformation:<\/strong><\/p>\n<ul data-start=\"375\" data-end=\"622\">\n<li data-start=\"375\" data-end=\"440\">\n<p data-start=\"377\" data-end=\"440\">Anv\u00e4ndning: Br\u00f6llop, f\u00f6rlovning, choklad och godis<\/p>\n<\/li>\n<li data-start=\"441\" data-end=\"490\">\n<p data-start=\"443\" data-end=\"490\">Design: Gl\u00e4nsande silver med en elegant fj\u00e4ril och distinkta motiv<\/p>\n<\/li>\n<li data-start=\"491\" data-end=\"554\">\n<p data-start=\"493\" data-end=\"554\">Artikel: Deluxe silverglansig kartong med genomskinligt f\u00f6nster f\u00f6r att visa inneh\u00e5ll<\/p>\n<\/li>\n<li data-start=\"555\" data-end=\"622\">\n<p data-start=\"557\" data-end=\"622\">Storlek: L\u00e4mplig f\u00f6r choklad, n\u00f6tter eller sm\u00e5 godisbitar<\/p>\n<\/li>\n<\/ul>\n<p data-start=\"624\" data-end=\"656\"><strong data-start=\"624\" data-end=\"654\">Silver Presentask Funktioner:<\/strong><\/p>\n<ul data-start=\"657\" data-end=\"837\">\n<li data-start=\"657\" data-end=\"709\">\n<p data-start=\"659\" data-end=\"709\">En elegant och lyxig design som ger en touch av glamour till alla tillf\u00e4llen.<\/p>\n<\/li>\n<li data-start=\"710\" data-end=\"742\">\n<p data-start=\"712\" data-end=\"742\">L\u00e4tt och enkel att anv\u00e4nda.<\/p>\n<\/li>\n<li data-start=\"743\" data-end=\"795\">\n<p data-start=\"745\" data-end=\"795\">Idealisk f\u00f6r individuella g\u00e5vor eller som bordsdekoration.<\/p>\n<\/li>\n<li data-start=\"796\" data-end=\"837\">\n<p data-start=\"798\" data-end=\"837\">Ge dina g\u00e4ster en exklusiv upplevelse med h\u00f6g klass.<\/p>\n<\/li>\n<\/ul>\n<p data-start=\"839\" data-end=\"863\"><strong data-start=\"839\" data-end=\"861\">Instruktioner f\u00f6r anv\u00e4ndning:<\/strong><\/p>\n<ul data-start=\"864\" data-end=\"978\">\n<li data-start=\"864\" data-end=\"916\">\n<p data-start=\"866\" data-end=\"916\">Anv\u00e4nds f\u00f6r att dela ut godis och choklad som g\u00e5vor till g\u00e4ster.<\/p>\n<\/li>\n<li data-start=\"917\" data-end=\"978\">\n<p data-start=\"919\" data-end=\"978\">Perfekt f\u00f6r att dekorera och ge en sofistikerad touch till br\u00f6llop och f\u00f6rlovningar.<\/p>\n<\/li>\n<\/ul>\n<p data-start=\"1071\" data-end=\"1172\">V\u00e4lj <strong data-start=\"1076\" data-end=\"1108\">Dekorativ presentask i silver<\/strong> F\u00f6r att g\u00f6ra dina evenemang mer eleganta och vackra och ge dina g\u00e4ster en of\u00f6rgl\u00f6mlig upplevelse.<\/p>","protected":false},"excerpt":{"rendered":"<p>L\u00e4gg till en touch av lyx och sofistikering till dina evenemang med <strong data-start=\"174\" data-end=\"221\">Presentask i silver med fj\u00e4rilsdesign<\/strong>Elegant form och glansig dekor. Perfekt f\u00f6r desserter, choklad eller g\u00e5vor p\u00e5 br\u00f6llop, f\u00f6rlovningar och andra speciella tillf\u00e4llen.<\/p>","protected":false},"featured_media":55277,"template":"","meta":[],"product_brand":[],"product_cat":[444,446],"product_tag":[],"class_list":{"0":"post-55273","1":"product","2":"type-product","3":"status-publish","4":"has-post-thumbnail","6":"product_cat-444","7":"product_cat-446","9":"first","10":"instock","11":"taxable","12":"shipping-taxable","13":"purchasable","14":"product-type-variable"},"_links":{"self":[{"href":"https:\/\/senabel.com\/sv\/wp-json\/wp\/v2\/product\/55273","targetHints":{"allow":["GET"]}}],"collection":[{"href":"https:\/\/senabel.com\/sv\/wp-json\/wp\/v2\/product"}],"about":[{"href":"https:\/\/senabel.com\/sv\/wp-json\/wp\/v2\/types\/product"}],"version-history":[{"count":1,"href":"https:\/\/senabel.com\/sv\/wp-json\/wp\/v2\/product\/55273\/revisions"}],"predecessor-version":[{"id":55284,"href":"https:\/\/senabel.com\/sv\/wp-json\/wp\/v2\/product\/55273\/revisions\/55284"}],"wp:featuredmedia":[{"embeddable":true,"href":"https:\/\/senabel.com\/sv\/wp-json\/wp\/v2\/media\/55277"}],"wp:attachment":[{"href":"https:\/\/senabel.com\/sv\/wp-json\/wp\/v2\/media?parent=55273"}],"wp:term":[{"taxonomy":"product_brand","embeddable":true,"href":"https:\/\/senabel.com\/sv\/wp-json\/wp\/v2\/product_brand?post=55273"},{"taxonomy":"product_cat","embeddable":true,"href":"https:\/\/senabel.com\/sv\/wp-json\/wp\/v2\/product_cat?post=55273"},{"taxonomy":"product_tag","embeddable":true,"href":"https:\/\/senabel.com\/sv\/wp-json\/wp\/v2\/product_tag?post=55273"}],"curies":[{"name":"wp","href":"https:\/\/api.w.org\/{rel}","templated":true}]}}