{"id":55254,"date":"2025-08-31T17:45:14","date_gmt":"2025-08-31T17:45:14","guid":{"rendered":"https:\/\/senabel.com\/?post_type=product&#038;p=55254"},"modified":"2026-03-14T19:18:55","modified_gmt":"2026-03-14T19:18:55","slug":"guldfargad-fjarilslada-for-brollop-och-forlovningar","status":"publish","type":"product","link":"https:\/\/senabel.com\/sv\/product\/gold-butterfly-arrangement-box-for-weddings-and-engagements\/","title":{"rendered":"Br\u00f6llop och f\u00f6rlovning Guld Butterfly Box"},"content":{"rendered":"<p data-start=\"131\" data-end=\"356\">L\u00e4gg till en touch av elegans och sofistikering till dina speciella tillf\u00e4llen med <strong data-start=\"181\" data-end=\"220\">Presentask med guldfj\u00e4ril<\/strong>med sin moderna form och sofistikerade dekoration. Perfekt f\u00f6r desserter, choklad eller g\u00e5vor vid br\u00f6llop, f\u00f6rlovningar och andra lyckliga tillf\u00e4llen.<\/p>\n<p data-start=\"358\" data-end=\"378\"><strong data-start=\"358\" data-end=\"376\">Produktinformation:<\/strong><\/p>\n<ul data-start=\"379\" data-end=\"617\">\n<li data-start=\"379\" data-end=\"444\">\n<p data-start=\"381\" data-end=\"444\">Anv\u00e4ndning: Br\u00f6llop, f\u00f6rlovning, choklad och godis<\/p>\n<\/li>\n<li data-start=\"445\" data-end=\"499\">\n<p data-start=\"447\" data-end=\"499\">Design: Utsmyckad guldf\u00e4rg med en elegant fj\u00e4ril som ger en lyxig touch<\/p>\n<\/li>\n<li data-start=\"500\" data-end=\"549\">\n<p data-start=\"502\" data-end=\"549\">Artikel: Lyxkartong med guldglans med genomskinligt f\u00f6nster<\/p>\n<\/li>\n<li data-start=\"550\" data-end=\"617\">\n<p data-start=\"552\" data-end=\"617\">Storlek: L\u00e4mplig f\u00f6r choklad, n\u00f6tter eller sm\u00e5 godisbitar<\/p>\n<\/li>\n<\/ul>\n<p data-start=\"619\" data-end=\"652\"><strong data-start=\"619\" data-end=\"650\">Presentask i guld Funktioner:<\/strong><\/p>\n<ul data-start=\"653\" data-end=\"815\">\n<li data-start=\"653\" data-end=\"699\">\n<p data-start=\"655\" data-end=\"699\">En lyxig design som ger en touch av glamour till alla tillf\u00e4llen.<\/p>\n<\/li>\n<li data-start=\"700\" data-end=\"732\">\n<p data-start=\"702\" data-end=\"732\">L\u00e4tt och enkel att anv\u00e4nda.<\/p>\n<\/li>\n<li data-start=\"733\" data-end=\"769\">\n<p data-start=\"735\" data-end=\"769\">Praktiskt och l\u00e4mpligt f\u00f6r individuell distribution.<\/p>\n<\/li>\n<li data-start=\"770\" data-end=\"815\">\n<p data-start=\"772\" data-end=\"815\">L\u00e4gg till en touch av glamour till br\u00f6llop och f\u00f6rlovningar.<\/p>\n<\/li>\n<\/ul>\n<p data-start=\"817\" data-end=\"841\"><strong data-start=\"817\" data-end=\"839\">Instruktioner f\u00f6r anv\u00e4ndning:<\/strong><\/p>\n<ul data-start=\"842\" data-end=\"940\">\n<li data-start=\"842\" data-end=\"894\">\n<p data-start=\"844\" data-end=\"894\">Anv\u00e4nd den f\u00f6r att packa godis och choklad som presenter till g\u00e4sterna.<\/p>\n<\/li>\n<li data-start=\"895\" data-end=\"940\">\n<p data-start=\"897\" data-end=\"940\">Perfekt f\u00f6r att dekorera bord vid evenemang.<\/p>\n<\/li>\n<\/ul>\n<p data-start=\"1033\" data-end=\"1129\">V\u00e4lj <strong data-start=\"1038\" data-end=\"1077\">Presentask med guldfj\u00e4ril<\/strong> Ge dina g\u00e4ster en sofistikerad upplevelse som kombinerar sk\u00f6nhet och lyx.<\/p>","protected":false},"excerpt":{"rendered":"<p>L\u00e4gg till en touch av elegans och sofistikering till dina speciella tillf\u00e4llen med <strong data-start=\"181\" data-end=\"220\">Presentask med guldfj\u00e4ril<\/strong>med sin moderna form och sofistikerade dekoration. Perfekt f\u00f6r desserter, choklad eller g\u00e5vor vid br\u00f6llop, f\u00f6rlovningar och andra lyckliga tillf\u00e4llen.<\/p>","protected":false},"featured_media":55259,"template":"","meta":[],"product_brand":[],"product_cat":[444,445],"product_tag":[],"class_list":{"0":"post-55254","1":"product","2":"type-product","3":"status-publish","4":"has-post-thumbnail","6":"product_cat-444","7":"product_cat-445","9":"first","10":"instock","11":"taxable","12":"shipping-taxable","13":"purchasable","14":"product-type-variable"},"_links":{"self":[{"href":"https:\/\/senabel.com\/sv\/wp-json\/wp\/v2\/product\/55254","targetHints":{"allow":["GET"]}}],"collection":[{"href":"https:\/\/senabel.com\/sv\/wp-json\/wp\/v2\/product"}],"about":[{"href":"https:\/\/senabel.com\/sv\/wp-json\/wp\/v2\/types\/product"}],"version-history":[{"count":1,"href":"https:\/\/senabel.com\/sv\/wp-json\/wp\/v2\/product\/55254\/revisions"}],"predecessor-version":[{"id":55272,"href":"https:\/\/senabel.com\/sv\/wp-json\/wp\/v2\/product\/55254\/revisions\/55272"}],"wp:featuredmedia":[{"embeddable":true,"href":"https:\/\/senabel.com\/sv\/wp-json\/wp\/v2\/media\/55259"}],"wp:attachment":[{"href":"https:\/\/senabel.com\/sv\/wp-json\/wp\/v2\/media?parent=55254"}],"wp:term":[{"taxonomy":"product_brand","embeddable":true,"href":"https:\/\/senabel.com\/sv\/wp-json\/wp\/v2\/product_brand?post=55254"},{"taxonomy":"product_cat","embeddable":true,"href":"https:\/\/senabel.com\/sv\/wp-json\/wp\/v2\/product_cat?post=55254"},{"taxonomy":"product_tag","embeddable":true,"href":"https:\/\/senabel.com\/sv\/wp-json\/wp\/v2\/product_tag?post=55254"}],"curies":[{"name":"wp","href":"https:\/\/api.w.org\/{rel}","templated":true}]}}