{"id":55137,"date":"2025-08-27T12:48:34","date_gmt":"2025-08-27T12:48:34","guid":{"rendered":"https:\/\/senabel.com\/?post_type=product&#038;p=55137"},"modified":"2026-02-10T16:00:15","modified_gmt":"2026-02-10T16:00:15","slug":"premium-rokt-notblandning-500-g","status":"publish","type":"product","link":"https:\/\/senabel.com\/sv\/product\/premium-smoked-mixed-nuts-500g\/","title":{"rendered":"Premium r\u00f6kta blandade n\u00f6tter 500g"},"content":{"rendered":"<p class=\"\" data-start=\"252\" data-end=\"493\">Sk\u00e4m bort dina sinnen med <strong data-start=\"266\" data-end=\"293\">Sortiment av r\u00f6kta n\u00f6tter<\/strong> Noggrant utvalda och l\u00e5ngsamt rostade med naturliga r\u00f6kiga smaker f\u00f6r en oemotst\u00e5ndlig smak.<br data-start=\"380\" data-end=\"383\" \/>En balanserad blandning av mandel, cashewn\u00f6tter, pistaschmandlar och pistaschmandlar - tillfredsst\u00e4ller alla smaker och ger en lyxig touch till dina sessioner.<\/p>\n<p class=\"\" data-start=\"495\" data-end=\"513\"><strong data-start=\"495\" data-end=\"513\">Produktinformation:<\/strong><\/p>\n<ul data-start=\"515\" data-end=\"755\">\n<li class=\"\" data-start=\"515\" data-end=\"582\">\n<p class=\"\" data-start=\"517\" data-end=\"582\">Vikt:<br data-start=\"533\" data-end=\"536\" \/>\u25c9 500g<\/p>\n<\/li>\n<li class=\"\" data-start=\"584\" data-end=\"643\">\n<p class=\"\" data-start=\"586\" data-end=\"643\">Ingredienser: Mandel - Cashewn\u00f6tter - Pistagen\u00f6tter<\/p>\n<\/li>\n<li class=\"\" data-start=\"644\" data-end=\"689\">\n<p class=\"\" data-start=\"646\" data-end=\"689\">Smaken: Naturlig r\u00f6kning - m\u00e5ttligt saltad<\/p>\n<\/li>\n<li class=\"\" data-start=\"690\" data-end=\"755\">\n<p class=\"\" data-start=\"692\" data-end=\"755\">Tillagningsmetod: Professionellt rostade och r\u00f6kta f\u00f6r att bevara krispighet och smak<\/p>\n<\/li>\n<\/ul>\n<p class=\"\" data-start=\"757\" data-end=\"770\"><strong data-start=\"757\" data-end=\"770\">Funktioner:<\/strong><\/p>\n<ul data-start=\"772\" data-end=\"945\">\n<li class=\"\" data-start=\"772\" data-end=\"799\">\n<p class=\"\" data-start=\"774\" data-end=\"799\">Lyxig och distinkt r\u00f6kig smak<\/p>\n<\/li>\n<li class=\"\" data-start=\"800\" data-end=\"836\">\n<p class=\"\" data-start=\"802\" data-end=\"836\">Perfekt f\u00f6r familjesammankomster och g\u00e4stfrihet<\/p>\n<\/li>\n<li class=\"\" data-start=\"837\" data-end=\"867\">\n<p class=\"\" data-start=\"839\" data-end=\"867\">En rik k\u00e4lla till protein och energi<\/p>\n<\/li>\n<li class=\"\" data-start=\"868\" data-end=\"910\">\n<p class=\"\" data-start=\"870\" data-end=\"910\">F\u00f6rvara i en luftt\u00e4t beh\u00e5llare f\u00f6r att bevara f\u00e4rskheten<\/p>\n<\/li>\n<li class=\"\" data-start=\"911\" data-end=\"945\">\n<p class=\"\" data-start=\"913\" data-end=\"945\">Inga konserveringsmedel eller konstgjorda tillsatser<\/p>\n<\/li>\n<\/ul>\n<p class=\"\" data-start=\"1052\" data-end=\"1112\"><strong data-start=\"1052\" data-end=\"1112\">Best\u00e4ll Snapple Smoked Nuts nu - en smak du sent kommer att gl\u00f6mma<\/strong><\/p>","protected":false},"excerpt":{"rendered":"<p class=\"\" data-start=\"252\" data-end=\"493\">Sk\u00e4m bort dina sinnen med <strong data-start=\"266\" data-end=\"293\">Sortiment av r\u00f6kta n\u00f6tter<\/strong> Noggrant utvalda och l\u00e5ngsamt rostade med naturliga r\u00f6kiga smaker f\u00f6r en oemotst\u00e5ndlig smak.<br data-start=\"380\" data-end=\"383\" \/>En balanserad blandning av mandel, cashewn\u00f6tter, pistaschmandlar och pistaschmandlar - tillfredsst\u00e4ller alla smaker och ger en lyxig touch till dina sessioner.<\/p>\n<p class=\"\" data-start=\"495\" data-end=\"513\">","protected":false},"featured_media":50124,"template":"","meta":[],"product_brand":[],"product_cat":[347,308],"product_tag":[],"class_list":{"0":"post-55137","1":"product","2":"type-product","3":"status-publish","4":"has-post-thumbnail","6":"product_cat-347","7":"product_cat-308","9":"first","10":"instock","11":"taxable","12":"shipping-taxable","13":"purchasable","14":"product-type-simple"},"_links":{"self":[{"href":"https:\/\/senabel.com\/sv\/wp-json\/wp\/v2\/product\/55137","targetHints":{"allow":["GET"]}}],"collection":[{"href":"https:\/\/senabel.com\/sv\/wp-json\/wp\/v2\/product"}],"about":[{"href":"https:\/\/senabel.com\/sv\/wp-json\/wp\/v2\/types\/product"}],"version-history":[{"count":2,"href":"https:\/\/senabel.com\/sv\/wp-json\/wp\/v2\/product\/55137\/revisions"}],"predecessor-version":[{"id":55142,"href":"https:\/\/senabel.com\/sv\/wp-json\/wp\/v2\/product\/55137\/revisions\/55142"}],"wp:featuredmedia":[{"embeddable":true,"href":"https:\/\/senabel.com\/sv\/wp-json\/wp\/v2\/media\/50124"}],"wp:attachment":[{"href":"https:\/\/senabel.com\/sv\/wp-json\/wp\/v2\/media?parent=55137"}],"wp:term":[{"taxonomy":"product_brand","embeddable":true,"href":"https:\/\/senabel.com\/sv\/wp-json\/wp\/v2\/product_brand?post=55137"},{"taxonomy":"product_cat","embeddable":true,"href":"https:\/\/senabel.com\/sv\/wp-json\/wp\/v2\/product_cat?post=55137"},{"taxonomy":"product_tag","embeddable":true,"href":"https:\/\/senabel.com\/sv\/wp-json\/wp\/v2\/product_tag?post=55137"}],"curies":[{"name":"wp","href":"https:\/\/api.w.org\/{rel}","templated":true}]}}