{"id":55073,"date":"2025-08-26T09:00:37","date_gmt":"2025-08-26T09:00:37","guid":{"rendered":"https:\/\/senabel.com\/?post_type=product&#038;p=55073"},"modified":"2026-03-18T15:39:34","modified_gmt":"2026-03-18T15:39:34","slug":"rivna-pistaschnotter","status":"publish","type":"product","link":"https:\/\/senabel.com\/sv\/product\/grated-pistachios\/","title":{"rendered":"Rivna pistagen\u00f6tter"},"content":{"rendered":"<p data-start=\"83\" data-end=\"335\">L\u00e4gg till en touch av lyx till dina desserter med <strong data-start=\"119\" data-end=\"144\">Rivna pistagen\u00f6tter<\/strong>Den k\u00e4nnetecknas av sin ljusgr\u00f6na f\u00e4rg och fylliga smak. Den \u00e4r perfekt f\u00f6r att dekorera baklava, maamoul, kanafeh och m\u00e5nga andra orientaliska och v\u00e4sterl\u00e4ndska desserter, men kan ocks\u00e5 anv\u00e4ndas f\u00f6r att dekorera drycker och ge en estetisk touch till matr\u00e4tter.<\/p>\n<p data-start=\"337\" data-end=\"357\"><strong data-start=\"337\" data-end=\"355\">Produktinformation:<\/strong><\/p>\n<ul data-start=\"358\" data-end=\"504\">\n<li data-start=\"358\" data-end=\"399\">\n<p data-start=\"360\" data-end=\"399\">Tillg\u00e4ngliga vikter: 250g - 500g<\/p>\n<\/li>\n<li data-start=\"400\" data-end=\"457\">\n<p data-start=\"402\" data-end=\"457\">F\u00f6rpackning: Luftt\u00e4t f\u00f6rpackning f\u00f6r att bevara f\u00e4rskhet och f\u00e4rg<\/p>\n<\/li>\n<li data-start=\"458\" data-end=\"504\">\n<p data-start=\"460\" data-end=\"504\">Ingredienser: 100% naturliga pistagen\u00f6tter av h\u00f6g kvalitet<\/p>\n<\/li>\n<\/ul>\n<p data-start=\"506\" data-end=\"540\"><strong data-start=\"506\" data-end=\"538\">Egenskaper hos rivna pistagen\u00f6tter:<\/strong><\/p>\n<ul data-start=\"541\" data-end=\"745\">\n<li data-start=\"541\" data-end=\"597\">\n<p data-start=\"543\" data-end=\"597\">En levande gr\u00f6n f\u00e4rg och en rik smak som ger en vacker touch till matr\u00e4tter.<\/p>\n<\/li>\n<li data-start=\"598\" data-end=\"654\">\n<p data-start=\"600\" data-end=\"654\">Perfekt f\u00f6r garnering och smaks\u00e4ttning av desserter och drycker.<\/p>\n<\/li>\n<li data-start=\"655\" data-end=\"696\">\n<p data-start=\"657\" data-end=\"696\">En utm\u00e4rkt k\u00e4lla till protein och nyttiga fetter.<\/p>\n<\/li>\n<li data-start=\"697\" data-end=\"745\">\n<p data-start=\"699\" data-end=\"745\">En naturlig produkt utan tillsatser eller konserveringsmedel.<\/p>\n<\/li>\n<\/ul>\n<p data-start=\"747\" data-end=\"769\"><strong data-start=\"747\" data-end=\"767\">F\u00f6rvaringsanvisningar:<\/strong><\/p>\n<ul data-start=\"770\" data-end=\"900\">\n<li data-start=\"770\" data-end=\"828\">\n<p data-start=\"772\" data-end=\"828\">F\u00f6rvaras svalt, torrt och skyddat fr\u00e5n direkt solljus.<\/p>\n<\/li>\n<li data-start=\"829\" data-end=\"900\">\n<p data-start=\"831\" data-end=\"900\">St\u00e4ng f\u00f6rpackningen ordentligt efter varje anv\u00e4ndning f\u00f6r att bibeh\u00e5lla f\u00e4rskhet och f\u00e4rg.<\/p>\n<\/li>\n<\/ul>\n<p data-start=\"902\" data-end=\"923\"><strong data-start=\"902\" data-end=\"921\">Ytterligare information:<\/strong><\/p>\n<ul data-start=\"924\" data-end=\"989\">\n<li data-start=\"924\" data-end=\"971\">\n<p data-start=\"926\" data-end=\"971\">Natural 100% och fri fr\u00e5n artificiella f\u00e4rg\u00e4mnen.<\/p>\n<\/li>\n<\/ul>\n<p data-start=\"991\" data-end=\"1063\">V\u00e4lj <strong data-start=\"996\" data-end=\"1021\">Rivna pistagen\u00f6tter<\/strong> F\u00f6r att f\u00e5 dina desserter och drycker att sticka ut.<\/p>","protected":false},"excerpt":{"rendered":"<p>L\u00e4gg till en touch av lyx till dina desserter med <strong data-start=\"119\" data-end=\"144\">Rivna pistagen\u00f6tter<\/strong>Den k\u00e4nnetecknas av sin ljusgr\u00f6na f\u00e4rg och fylliga smak. Den \u00e4r perfekt f\u00f6r att dekorera baklava, maamoul, kanafeh och m\u00e5nga andra orientaliska och v\u00e4sterl\u00e4ndska desserter, men kan ocks\u00e5 anv\u00e4ndas f\u00f6r att dekorera drycker och ge en estetisk touch till matr\u00e4tter.<\/p>","protected":false},"featured_media":55074,"template":"","meta":[],"product_brand":[],"product_cat":[327,349,423,308],"product_tag":[],"class_list":{"0":"post-55073","1":"product","2":"type-product","3":"status-publish","4":"has-post-thumbnail","6":"product_cat-327","7":"product_cat-349","8":"product_cat-423","9":"product_cat-308","11":"first","12":"instock","13":"taxable","14":"shipping-taxable","15":"purchasable","16":"product-type-variable"},"_links":{"self":[{"href":"https:\/\/senabel.com\/sv\/wp-json\/wp\/v2\/product\/55073","targetHints":{"allow":["GET"]}}],"collection":[{"href":"https:\/\/senabel.com\/sv\/wp-json\/wp\/v2\/product"}],"about":[{"href":"https:\/\/senabel.com\/sv\/wp-json\/wp\/v2\/types\/product"}],"version-history":[{"count":2,"href":"https:\/\/senabel.com\/sv\/wp-json\/wp\/v2\/product\/55073\/revisions"}],"predecessor-version":[{"id":55086,"href":"https:\/\/senabel.com\/sv\/wp-json\/wp\/v2\/product\/55073\/revisions\/55086"}],"wp:featuredmedia":[{"embeddable":true,"href":"https:\/\/senabel.com\/sv\/wp-json\/wp\/v2\/media\/55074"}],"wp:attachment":[{"href":"https:\/\/senabel.com\/sv\/wp-json\/wp\/v2\/media?parent=55073"}],"wp:term":[{"taxonomy":"product_brand","embeddable":true,"href":"https:\/\/senabel.com\/sv\/wp-json\/wp\/v2\/product_brand?post=55073"},{"taxonomy":"product_cat","embeddable":true,"href":"https:\/\/senabel.com\/sv\/wp-json\/wp\/v2\/product_cat?post=55073"},{"taxonomy":"product_tag","embeddable":true,"href":"https:\/\/senabel.com\/sv\/wp-json\/wp\/v2\/product_tag?post=55073"}],"curies":[{"name":"wp","href":"https:\/\/api.w.org\/{rel}","templated":true}]}}