{"id":55066,"date":"2025-08-26T09:11:16","date_gmt":"2025-08-26T09:11:16","guid":{"rendered":"https:\/\/senabel.com\/?post_type=product&#038;p=55066"},"modified":"2026-01-27T17:25:29","modified_gmt":"2026-01-27T17:25:29","slug":"torkade-rosor","status":"publish","type":"product","link":"https:\/\/senabel.com\/sv\/product\/dried-roses\/","title":{"rendered":"Torkade rosor - 50g"},"content":{"rendered":"<p data-start=\"81\" data-end=\"271\">Njut av doften av naturliga blommor med <strong data-start=\"112\" data-end=\"135\">Torkade rosor<\/strong>som ger en subtil aromatisk och smakfull touch till dina recept och drycker. En lyxig produkt f\u00f6r garnering, beredning, desserter och varma drycker.<\/p>\n<p data-start=\"273\" data-end=\"293\"><strong data-start=\"273\" data-end=\"291\">Produktinformation:<\/strong><\/p>\n<ul data-start=\"294\" data-end=\"422\">\n<li data-start=\"294\" data-end=\"317\">\n<p data-start=\"296\" data-end=\"317\">Vikt: 50g netto<\/p>\n<\/li>\n<li data-start=\"318\" data-end=\"381\">\n<p data-start=\"320\" data-end=\"381\">F\u00f6rpackning: Transparent luftt\u00e4t l\u00e5da f\u00f6r att bevara f\u00e4rg och doft<\/p>\n<\/li>\n<li data-start=\"382\" data-end=\"422\">\n<p data-start=\"384\" data-end=\"422\">Ingredienser: 100% naturliga rosenblad<\/p>\n<\/li>\n<\/ul>\n<p data-start=\"424\" data-end=\"456\"><strong data-start=\"424\" data-end=\"454\">Egenskaper hos torkade nypon:<\/strong><\/p>\n<ul data-start=\"457\" data-end=\"677\">\n<li data-start=\"457\" data-end=\"518\">\n<p data-start=\"459\" data-end=\"518\">En naturligt aromatisk smak som ger en speciell touch till desserter och drycker.<\/p>\n<\/li>\n<li data-start=\"519\" data-end=\"597\">\n<p data-start=\"521\" data-end=\"597\">Perfekt f\u00f6r att dekorera t\u00e5rtor och orientaliska desserter och f\u00f6r att ge en glamour\u00f6s touch till varma drycker.<\/p>\n<\/li>\n<li data-start=\"598\" data-end=\"639\">\n<p data-start=\"600\" data-end=\"639\">Rik p\u00e5 v\u00e4lg\u00f6rande naturliga eteriska oljor.<\/p>\n<\/li>\n<li data-start=\"640\" data-end=\"677\">\n<p data-start=\"642\" data-end=\"677\">L\u00e4mplig f\u00f6r anv\u00e4ndning i hemmet och p\u00e5 restaurang.<\/p>\n<\/li>\n<\/ul>\n<p data-start=\"679\" data-end=\"701\"><strong data-start=\"679\" data-end=\"699\">F\u00f6rvaringsanvisningar:<\/strong><\/p>\n<ul data-start=\"702\" data-end=\"834\">\n<li data-start=\"702\" data-end=\"769\">\n<p data-start=\"704\" data-end=\"769\">F\u00f6rvara p\u00e5 en sval, torr plats, skyddad fr\u00e5n fukt och direkt solljus.<\/p>\n<\/li>\n<li data-start=\"770\" data-end=\"834\">\n<p data-start=\"772\" data-end=\"834\">St\u00e4ng f\u00f6rpackningen ordentligt efter varje anv\u00e4ndning f\u00f6r att bevara f\u00e4rskheten.<\/p>\n<\/li>\n<\/ul>\n<p data-start=\"932\" data-end=\"1030\">L\u00e4gg till <strong data-start=\"936\" data-end=\"959\">Torkade rosor<\/strong> F\u00f6r att ge dina recept och drycker en lyxig touch av sk\u00f6nhet och smak.<\/p>","protected":false},"excerpt":{"rendered":"<p>Njut av doften av naturliga blommor med <strong data-start=\"112\" data-end=\"135\">Torkade rosor<\/strong>som ger en subtil aromatisk och smakfull touch till dina recept och drycker. En lyxig produkt f\u00f6r garnering, beredning, desserter och varma drycker.<\/p>","protected":false},"featured_media":55067,"template":"","meta":[],"product_brand":[],"product_cat":[327,349],"product_tag":[],"class_list":{"0":"post-55066","1":"product","2":"type-product","3":"status-publish","4":"has-post-thumbnail","6":"product_cat-327","7":"product_cat-349","9":"first","10":"outofstock","11":"taxable","12":"shipping-taxable","13":"purchasable","14":"product-type-simple"},"_links":{"self":[{"href":"https:\/\/senabel.com\/sv\/wp-json\/wp\/v2\/product\/55066","targetHints":{"allow":["GET"]}}],"collection":[{"href":"https:\/\/senabel.com\/sv\/wp-json\/wp\/v2\/product"}],"about":[{"href":"https:\/\/senabel.com\/sv\/wp-json\/wp\/v2\/types\/product"}],"version-history":[{"count":1,"href":"https:\/\/senabel.com\/sv\/wp-json\/wp\/v2\/product\/55066\/revisions"}],"predecessor-version":[{"id":55068,"href":"https:\/\/senabel.com\/sv\/wp-json\/wp\/v2\/product\/55066\/revisions\/55068"}],"wp:featuredmedia":[{"embeddable":true,"href":"https:\/\/senabel.com\/sv\/wp-json\/wp\/v2\/media\/55067"}],"wp:attachment":[{"href":"https:\/\/senabel.com\/sv\/wp-json\/wp\/v2\/media?parent=55066"}],"wp:term":[{"taxonomy":"product_brand","embeddable":true,"href":"https:\/\/senabel.com\/sv\/wp-json\/wp\/v2\/product_brand?post=55066"},{"taxonomy":"product_cat","embeddable":true,"href":"https:\/\/senabel.com\/sv\/wp-json\/wp\/v2\/product_cat?post=55066"},{"taxonomy":"product_tag","embeddable":true,"href":"https:\/\/senabel.com\/sv\/wp-json\/wp\/v2\/product_tag?post=55066"}],"curies":[{"name":"wp","href":"https:\/\/api.w.org\/{rel}","templated":true}]}}