{"id":55060,"date":"2025-08-26T09:29:50","date_gmt":"2025-08-26T09:29:50","guid":{"rendered":"https:\/\/senabel.com\/?post_type=product&#038;p=55060"},"modified":"2026-02-10T16:01:03","modified_gmt":"2026-02-10T16:01:03","slug":"sura-blandade-notter","status":"publish","type":"product","link":"https:\/\/senabel.com\/sv\/product\/sour-mixed-nuts\/","title":{"rendered":"Sura smaksatta blandade n\u00f6tter"},"content":{"rendered":"<p data-start=\"93\" data-end=\"299\">Njut av en annorlunda upplevelse med <strong data-start=\"117\" data-end=\"150\">Sura smaksatta blandade n\u00f6tter<\/strong>Kombinerar en uts\u00f6kt krispighet med en uppfriskande smak f\u00f6r en unik smak. En lyxig blandning av de finaste rostade n\u00f6tterna med l\u00e4tta och uppfriskande smaker f\u00f6r att tillfredsst\u00e4lla alla smaker.<\/p>\n<p data-start=\"301\" data-end=\"321\"><strong data-start=\"301\" data-end=\"319\">Produktinformation:<\/strong><\/p>\n<ul data-start=\"322\" data-end=\"497\">\n<li data-start=\"322\" data-end=\"375\">\n<p data-start=\"324\" data-end=\"375\">Tillg\u00e4ngliga vikter: 500g - 900g - 1000g<\/p>\n<\/li>\n<li data-start=\"376\" data-end=\"434\">\n<p data-start=\"378\" data-end=\"434\">F\u00f6rpackningar: Luftt\u00e4t f\u00f6rpackning f\u00f6r att bevara smak och f\u00e4rskhet<\/p>\n<\/li>\n<\/ul>\n<p data-start=\"499\" data-end=\"541\"><strong data-start=\"499\" data-end=\"539\">Egenskaper f\u00f6r Sour Flavoured Mixed Nuts:<\/strong><\/p>\n<ul data-start=\"542\" data-end=\"761\">\n<li data-start=\"542\" data-end=\"599\">\n<p data-start=\"544\" data-end=\"599\">En lyxig blandning av noggrant rostade n\u00f6tter f\u00f6r kvalitet och smak.<\/p>\n<\/li>\n<li data-start=\"600\" data-end=\"652\">\n<p data-start=\"602\" data-end=\"652\">En uppfriskande syrlig smak som erbjuder en ny upplevelse f\u00f6r dem som gillar milj\u00f6ombyte.<\/p>\n<\/li>\n<li data-start=\"653\" data-end=\"713\">\n<p data-start=\"655\" data-end=\"713\">Perfekt som mellanm\u00e5l eller att servera till drinkar p\u00e5 evenemang.<\/p>\n<\/li>\n<li data-start=\"714\" data-end=\"761\">\n<p data-start=\"716\" data-end=\"761\">Praktisk f\u00f6rpackning som bevarar krispighet och smak l\u00e4ngre.<\/p>\n<\/li>\n<\/ul>\n<p data-start=\"763\" data-end=\"785\"><strong data-start=\"763\" data-end=\"783\">F\u00f6rvaringsanvisningar:<\/strong><\/p>\n<ul data-start=\"786\" data-end=\"917\">\n<li data-start=\"786\" data-end=\"844\">\n<p data-start=\"788\" data-end=\"844\">F\u00f6rvaras svalt, torrt och skyddat fr\u00e5n direkt solljus.<\/p>\n<\/li>\n<li data-start=\"845\" data-end=\"917\">\n<p data-start=\"847\" data-end=\"917\">F\u00f6rslut f\u00f6rpackningen efter varje anv\u00e4ndning f\u00f6r att bevara f\u00e4rskhet och krispighet.<\/p>\n<\/li>\n<\/ul>\n<p data-start=\"1000\" data-end=\"1085\">V\u00e4lj <strong data-start=\"1005\" data-end=\"1034\">Sura smaksatta blandade n\u00f6tter<\/strong> Det ger en uppfriskande och lyxig smak till ditt bord som alla kommer att \u00e4lska.<\/p>","protected":false},"excerpt":{"rendered":"<p>Njut av en annorlunda upplevelse med <strong data-start=\"117\" data-end=\"150\">Sura smaksatta blandade n\u00f6tter<\/strong>Kombinerar en uts\u00f6kt krispighet med en uppfriskande smak f\u00f6r en unik smak. En lyxig blandning av de finaste rostade n\u00f6tterna med l\u00e4tta och uppfriskande smaker f\u00f6r att tillfredsst\u00e4lla alla smaker.<\/p>","protected":false},"featured_media":55061,"template":"","meta":[],"product_brand":[],"product_cat":[308],"product_tag":[],"class_list":{"0":"post-55060","1":"product","2":"type-product","3":"status-publish","4":"has-post-thumbnail","6":"product_cat-308","8":"first","9":"instock","10":"taxable","11":"shipping-taxable","12":"purchasable","13":"product-type-variable"},"_links":{"self":[{"href":"https:\/\/senabel.com\/sv\/wp-json\/wp\/v2\/product\/55060","targetHints":{"allow":["GET"]}}],"collection":[{"href":"https:\/\/senabel.com\/sv\/wp-json\/wp\/v2\/product"}],"about":[{"href":"https:\/\/senabel.com\/sv\/wp-json\/wp\/v2\/types\/product"}],"version-history":[{"count":2,"href":"https:\/\/senabel.com\/sv\/wp-json\/wp\/v2\/product\/55060\/revisions"}],"predecessor-version":[{"id":55089,"href":"https:\/\/senabel.com\/sv\/wp-json\/wp\/v2\/product\/55060\/revisions\/55089"}],"wp:featuredmedia":[{"embeddable":true,"href":"https:\/\/senabel.com\/sv\/wp-json\/wp\/v2\/media\/55061"}],"wp:attachment":[{"href":"https:\/\/senabel.com\/sv\/wp-json\/wp\/v2\/media?parent=55060"}],"wp:term":[{"taxonomy":"product_brand","embeddable":true,"href":"https:\/\/senabel.com\/sv\/wp-json\/wp\/v2\/product_brand?post=55060"},{"taxonomy":"product_cat","embeddable":true,"href":"https:\/\/senabel.com\/sv\/wp-json\/wp\/v2\/product_cat?post=55060"},{"taxonomy":"product_tag","embeddable":true,"href":"https:\/\/senabel.com\/sv\/wp-json\/wp\/v2\/product_tag?post=55060"}],"curies":[{"name":"wp","href":"https:\/\/api.w.org\/{rel}","templated":true}]}}