{"id":55053,"date":"2025-08-26T09:33:24","date_gmt":"2025-08-26T09:33:24","guid":{"rendered":"https:\/\/senabel.com\/?post_type=product&#038;p=55053"},"modified":"2026-04-30T01:15:37","modified_gmt":"2026-04-30T01:15:37","slug":"blandade-notter-med-syrlig-och-het-smak","status":"publish","type":"product","link":"https:\/\/senabel.com\/sv\/product\/mixed-nuts-with-sour-and-hot-flavor\/","title":{"rendered":"N\u00f6tmix med sur och kryddig smak"},"content":{"rendered":"<p data-start=\"100\" data-end=\"304\">Upplev dj\u00e4rva smaker med <strong data-start=\"129\" data-end=\"169\">N\u00f6tmix med sur och kryddig smak<\/strong>Den kombinerar en l\u00e4cker crunch med uppfriskande kryddor f\u00f6r en balanserad smak som \u00e4r b\u00e5de skarp och salt. Perfekt f\u00f6r dig som \u00e4lskar starka och distinkta smaker.<\/p>\n<p data-start=\"306\" data-end=\"326\"><strong data-start=\"306\" data-end=\"324\">Produktinformation:<\/strong><\/p>\n<ul data-start=\"327\" data-end=\"508\">\n<li data-start=\"327\" data-end=\"380\">\n<p data-start=\"329\" data-end=\"380\">Tillg\u00e4ngliga vikter: 500g - 900g - 1000g<\/p>\n<\/li>\n<li data-start=\"381\" data-end=\"439\">\n<p data-start=\"383\" data-end=\"439\">F\u00f6rpackning: Luftt\u00e4t f\u00f6rpackning f\u00f6r att bevara smak och krispighet<\/p>\n<\/li>\n<\/ul>\n<p data-start=\"510\" data-end=\"559\"><strong data-start=\"510\" data-end=\"557\">Inneh\u00e5ller syrliga och kryddigt smaksatta mixade n\u00f6tter:<\/strong><\/p>\n<ul data-start=\"560\" data-end=\"794\">\n<li data-start=\"560\" data-end=\"629\">\n<p data-start=\"562\" data-end=\"629\">En lyxig blandning av omsorgsfullt rostade n\u00f6tter f\u00f6r en exceptionell smakupplevelse.<\/p>\n<\/li>\n<li data-start=\"630\" data-end=\"692\">\n<p data-start=\"632\" data-end=\"692\">En distinkt smak som blandar syrlighet och sk\u00e4rpa f\u00f6r att tillfredsst\u00e4lla dem som \u00e4lskar en stark smak.<\/p>\n<\/li>\n<li data-start=\"693\" data-end=\"754\">\n<p data-start=\"695\" data-end=\"754\">Perfekt att servera till drinkar eller som ett energipackat mellanm\u00e5l.<\/p>\n<\/li>\n<li data-start=\"755\" data-end=\"794\">\n<p data-start=\"757\" data-end=\"794\">Praktiska f\u00f6rpackningar som bevarar f\u00e4rskheten l\u00e4ngre.<\/p>\n<\/li>\n<\/ul>\n<p data-start=\"796\" data-end=\"818\"><strong data-start=\"796\" data-end=\"816\">F\u00f6rvaringsanvisningar:<\/strong><\/p>\n<ul data-start=\"819\" data-end=\"949\">\n<li data-start=\"819\" data-end=\"877\">\n<p data-start=\"821\" data-end=\"877\">F\u00f6rvaras svalt, torrt och skyddat fr\u00e5n direkt solljus.<\/p>\n<\/li>\n<li data-start=\"878\" data-end=\"949\">\n<p data-start=\"880\" data-end=\"949\">F\u00f6rslut f\u00f6rpackningen efter varje anv\u00e4ndning f\u00f6r att bevara krispigheten och smaken.<\/p>\n<\/li>\n<\/ul>\n<p data-start=\"1032\" data-end=\"1120\">V\u00e4lj <strong data-start=\"1037\" data-end=\"1073\">N\u00f6tmix med sur och kryddig smak<\/strong> Tillf\u00f6r en dj\u00e4rv, lyxig och of\u00f6rgl\u00f6mlig smak till ditt bord.<\/p>","protected":false},"excerpt":{"rendered":"<p>Upplev dj\u00e4rva smaker med <strong data-start=\"129\" data-end=\"169\">N\u00f6tmix med sur och kryddig smak<\/strong>Den kombinerar en l\u00e4cker crunch med uppfriskande kryddor f\u00f6r en balanserad smak som \u00e4r b\u00e5de skarp och salt. Perfekt f\u00f6r dig som \u00e4lskar starka och distinkta smaker.<\/p>","protected":false},"featured_media":55055,"template":"","meta":[],"product_brand":[],"product_cat":[308],"product_tag":[],"class_list":{"0":"post-55053","1":"product","2":"type-product","3":"status-publish","4":"has-post-thumbnail","6":"product_cat-308","8":"first","9":"instock","10":"taxable","11":"shipping-taxable","12":"purchasable","13":"product-type-variable"},"_links":{"self":[{"href":"https:\/\/senabel.com\/sv\/wp-json\/wp\/v2\/product\/55053","targetHints":{"allow":["GET"]}}],"collection":[{"href":"https:\/\/senabel.com\/sv\/wp-json\/wp\/v2\/product"}],"about":[{"href":"https:\/\/senabel.com\/sv\/wp-json\/wp\/v2\/types\/product"}],"version-history":[{"count":1,"href":"https:\/\/senabel.com\/sv\/wp-json\/wp\/v2\/product\/55053\/revisions"}],"predecessor-version":[{"id":55059,"href":"https:\/\/senabel.com\/sv\/wp-json\/wp\/v2\/product\/55053\/revisions\/55059"}],"wp:featuredmedia":[{"embeddable":true,"href":"https:\/\/senabel.com\/sv\/wp-json\/wp\/v2\/media\/55055"}],"wp:attachment":[{"href":"https:\/\/senabel.com\/sv\/wp-json\/wp\/v2\/media?parent=55053"}],"wp:term":[{"taxonomy":"product_brand","embeddable":true,"href":"https:\/\/senabel.com\/sv\/wp-json\/wp\/v2\/product_brand?post=55053"},{"taxonomy":"product_cat","embeddable":true,"href":"https:\/\/senabel.com\/sv\/wp-json\/wp\/v2\/product_cat?post=55053"},{"taxonomy":"product_tag","embeddable":true,"href":"https:\/\/senabel.com\/sv\/wp-json\/wp\/v2\/product_tag?post=55053"}],"curies":[{"name":"wp","href":"https:\/\/api.w.org\/{rel}","templated":true}]}}