{"id":55046,"date":"2025-08-26T09:33:17","date_gmt":"2025-08-26T09:33:17","guid":{"rendered":"https:\/\/senabel.com\/?post_type=product&#038;p=55046"},"modified":"2026-05-12T10:53:20","modified_gmt":"2026-05-12T10:53:20","slug":"blandade-notter-med-ostsmak","status":"publish","type":"product","link":"https:\/\/senabel.com\/sv\/product\/cheese-flavored-mixed-nuts\/","title":{"rendered":"Blandade n\u00f6tter med ostsmak"},"content":{"rendered":"<p data-start=\"93\" data-end=\"325\">Njut av en rik och distinkt smak med <strong data-start=\"119\" data-end=\"152\">Blandade n\u00f6tter med ostsmak<\/strong>De kombinerar en uts\u00f6kt krispighet med rika smaker och \u00e4r den perfekta f\u00f6ljeslagaren vid sammankomster och evenemang. En lyxig blandning av de finaste rostade n\u00f6tterna \u00f6verdragna med ostpulver f\u00f6r att tillfredsst\u00e4lla alla smaker.<\/p>\n<p data-start=\"327\" data-end=\"347\"><strong data-start=\"327\" data-end=\"345\">Produktinformation:<\/strong><\/p>\n<ul data-start=\"348\" data-end=\"528\">\n<li data-start=\"348\" data-end=\"401\">\n<p data-start=\"350\" data-end=\"401\">Tillg\u00e4ngliga vikter: 500g - 900g - 1000g<\/p>\n<\/li>\n<li data-start=\"402\" data-end=\"460\">\n<p data-start=\"404\" data-end=\"460\">F\u00f6rpackning: Luftt\u00e4t f\u00f6rpackning f\u00f6r att bevara smak och krispighet<\/p>\n<\/li>\n<\/ul>\n<p data-start=\"530\" data-end=\"572\"><strong data-start=\"530\" data-end=\"570\">Egenskaper f\u00f6r Blandade n\u00f6tter med ostsmak:<\/strong><\/p>\n<ul data-start=\"573\" data-end=\"792\">\n<li data-start=\"573\" data-end=\"636\">\n<p data-start=\"575\" data-end=\"636\">En varierad blandning av noggrant rostade n\u00f6tter f\u00f6r oemotst\u00e5ndlig kvalitet och smak.<\/p>\n<\/li>\n<li data-start=\"637\" data-end=\"691\">\n<p data-start=\"639\" data-end=\"691\">Ett l\u00e4tt lager av ostsmak ger en uts\u00f6kt och innovativ twist.<\/p>\n<\/li>\n<li data-start=\"692\" data-end=\"752\">\n<p data-start=\"694\" data-end=\"752\">Perfekt att servera vid evenemang eller som ett energirikt mellanm\u00e5l.<\/p>\n<\/li>\n<li data-start=\"753\" data-end=\"792\">\n<p data-start=\"755\" data-end=\"792\">Praktiska f\u00f6rpackningar som bevarar f\u00e4rskheten l\u00e4ngre.<\/p>\n<\/li>\n<\/ul>\n<p data-start=\"794\" data-end=\"816\"><strong data-start=\"794\" data-end=\"814\">F\u00f6rvaringsanvisningar:<\/strong><\/p>\n<ul data-start=\"817\" data-end=\"947\">\n<li data-start=\"817\" data-end=\"875\">\n<p data-start=\"819\" data-end=\"875\">F\u00f6rvaras svalt, torrt och skyddat fr\u00e5n direkt solljus.<\/p>\n<\/li>\n<li data-start=\"876\" data-end=\"947\">\n<p data-start=\"878\" data-end=\"947\">F\u00f6rslut f\u00f6rpackningen efter varje anv\u00e4ndning f\u00f6r att bevara krispigheten och smaken.<\/p>\n<\/li>\n<\/ul>\n<p data-start=\"1030\" data-end=\"1127\">V\u00e4lj <strong data-start=\"1035\" data-end=\"1064\">Blandade n\u00f6tter med ostsmak<\/strong> Det \u00e4r den perfekta kombinationen av krispighet och fyllig smak.<\/p>","protected":false},"excerpt":{"rendered":"<p>Njut av en rik och distinkt smak med <strong data-start=\"119\" data-end=\"152\">Blandade n\u00f6tter med ostsmak<\/strong>De kombinerar en uts\u00f6kt krispighet med rika smaker och \u00e4r den perfekta f\u00f6ljeslagaren vid sammankomster och evenemang. En lyxig blandning av de finaste rostade n\u00f6tterna \u00f6verdragna med ostpulver f\u00f6r att tillfredsst\u00e4lla alla smaker.<\/p>","protected":false},"featured_media":55047,"template":"","meta":[],"product_brand":[],"product_cat":[308],"product_tag":[],"class_list":{"0":"post-55046","1":"product","2":"type-product","3":"status-publish","4":"has-post-thumbnail","6":"product_cat-308","8":"first","9":"instock","10":"taxable","11":"shipping-taxable","12":"purchasable","13":"product-type-variable"},"_links":{"self":[{"href":"https:\/\/senabel.com\/sv\/wp-json\/wp\/v2\/product\/55046","targetHints":{"allow":["GET"]}}],"collection":[{"href":"https:\/\/senabel.com\/sv\/wp-json\/wp\/v2\/product"}],"about":[{"href":"https:\/\/senabel.com\/sv\/wp-json\/wp\/v2\/types\/product"}],"version-history":[{"count":4,"href":"https:\/\/senabel.com\/sv\/wp-json\/wp\/v2\/product\/55046\/revisions"}],"predecessor-version":[{"id":60971,"href":"https:\/\/senabel.com\/sv\/wp-json\/wp\/v2\/product\/55046\/revisions\/60971"}],"wp:featuredmedia":[{"embeddable":true,"href":"https:\/\/senabel.com\/sv\/wp-json\/wp\/v2\/media\/55047"}],"wp:attachment":[{"href":"https:\/\/senabel.com\/sv\/wp-json\/wp\/v2\/media?parent=55046"}],"wp:term":[{"taxonomy":"product_brand","embeddable":true,"href":"https:\/\/senabel.com\/sv\/wp-json\/wp\/v2\/product_brand?post=55046"},{"taxonomy":"product_cat","embeddable":true,"href":"https:\/\/senabel.com\/sv\/wp-json\/wp\/v2\/product_cat?post=55046"},{"taxonomy":"product_tag","embeddable":true,"href":"https:\/\/senabel.com\/sv\/wp-json\/wp\/v2\/product_tag?post=55046"}],"curies":[{"name":"wp","href":"https:\/\/api.w.org\/{rel}","templated":true}]}}